{"id":940,"date":"2025-07-31T15:14:34","date_gmt":"2025-07-31T13:14:34","guid":{"rendered":"https:\/\/laurentchani.com\/?page_id=940"},"modified":"2025-09-14T13:48:45","modified_gmt":"2025-09-14T11:48:45","slug":"newsletter-contacts","status":"publish","type":"page","link":"https:\/\/laurentchani.fr\/en\/contacts-newsletter\/","title":{"rendered":"Contacts \/ Newsletter"},"content":{"rendered":"<figure class=\"wp-block-image aligncenter size-medium\"><a href=\"https:\/\/laurentchani.fr\/wp-content\/uploads\/2025\/07\/big-daddy-32-1.jpg\"><img loading=\"lazy\" decoding=\"async\" width=\"300\" height=\"200\" src=\"https:\/\/laurentchani.fr\/wp-content\/uploads\/2025\/07\/big-daddy-32-1-300x200.jpg\" alt=\"A mail carrier hands letters to a smiling man holding a newspaper titled \u201cNewsletter Laurent Chani\u201d; this is the science fiction novelist in the photo.\" class=\"wp-image-949\" srcset=\"https:\/\/laurentchani.fr\/wp-content\/uploads\/2025\/07\/big-daddy-32-1-300x200.jpg 300w, https:\/\/laurentchani.fr\/wp-content\/uploads\/2025\/07\/big-daddy-32-1-18x12.jpg 18w, https:\/\/laurentchani.fr\/wp-content\/uploads\/2025\/07\/big-daddy-32-1.jpg 768w\" sizes=\"auto, (max-width: 300px) 100vw, 300px\" \/><\/a><\/figure>\n\n\n\n<p class=\"has-text-align-left has-medium-font-size\">THE <strong>direct contact<\/strong> with my readers is essential: it brings my words to life and nourishes my imagination. This is why I have offered two spaces for exchange: one <strong>newsletter<\/strong>, simple and regular, and a <strong>contact page<\/strong>.<\/p>\n\n\n\n<p class=\"has-text-align-left has-medium-font-size\"><br>There <strong>newsletter<\/strong> will allow you to follow my publications, my thoughts and the progress of my projects \u2014 a privileged link, far from algorithms and saturated networks.<\/p>\n\n\n\n<p class=\"has-text-align-left has-medium-font-size\"><br>There <strong>contact page<\/strong> will allow you to share your impressions with me as well as any suggestions you would like to share.<\/p>\n\n\n\n<div class=\"wp-block-columns has-contrast-3-color has-text-color has-link-color wp-elements-44a514ef56e0ffb4deceb5a215477060 is-layout-flex wp-container-core-columns-is-layout-1a2ddb66 wp-block-columns-is-layout-flex\" style=\"border-width:1px;border-radius:14px;padding-right:var(--wp--preset--spacing--30);padding-left:var(--wp--preset--spacing--30)\">\n<div class=\"wp-block-column is-layout-flow wp-block-column-is-layout-flow\">\n<h2 class=\"wp-block-heading has-text-align-center\"><a href=\"https:\/\/laurentchani.fr\/en\/newsletter-subscription-form\/\">Newsletter<\/a><\/h2>\n\n\n\n<figure class=\"wp-block-image aligncenter size-full is-resized\"><a href=\"https:\/\/laurentchani.wordpress.com\/wp-content\/uploads\/2025\/07\/big-daddy-27-1.jpg\"><img decoding=\"async\" src=\"https:\/\/laurentchani.wordpress.com\/wp-content\/uploads\/2025\/07\/big-daddy-27-1.jpg\" alt=\"\" class=\"wp-image-943\" style=\"object-fit:contain;width:150px;height:150px\"\/><\/a><\/figure>\n\n\n\n<div class=\"wp-block-buttons is-content-justification-center is-layout-flex wp-container-core-buttons-is-layout-9755a10f wp-block-buttons-is-layout-flex\" style=\"padding-right:var(--wp--preset--spacing--10);padding-left:var(--wp--preset--spacing--10)\">\n<div class=\"wp-block-button\"><a class=\"wp-block-button__link has-accent-5-color has-base-2-background-color has-text-color has-background has-link-color has-text-align-center wp-element-button\" href=\"https:\/\/laurentchani.fr\/en\/newsletter-subscription-form\/\" style=\"border-radius:14px;padding-right:var(--wp--preset--spacing--10);padding-left:var(--wp--preset--spacing--10)\">Subscribe to the author&#039;s newsletter<\/a><\/div>\n<\/div>\n\n\n\n<p><\/p>\n<\/div>\n\n\n\n<div class=\"wp-block-column is-layout-flow wp-block-column-is-layout-flow\">\n<h2 class=\"wp-block-heading has-text-align-center\"><a href=\"https:\/\/laurentchani.fr\/en\/contact-me\/\">Contact me<\/a><\/h2>\n\n\n\n<figure class=\"wp-block-image aligncenter size-full is-resized has-custom-border\"><a href=\"https:\/\/laurentchani.wordpress.com\/wp-content\/uploads\/2025\/08\/big-daddy-28.jpg\"><img decoding=\"async\" src=\"https:\/\/laurentchani.wordpress.com\/wp-content\/uploads\/2025\/08\/big-daddy-28.jpg\" alt=\"\" class=\"wp-image-1039\" style=\"border-radius:14px;width:150px\"\/><\/a><\/figure>\n\n\n\n<div class=\"wp-block-buttons is-content-justification-center is-layout-flex wp-container-core-buttons-is-layout-9755a10f wp-block-buttons-is-layout-flex\" style=\"padding-right:var(--wp--preset--spacing--10);padding-left:var(--wp--preset--spacing--10)\">\n<div class=\"wp-block-button\"><a class=\"wp-block-button__link has-accent-5-color has-base-2-background-color has-text-color has-background has-link-color wp-element-button\" href=\"https:\/\/laurentchani.fr\/en\/contact-me\/\" style=\"border-radius:14px;padding-right:var(--wp--preset--spacing--10);padding-left:var(--wp--preset--spacing--10)\">Contact the author<\/a><\/div>\n<\/div>\n<\/div>\n<\/div>","protected":false},"excerpt":{"rendered":"<p>Le contact direct avec mes lecteurs est essentiel : il donne vie \u00e0 mes mots et nourrit mon imaginaire. C\u2019est pour cela que j\u2019ai propos\u00e9 deux espaces d\u2019\u00e9change : une newsletter, simple et r\u00e9guli\u00e8re, et une page de contact. La newsletter vous permettra de suivre mes publications, mes r\u00e9flexions et l\u2019avanc\u00e9e de mes projets \u2014 [&hellip;]<\/p>\n","protected":false},"author":1,"featured_media":949,"parent":0,"menu_order":0,"comment_status":"closed","ping_status":"closed","template":"","meta":{"_uag_custom_page_level_css":"","footnotes":""},"class_list":["post-940","page","type-page","status-publish","has-post-thumbnail","hentry"],"blocksy_meta":[],"uagb_featured_image_src":{"full":["https:\/\/laurentchani.fr\/wp-content\/uploads\/2025\/07\/big-daddy-32-1.jpg",768,512,false],"thumbnail":["https:\/\/laurentchani.fr\/wp-content\/uploads\/2025\/07\/big-daddy-32-1-150x150.jpg",150,150,true],"medium":["https:\/\/laurentchani.fr\/wp-content\/uploads\/2025\/07\/big-daddy-32-1-300x200.jpg",300,200,true],"medium_large":["https:\/\/laurentchani.fr\/wp-content\/uploads\/2025\/07\/big-daddy-32-1.jpg",768,512,false],"large":["https:\/\/laurentchani.fr\/wp-content\/uploads\/2025\/07\/big-daddy-32-1.jpg",768,512,false],"1536x1536":["https:\/\/laurentchani.fr\/wp-content\/uploads\/2025\/07\/big-daddy-32-1.jpg",768,512,false],"2048x2048":["https:\/\/laurentchani.fr\/wp-content\/uploads\/2025\/07\/big-daddy-32-1.jpg",768,512,false],"trp-custom-language-flag":["https:\/\/laurentchani.fr\/wp-content\/uploads\/2025\/07\/big-daddy-32-1-18x12.jpg",18,12,true],"mailpoet_newsletter_max":["https:\/\/laurentchani.fr\/wp-content\/uploads\/2025\/07\/big-daddy-32-1.jpg",768,512,false]},"uagb_author_info":{"display_name":"admin5261","author_link":"https:\/\/laurentchani.fr\/en\/author\/admin5261\/"},"uagb_comment_info":0,"uagb_excerpt":"Le contact direct avec mes lecteurs est essentiel : il donne vie \u00e0 mes mots et nourrit mon imaginaire. C\u2019est pour cela que j\u2019ai propos\u00e9 deux espaces d\u2019\u00e9change : une newsletter, simple et r\u00e9guli\u00e8re, et une page de contact. La newsletter vous permettra de suivre mes publications, mes r\u00e9flexions et l\u2019avanc\u00e9e de mes projets \u2014&hellip;","_links":{"self":[{"href":"https:\/\/laurentchani.fr\/en\/wp-json\/wp\/v2\/pages\/940","targetHints":{"allow":["GET"]}}],"collection":[{"href":"https:\/\/laurentchani.fr\/en\/wp-json\/wp\/v2\/pages"}],"about":[{"href":"https:\/\/laurentchani.fr\/en\/wp-json\/wp\/v2\/types\/page"}],"author":[{"embeddable":true,"href":"https:\/\/laurentchani.fr\/en\/wp-json\/wp\/v2\/users\/1"}],"replies":[{"embeddable":true,"href":"https:\/\/laurentchani.fr\/en\/wp-json\/wp\/v2\/comments?post=940"}],"version-history":[{"count":11,"href":"https:\/\/laurentchani.fr\/en\/wp-json\/wp\/v2\/pages\/940\/revisions"}],"predecessor-version":[{"id":4052,"href":"https:\/\/laurentchani.fr\/en\/wp-json\/wp\/v2\/pages\/940\/revisions\/4052"}],"wp:featuredmedia":[{"embeddable":true,"href":"https:\/\/laurentchani.fr\/en\/wp-json\/wp\/v2\/media\/949"}],"wp:attachment":[{"href":"https:\/\/laurentchani.fr\/en\/wp-json\/wp\/v2\/media?parent=940"}],"curies":[{"name":"wp","href":"https:\/\/api.w.org\/{rel}","templated":true}]}}