{"id":931,"date":"2025-07-31T15:01:32","date_gmt":"2025-07-31T13:01:32","guid":{"rendered":"https:\/\/laurentchani.com\/?page_id=931"},"modified":"2025-09-14T13:50:52","modified_gmt":"2025-09-14T11:50:52","slug":"decors","status":"publish","type":"page","link":"https:\/\/laurentchani.fr\/en\/decors\/","title":{"rendered":"Decors"},"content":{"rendered":"\n<figure class=\"wp-block-image aligncenter size-medium\"><a href=\"https:\/\/laurentchani.fr\/wp-content\/uploads\/2025\/07\/salle-de-conference-01.jpg\"><img loading=\"lazy\" decoding=\"async\" width=\"300\" height=\"300\" src=\"https:\/\/laurentchani.fr\/wp-content\/uploads\/2025\/07\/salle-de-conference-01-300x300.jpg\" alt=\"Visualisation d'un d\u00e9cor g\u00e9n\u00e9r\u00e9 par une intelligence artificielle ( IA - AI ) du 1er roman de l'auteur. Design sommaire de la salle de Conf\u00e9rence\" class=\"wp-image-634\" srcset=\"https:\/\/laurentchani.fr\/wp-content\/uploads\/2025\/07\/salle-de-conference-01-300x300.jpg 300w, https:\/\/laurentchani.fr\/wp-content\/uploads\/2025\/07\/salle-de-conference-01-150x150.jpg 150w, https:\/\/laurentchani.fr\/wp-content\/uploads\/2025\/07\/salle-de-conference-01-12x12.jpg 12w, https:\/\/laurentchani.fr\/wp-content\/uploads\/2025\/07\/salle-de-conference-01.jpg 512w\" sizes=\"auto, (max-width: 300px) 100vw, 300px\" \/><\/a><\/figure>\n\n\n\n<p class=\"has-text-align-justify has-medium-font-size\">Le premier ouvrage que je m\u2019appr\u00eate \u00e0 publier s\u2019inscrit dans un <strong>cadre singulier<\/strong>, soigneusement fa\u00e7onn\u00e9 pour \u00e9veiller la curiosit\u00e9. Pour en offrir un avant-go\u00fbt, je partage d\u00e8s \u00e0 pr\u00e9sent quelques <strong>illustrations<\/strong> qui en esquissent l\u2019atmosph\u00e8re. Elles laissent entrevoir la <strong>richesse<\/strong> et l\u2019<strong>originalit\u00e9<\/strong> d\u2019un univers hors du commun, con\u00e7u pour intriguer autant que s\u00e9duire. Cependant, le lieu pr\u00e9cis et l\u2019intrigue demeurent volontairement dissimul\u00e9s, afin de pr\u00e9server le <strong>myst\u00e8re<\/strong>. Le lecteur est ainsi invit\u00e9 \u00e0 contempler ces <strong>fragments visuels<\/strong> comme les pr\u00e9mices d\u2019une d\u00e9couverte \u00e0 venir.<\/p>\n\n\n\n<hr class=\"wp-block-separator has-alpha-channel-opacity\"\/>\n\n\n\n<div class=\"wp-block-query is-layout-constrained wp-block-query-is-layout-constrained\">\n<div class=\"wp-block-group is-layout-flow wp-block-group-is-layout-flow\" style=\"margin-top:0;margin-bottom:0;padding-top:0;padding-right:0;padding-bottom:0;padding-left:0\"><ul class=\"alignfull wp-block-post-template is-layout-flow wp-container-core-post-template-is-layout-b377334a wp-block-post-template-is-layout-flow\"><li class=\"wp-block-post post-633 post type-post status-publish format-standard has-post-thumbnail hentry category-decors category-ia\">\n<figure style=\"aspect-ratio:3\/2;width:150px;height:150px; margin-bottom:var(--wp--preset--spacing--10);\" class=\"wp-block-post-featured-image\"><a href=\"https:\/\/laurentchani.fr\/en\/salle-de-conference-01\/\" target=\"_self\"  style=\"height:150px\"><img loading=\"lazy\" decoding=\"async\" width=\"512\" height=\"768\" src=\"https:\/\/laurentchani.fr\/wp-content\/uploads\/2025\/07\/salle-de-conference-05.jpg\" class=\"attachment-post-thumbnail size-post-thumbnail wp-post-image\" alt=\"L&rsquo;optimisation d&rsquo;image par l&rsquo;IA\" style=\"width:100%;height:100%;object-fit:contain;\" srcset=\"https:\/\/laurentchani.fr\/wp-content\/uploads\/2025\/07\/salle-de-conference-05.jpg 512w, https:\/\/laurentchani.fr\/wp-content\/uploads\/2025\/07\/salle-de-conference-05-200x300.jpg 200w, https:\/\/laurentchani.fr\/wp-content\/uploads\/2025\/07\/salle-de-conference-05-8x12.jpg 8w\" sizes=\"auto, (max-width: 512px) 100vw, 512px\" \/><\/a><\/figure>\n\n\n<div class=\"wp-block-group is-vertical is-nowrap is-layout-flex wp-container-core-group-is-layout-9bc6ff26 wp-block-group-is-layout-flex\"><h2 style=\"margin-bottom:0;\" class=\"wp-block-post-title has-x-large-font-size\"><a href=\"https:\/\/laurentchani.fr\/en\/salle-de-conference-01\/\" target=\"_self\" >L&rsquo;optimisation d&rsquo;image par l&rsquo;IA<\/a><\/h2>\n\n\n\n<div class=\"wp-block-post-excerpt has-small-font-size\"><p class=\"wp-block-post-excerpt__excerpt\">Pour enrichir l\u2019univers de mon travail d\u2019auteur et lui donner une consistance visuelle, j\u2019ai voulu tester les performances des g\u00e9n\u00e9rateurs d\u2019images IA. Je dois admettre que le r\u00e9sultat, au premier abord, est bluffant de qualit\u00e9 et de r\u00e9alisme, et qu\u2019il s\u2019approche des sc\u00e8nes que j\u2019ai en t\u00eate. Mais d\u00e8s qu\u2019on creuse davantage, il devient difficile&hellip; <\/p><\/div>\n\n\n<div style=\"height:0px\" aria-hidden=\"true\" class=\"wp-block-spacer wp-container-content-32e3a40d\"><\/div>\n<\/div>\n\n<\/li><li class=\"wp-block-post post-615 post type-post status-publish format-standard has-post-thumbnail hentry category-decors category-extraits\">\n<figure style=\"aspect-ratio:3\/2;width:150px;height:150px; margin-bottom:var(--wp--preset--spacing--10);\" class=\"wp-block-post-featured-image\"><a href=\"https:\/\/laurentchani.fr\/en\/extrait-description-de-la-salle-de-conference\/\" target=\"_self\"  style=\"height:150px\"><img loading=\"lazy\" decoding=\"async\" width=\"512\" height=\"512\" src=\"https:\/\/laurentchani.fr\/wp-content\/uploads\/2025\/07\/salle-de-conference-03-2.jpg\" class=\"attachment-post-thumbnail size-post-thumbnail wp-post-image\" alt=\"Extrait : La salle de conf\u00e9rence\" style=\"width:100%;height:100%;object-fit:contain;\" srcset=\"https:\/\/laurentchani.fr\/wp-content\/uploads\/2025\/07\/salle-de-conference-03-2.jpg 512w, https:\/\/laurentchani.fr\/wp-content\/uploads\/2025\/07\/salle-de-conference-03-2-300x300.jpg 300w, https:\/\/laurentchani.fr\/wp-content\/uploads\/2025\/07\/salle-de-conference-03-2-150x150.jpg 150w, https:\/\/laurentchani.fr\/wp-content\/uploads\/2025\/07\/salle-de-conference-03-2-12x12.jpg 12w\" sizes=\"auto, (max-width: 512px) 100vw, 512px\" \/><\/a><\/figure>\n\n\n<div class=\"wp-block-group is-vertical is-nowrap is-layout-flex wp-container-core-group-is-layout-9bc6ff26 wp-block-group-is-layout-flex\"><h2 style=\"margin-bottom:0;\" class=\"wp-block-post-title has-x-large-font-size\"><a href=\"https:\/\/laurentchani.fr\/en\/extrait-description-de-la-salle-de-conference\/\" target=\"_self\" >Extrait : La salle de conf\u00e9rence<\/a><\/h2>\n\n\n\n<div class=\"wp-block-post-excerpt has-small-font-size\"><p class=\"wp-block-post-excerpt__excerpt\">[\u2026] \u00c0 l\u2019\u00e9tage inf\u00e9rieur se trouvait la fameuse salle de conf\u00e9rence, con\u00e7ue pour que tous les D\u00e9l\u00e9gu\u00e9s puissent participer aux futures r\u00e9unions. Elle se composait de trois demi-\u00e9tages dispos\u00e9s en gradins, offrant une vue plongeante sur le centre de la salle. Chaque niveau comportait douze vastes tables dispos\u00e9es en arc de cercle. \u00c0 chacune \u00e9taient&hellip; <\/p><\/div>\n\n\n<div style=\"height:0px\" aria-hidden=\"true\" class=\"wp-block-spacer wp-container-content-32e3a40d\"><\/div>\n<\/div>\n\n<\/li><li class=\"wp-block-post post-585 post type-post status-publish format-standard has-post-thumbnail hentry category-decors\">\n<figure style=\"aspect-ratio:3\/2;width:150px;height:150px; margin-bottom:var(--wp--preset--spacing--10);\" class=\"wp-block-post-featured-image\"><a href=\"https:\/\/laurentchani.fr\/en\/bunker-palace-02\/\" target=\"_self\"  style=\"height:150px\"><img loading=\"lazy\" decoding=\"async\" width=\"512\" height=\"768\" src=\"https:\/\/laurentchani.fr\/wp-content\/uploads\/@Bunker-Palace-02-2.jpg\" class=\"attachment-post-thumbnail size-post-thumbnail wp-post-image\" alt=\"Bunker Palace coupe isom\u00e9trique\" style=\"width:100%;height:100%;object-fit:contain;\" srcset=\"https:\/\/laurentchani.fr\/wp-content\/uploads\/@Bunker-Palace-02-2.jpg 512w, https:\/\/laurentchani.fr\/wp-content\/uploads\/@Bunker-Palace-02-2-200x300.jpg 200w, https:\/\/laurentchani.fr\/wp-content\/uploads\/@Bunker-Palace-02-2-8x12.jpg 8w\" sizes=\"auto, (max-width: 512px) 100vw, 512px\" \/><\/a><\/figure>\n\n\n<div class=\"wp-block-group is-vertical is-nowrap is-layout-flex wp-container-core-group-is-layout-9bc6ff26 wp-block-group-is-layout-flex\"><h2 style=\"margin-bottom:0;\" class=\"wp-block-post-title has-x-large-font-size\"><a href=\"https:\/\/laurentchani.fr\/en\/bunker-palace-02\/\" target=\"_self\" >Bunker Palace coupe isom\u00e9trique<\/a><\/h2>\n\n\n\n<div class=\"wp-block-post-excerpt has-small-font-size\"><p class=\"wp-block-post-excerpt__excerpt\">Ce b\u00e2timent, \u00e0 la coupe architecturale d\u00e9taill\u00e9e, d\u00e9voile une organisation interne parfaitement structur\u00e9e, pens\u00e9e pour conjuguer luxe et fonctionnalit\u00e9. \u00c0 la base, la vaste salle d\u2019entr\u00e9e impose par ses colonnes et ses volumes g\u00e9n\u00e9reux, annon\u00e7ant imm\u00e9diatement le raffinement des lieux. Au-dessus, plusieurs \u00e9tages sont r\u00e9serv\u00e9s aux espaces d\u00e9di\u00e9s au personnel, signe d\u2019une logistique bien huil\u00e9e&hellip; <\/p><\/div>\n\n\n<div style=\"height:0px\" aria-hidden=\"true\" class=\"wp-block-spacer wp-container-content-32e3a40d\"><\/div>\n<\/div>\n\n<\/li><li class=\"wp-block-post post-582 post type-post status-publish format-standard has-post-thumbnail hentry category-decors\">\n<figure style=\"aspect-ratio:3\/2;width:150px;height:150px; margin-bottom:var(--wp--preset--spacing--10);\" class=\"wp-block-post-featured-image\"><a href=\"https:\/\/laurentchani.fr\/en\/bunker-palace-01\/\" target=\"_self\"  style=\"height:150px\"><img loading=\"lazy\" decoding=\"async\" width=\"512\" height=\"512\" src=\"https:\/\/laurentchani.fr\/wp-content\/uploads\/2025\/07\/bunker-palace-01.jpg\" class=\"attachment-post-thumbnail size-post-thumbnail wp-post-image\" alt=\"Bunker Palace perspective.\" style=\"width:100%;height:100%;object-fit:contain;\" srcset=\"https:\/\/laurentchani.fr\/wp-content\/uploads\/2025\/07\/bunker-palace-01.jpg 512w, https:\/\/laurentchani.fr\/wp-content\/uploads\/2025\/07\/bunker-palace-01-300x300.jpg 300w, https:\/\/laurentchani.fr\/wp-content\/uploads\/2025\/07\/bunker-palace-01-150x150.jpg 150w, https:\/\/laurentchani.fr\/wp-content\/uploads\/2025\/07\/bunker-palace-01-12x12.jpg 12w\" sizes=\"auto, (max-width: 512px) 100vw, 512px\" \/><\/a><\/figure>\n\n\n<div class=\"wp-block-group is-vertical is-nowrap is-layout-flex wp-container-core-group-is-layout-9bc6ff26 wp-block-group-is-layout-flex\"><h2 style=\"margin-bottom:0;\" class=\"wp-block-post-title has-x-large-font-size\"><a href=\"https:\/\/laurentchani.fr\/en\/bunker-palace-01\/\" target=\"_self\" >Bunker Palace perspective.<\/a><\/h2>\n\n\n\n<div class=\"wp-block-post-excerpt has-small-font-size\"><p class=\"wp-block-post-excerpt__excerpt\">Ce b\u00e2timent se d\u00e9ploie en plusieurs niveaux, chacun soigneusement pens\u00e9 pour r\u00e9pondre \u00e0 une fonction pr\u00e9cise. Le rez-de-chauss\u00e9e, vaste et structur\u00e9, accueille la salle d\u2019accueil, un espace qui sert d\u2019acc\u00e8s principal et de zone de transition, o\u00f9 circulent r\u00e9sidents et personnel. Au-dessus, des \u00e9tages sont consacr\u00e9s aux services internes : espaces r\u00e9serv\u00e9s au personnel, cuisines&hellip; <\/p><\/div>\n\n\n<div style=\"height:0px\" aria-hidden=\"true\" class=\"wp-block-spacer wp-container-content-32e3a40d\"><\/div>\n<\/div>\n\n<\/li><\/ul>\n\n<nav class=\"wp-block-query-pagination is-content-justification-space-between is-layout-flex wp-container-core-query-pagination-is-layout-b2891da8 wp-block-query-pagination-is-layout-flex\" aria-label=\"Pagination\">\n\n\n<div class=\"wp-block-query-pagination-numbers\"><span aria-current=\"page\" class=\"page-numbers current\">1<\/span>\n<a class=\"page-numbers\" href=\"?query-16-page=2\">2<\/a><\/div>\n\n<a href=\"\/en\/wp-json\/wp\/v2\/pages\/931?query-16-page=2\" class=\"wp-block-query-pagination-next\">Next Page<span class='wp-block-query-pagination-next-arrow is-arrow-arrow' aria-hidden='true'>\u2192<\/span><\/a>\n<\/nav><\/div>\n<\/div>\n","protected":false},"excerpt":{"rendered":"<p>Le premier ouvrage que je m\u2019appr\u00eate \u00e0 publier s\u2019inscrit dans un cadre singulier, soigneusement fa\u00e7onn\u00e9 pour \u00e9veiller la curiosit\u00e9. Pour en offrir un avant-go\u00fbt, je partage d\u00e8s \u00e0 pr\u00e9sent quelques illustrations qui en esquissent l\u2019atmosph\u00e8re. Elles laissent entrevoir la richesse et l\u2019originalit\u00e9 d\u2019un univers hors du commun, con\u00e7u pour intriguer autant que s\u00e9duire. Cependant, le [&hellip;]<\/p>\n","protected":false},"author":2,"featured_media":634,"parent":0,"menu_order":0,"comment_status":"closed","ping_status":"closed","template":"","meta":{"_uag_custom_page_level_css":"","footnotes":""},"class_list":["post-931","page","type-page","status-publish","has-post-thumbnail","hentry"],"blocksy_meta":[],"uagb_featured_image_src":{"full":["https:\/\/laurentchani.fr\/wp-content\/uploads\/2025\/07\/salle-de-conference-01.jpg",512,512,false],"thumbnail":["https:\/\/laurentchani.fr\/wp-content\/uploads\/2025\/07\/salle-de-conference-01-150x150.jpg",150,150,true],"medium":["https:\/\/laurentchani.fr\/wp-content\/uploads\/2025\/07\/salle-de-conference-01-300x300.jpg",300,300,true],"medium_large":["https:\/\/laurentchani.fr\/wp-content\/uploads\/2025\/07\/salle-de-conference-01.jpg",512,512,false],"large":["https:\/\/laurentchani.fr\/wp-content\/uploads\/2025\/07\/salle-de-conference-01.jpg",512,512,false],"1536x1536":["https:\/\/laurentchani.fr\/wp-content\/uploads\/2025\/07\/salle-de-conference-01.jpg",512,512,false],"2048x2048":["https:\/\/laurentchani.fr\/wp-content\/uploads\/2025\/07\/salle-de-conference-01.jpg",512,512,false],"trp-custom-language-flag":["https:\/\/laurentchani.fr\/wp-content\/uploads\/2025\/07\/salle-de-conference-01-12x12.jpg",12,12,true],"mailpoet_newsletter_max":["https:\/\/laurentchani.fr\/wp-content\/uploads\/2025\/07\/salle-de-conference-01.jpg",512,512,false]},"uagb_author_info":{"display_name":"Laurent CHANI","author_link":"https:\/\/laurentchani.fr\/en\/author\/laurentchojnowski970fe415b2\/"},"uagb_comment_info":0,"uagb_excerpt":"Le premier ouvrage que je m\u2019appr\u00eate \u00e0 publier s\u2019inscrit dans un cadre singulier, soigneusement fa\u00e7onn\u00e9 pour \u00e9veiller la curiosit\u00e9. Pour en offrir un avant-go\u00fbt, je partage d\u00e8s \u00e0 pr\u00e9sent quelques illustrations qui en esquissent l\u2019atmosph\u00e8re. Elles laissent entrevoir la richesse et l\u2019originalit\u00e9 d\u2019un univers hors du commun, con\u00e7u pour intriguer autant que s\u00e9duire. Cependant, le&hellip;","_links":{"self":[{"href":"https:\/\/laurentchani.fr\/en\/wp-json\/wp\/v2\/pages\/931","targetHints":{"allow":["GET"]}}],"collection":[{"href":"https:\/\/laurentchani.fr\/en\/wp-json\/wp\/v2\/pages"}],"about":[{"href":"https:\/\/laurentchani.fr\/en\/wp-json\/wp\/v2\/types\/page"}],"author":[{"embeddable":true,"href":"https:\/\/laurentchani.fr\/en\/wp-json\/wp\/v2\/users\/2"}],"replies":[{"embeddable":true,"href":"https:\/\/laurentchani.fr\/en\/wp-json\/wp\/v2\/comments?post=931"}],"version-history":[{"count":5,"href":"https:\/\/laurentchani.fr\/en\/wp-json\/wp\/v2\/pages\/931\/revisions"}],"predecessor-version":[{"id":4055,"href":"https:\/\/laurentchani.fr\/en\/wp-json\/wp\/v2\/pages\/931\/revisions\/4055"}],"wp:featuredmedia":[{"embeddable":true,"href":"https:\/\/laurentchani.fr\/en\/wp-json\/wp\/v2\/media\/634"}],"wp:attachment":[{"href":"https:\/\/laurentchani.fr\/en\/wp-json\/wp\/v2\/media?parent=931"}],"curies":[{"name":"wp","href":"https:\/\/api.w.org\/{rel}","templated":true}]}}