{"id":927,"date":"2025-07-31T14:57:32","date_gmt":"2025-07-31T12:57:32","guid":{"rendered":"https:\/\/laurentchani.com\/?page_id=927"},"modified":"2025-09-14T15:39:42","modified_gmt":"2025-09-14T13:39:42","slug":"characters","status":"publish","type":"page","link":"https:\/\/laurentchani.fr\/en\/personnages\/","title":{"rendered":"Characters in the novels"},"content":{"rendered":"<figure class=\"wp-block-image aligncenter size-medium\"><a href=\"https:\/\/laurentchani.fr\/wp-content\/uploads\/2025\/08\/Big-Daddy-62.jpg\"><img loading=\"lazy\" decoding=\"async\" width=\"300\" height=\"200\" src=\"https:\/\/laurentchani.fr\/wp-content\/uploads\/2025\/08\/Big-Daddy-62-300x200.jpg\" alt=\"Writer Laurent Chani strikes a dramatic, determined pose, pointing in two opposite directions\" class=\"wp-image-1389\" srcset=\"https:\/\/laurentchani.fr\/wp-content\/uploads\/2025\/08\/Big-Daddy-62-300x200.jpg 300w, https:\/\/laurentchani.fr\/wp-content\/uploads\/2025\/08\/Big-Daddy-62-18x12.jpg 18w, https:\/\/laurentchani.fr\/wp-content\/uploads\/2025\/08\/Big-Daddy-62.jpg 768w\" sizes=\"auto, (max-width: 300px) 100vw, 300px\" \/><\/a><\/figure>\n\n\n\n<p class=\"has-text-align-justify has-medium-font-size\">Here is an overview of the <strong>illustrations<\/strong> representing the <strong>main characters<\/strong> of the novel currently being finalized. Each of them is distinguished by a <strong>strong personality<\/strong> and distinctive features that make them immediately recognizable. <strong>Colorful<\/strong>, they carry within them a <strong>singular energy<\/strong> which feeds the dynamics of the <strong>narrative<\/strong>. Their <strong>strong characters<\/strong> are revealed through their <strong>postures<\/strong>, their <strong>looks<\/strong> and their <strong>actions<\/strong>. These <strong>portraits<\/strong> already outline the<strong>intensity<\/strong> of the <strong>stories<\/strong> that they will have to embody.<\/p>\n\n\n\n<hr class=\"wp-block-separator has-alpha-channel-opacity\"\/>\n\n\n\n<div class=\"wp-block-query is-layout-constrained wp-block-query-is-layout-constrained\">\n<div class=\"wp-block-group is-layout-flow wp-block-group-is-layout-flow\" style=\"margin-top:0;margin-bottom:0;padding-top:0;padding-right:0;padding-bottom:0;padding-left:0\"><ul class=\"alignfull wp-block-post-template is-layout-flow wp-container-core-post-template-is-layout-09c064ec wp-block-post-template-is-layout-flow\"><li class=\"wp-block-post post-1126 post type-post status-publish format-standard has-post-thumbnail hentry category-anecdotes category-ia category-infos-pertinentes category-personnages category-processus-decriture\">\n<figure style=\"aspect-ratio:3\/2;width:150px;height:150px; margin-bottom:0;\" class=\"wp-block-post-featured-image\"><a href=\"https:\/\/laurentchani.fr\/en\/lia-et-ses-incoherences-pour-de-mise-en-scene\/\" target=\"_self\"  style=\"height:150px\"><img loading=\"lazy\" decoding=\"async\" width=\"512\" height=\"512\" src=\"https:\/\/laurentchani.fr\/wp-content\/uploads\/2025\/08\/@Big-Daddy-76-P.jpg\" class=\"attachment-post-thumbnail size-post-thumbnail wp-post-image\" alt=\"AI and its staging inconsistencies\" style=\"width:100%;height:100%;object-fit:contain;\" srcset=\"https:\/\/laurentchani.fr\/wp-content\/uploads\/2025\/08\/@Big-Daddy-76-P.jpg 512w, https:\/\/laurentchani.fr\/wp-content\/uploads\/2025\/08\/@Big-Daddy-76-P-300x300.jpg 300w, https:\/\/laurentchani.fr\/wp-content\/uploads\/2025\/08\/@Big-Daddy-76-P-150x150.jpg 150w, https:\/\/laurentchani.fr\/wp-content\/uploads\/2025\/08\/@Big-Daddy-76-P-12x12.jpg 12w\" sizes=\"auto, (max-width: 512px) 100vw, 512px\" \/><\/a><\/figure>\n\n\n<div class=\"wp-block-group is-vertical is-nowrap is-layout-flex wp-container-core-group-is-layout-9bc6ff26 wp-block-group-is-layout-flex\"><h2 style=\"margin-bottom:0;\" class=\"wp-block-post-title has-x-large-font-size\"><a href=\"https:\/\/laurentchani.fr\/en\/lia-et-ses-incoherences-pour-de-mise-en-scene\/\" target=\"_self\" >AI and its staging inconsistencies<\/a><\/h2>\n\n<\/div>\n\n<\/li><li class=\"wp-block-post post-1318 post type-post status-publish format-standard has-post-thumbnail hentry category-extraits category-ia category-personnages\">\n<figure style=\"aspect-ratio:3\/2;width:150px;height:150px; margin-bottom:0;\" class=\"wp-block-post-featured-image\"><a href=\"https:\/\/laurentchani.fr\/en\/une-terrasse-de-cafe-2\/\" target=\"_self\"  style=\"height:150px\"><img loading=\"lazy\" decoding=\"async\" width=\"512\" height=\"768\" src=\"https:\/\/laurentchani.fr\/wp-content\/uploads\/2025\/08\/40sieur-bob-01-1.jpg\" class=\"attachment-post-thumbnail size-post-thumbnail wp-post-image\" alt=\"Excerpt: A caf\u00e9 terrace\" style=\"width:100%;height:100%;object-fit:contain;\" srcset=\"https:\/\/laurentchani.fr\/wp-content\/uploads\/2025\/08\/40sieur-bob-01-1.jpg 512w, https:\/\/laurentchani.fr\/wp-content\/uploads\/2025\/08\/40sieur-bob-01-1-200x300.jpg 200w, https:\/\/laurentchani.fr\/wp-content\/uploads\/2025\/08\/40sieur-bob-01-1-8x12.jpg 8w\" sizes=\"auto, (max-width: 512px) 100vw, 512px\" \/><\/a><\/figure>\n\n\n<div class=\"wp-block-group is-vertical is-nowrap is-layout-flex wp-container-core-group-is-layout-9bc6ff26 wp-block-group-is-layout-flex\"><h2 style=\"margin-bottom:0;\" class=\"wp-block-post-title has-x-large-font-size\"><a href=\"https:\/\/laurentchani.fr\/en\/une-terrasse-de-cafe-2\/\" target=\"_self\" >Excerpt: A caf\u00e9 terrace<\/a><\/h2>\n\n<\/div>\n\n<\/li><li class=\"wp-block-post post-1010 post type-post status-publish format-standard has-post-thumbnail hentry category-concept-art category-personnages\">\n<figure style=\"aspect-ratio:3\/2;width:150px;height:150px; margin-bottom:0;\" class=\"wp-block-post-featured-image\"><a href=\"https:\/\/laurentchani.fr\/en\/concept-art-01-2\/\" target=\"_self\"  style=\"height:150px\"><img loading=\"lazy\" decoding=\"async\" width=\"512\" height=\"512\" src=\"https:\/\/laurentchani.fr\/wp-content\/uploads\/2025\/08\/concept-art-01-1.jpg\" class=\"attachment-post-thumbnail size-post-thumbnail wp-post-image\" alt=\"Pop Art Style Concept Art\" style=\"width:100%;height:100%;object-fit:contain;\" srcset=\"https:\/\/laurentchani.fr\/wp-content\/uploads\/2025\/08\/concept-art-01-1.jpg 512w, https:\/\/laurentchani.fr\/wp-content\/uploads\/2025\/08\/concept-art-01-1-300x300.jpg 300w, https:\/\/laurentchani.fr\/wp-content\/uploads\/2025\/08\/concept-art-01-1-150x150.jpg 150w, https:\/\/laurentchani.fr\/wp-content\/uploads\/2025\/08\/concept-art-01-1-12x12.jpg 12w\" sizes=\"auto, (max-width: 512px) 100vw, 512px\" \/><\/a><\/figure>\n\n\n<div class=\"wp-block-group is-vertical is-nowrap is-layout-flex wp-container-core-group-is-layout-9bc6ff26 wp-block-group-is-layout-flex\"><h2 style=\"margin-bottom:0;\" class=\"wp-block-post-title has-x-large-font-size\"><a href=\"https:\/\/laurentchani.fr\/en\/concept-art-01-2\/\" target=\"_self\" >Pop Art Style Concept Art<\/a><\/h2>\n\n<\/div>\n\n<\/li><li class=\"wp-block-post post-995 post type-post status-publish format-standard has-post-thumbnail hentry category-ia category-infos-pertinentes category-personnages\">\n<figure style=\"aspect-ratio:3\/2;width:150px;height:150px; margin-bottom:0;\" class=\"wp-block-post-featured-image\"><a href=\"https:\/\/laurentchani.fr\/en\/quel-homme-lauteur-aurait-aime-etre\/\" target=\"_self\"  style=\"height:150px\"><img loading=\"lazy\" decoding=\"async\" width=\"512\" height=\"512\" src=\"https:\/\/laurentchani.fr\/wp-content\/uploads\/2025\/08\/40big-daddy-43-p-1.jpg\" class=\"attachment-post-thumbnail size-post-thumbnail wp-post-image\" alt=\"What kind of man would the author have liked to be?\" style=\"width:100%;height:100%;object-fit:contain;\" srcset=\"https:\/\/laurentchani.fr\/wp-content\/uploads\/2025\/08\/40big-daddy-43-p-1.jpg 512w, https:\/\/laurentchani.fr\/wp-content\/uploads\/2025\/08\/40big-daddy-43-p-1-300x300.jpg 300w, https:\/\/laurentchani.fr\/wp-content\/uploads\/2025\/08\/40big-daddy-43-p-1-150x150.jpg 150w, https:\/\/laurentchani.fr\/wp-content\/uploads\/2025\/08\/40big-daddy-43-p-1-12x12.jpg 12w\" sizes=\"auto, (max-width: 512px) 100vw, 512px\" \/><\/a><\/figure>\n\n\n<div class=\"wp-block-group is-vertical is-nowrap is-layout-flex wp-container-core-group-is-layout-9bc6ff26 wp-block-group-is-layout-flex\"><h2 style=\"margin-bottom:0;\" class=\"wp-block-post-title has-x-large-font-size\"><a href=\"https:\/\/laurentchani.fr\/en\/quel-homme-lauteur-aurait-aime-etre\/\" target=\"_self\" >What kind of man would the author have liked to be?<\/a><\/h2>\n\n<\/div>\n\n<\/li><\/ul>\n\n<nav class=\"wp-block-query-pagination is-content-justification-space-between is-layout-flex wp-container-core-query-pagination-is-layout-b2891da8 wp-block-query-pagination-is-layout-flex\" aria-label=\"Pagination\">\n\n\n<div class=\"wp-block-query-pagination-numbers\"><span aria-current=\"page\" class=\"page-numbers current\">1<\/span>\n<a class=\"page-numbers\" href=\"?query-16-page=2\">2<\/a>\n<a class=\"page-numbers\" href=\"?query-16-page=3\">3<\/a><\/div>\n\n<a href=\"\/en\/wp-json\/wp\/v2\/pages\/927?query-16-page=2\" class=\"wp-block-query-pagination-next\">Next Page<span class='wp-block-query-pagination-next-arrow is-arrow-arrow' aria-hidden='true'>\u2192<\/span><\/a>\n<\/nav><\/div>\n<\/div>\n\n\n\n<p>Here are some illustrations of the main characters from the novel currently being completed. They are colorful individuals with strong personalities.<\/p>","protected":false},"excerpt":{"rendered":"<p>Voici un aper\u00e7u des illustrations repr\u00e9sentant les personnages principaux du roman actuellement en cours de finalisation. Chacun d\u2019eux se distingue par une personnalit\u00e9 affirm\u00e9e et des traits marquants qui les rendent imm\u00e9diatement reconnaissables. Hauts en couleur, ils portent en eux une \u00e9nergie singuli\u00e8re qui nourrit la dynamique du r\u00e9cit. Leurs caract\u00e8res bien tremp\u00e9s se r\u00e9v\u00e8lent [&hellip;]<\/p>\n","protected":false},"author":1,"featured_media":1389,"parent":0,"menu_order":0,"comment_status":"closed","ping_status":"closed","template":"","meta":{"_uag_custom_page_level_css":"","footnotes":""},"class_list":["post-927","page","type-page","status-publish","has-post-thumbnail","hentry"],"blocksy_meta":[],"uagb_featured_image_src":{"full":["https:\/\/laurentchani.fr\/wp-content\/uploads\/2025\/08\/Big-Daddy-62.jpg",768,512,false],"thumbnail":["https:\/\/laurentchani.fr\/wp-content\/uploads\/2025\/08\/Big-Daddy-62-150x150.jpg",150,150,true],"medium":["https:\/\/laurentchani.fr\/wp-content\/uploads\/2025\/08\/Big-Daddy-62-300x200.jpg",300,200,true],"medium_large":["https:\/\/laurentchani.fr\/wp-content\/uploads\/2025\/08\/Big-Daddy-62.jpg",768,512,false],"large":["https:\/\/laurentchani.fr\/wp-content\/uploads\/2025\/08\/Big-Daddy-62.jpg",768,512,false],"1536x1536":["https:\/\/laurentchani.fr\/wp-content\/uploads\/2025\/08\/Big-Daddy-62.jpg",768,512,false],"2048x2048":["https:\/\/laurentchani.fr\/wp-content\/uploads\/2025\/08\/Big-Daddy-62.jpg",768,512,false],"trp-custom-language-flag":["https:\/\/laurentchani.fr\/wp-content\/uploads\/2025\/08\/Big-Daddy-62-18x12.jpg",18,12,true],"mailpoet_newsletter_max":["https:\/\/laurentchani.fr\/wp-content\/uploads\/2025\/08\/Big-Daddy-62.jpg",768,512,false]},"uagb_author_info":{"display_name":"admin5261","author_link":"https:\/\/laurentchani.fr\/en\/author\/admin5261\/"},"uagb_comment_info":0,"uagb_excerpt":"Voici un aper\u00e7u des illustrations repr\u00e9sentant les personnages principaux du roman actuellement en cours de finalisation. Chacun d\u2019eux se distingue par une personnalit\u00e9 affirm\u00e9e et des traits marquants qui les rendent imm\u00e9diatement reconnaissables. Hauts en couleur, ils portent en eux une \u00e9nergie singuli\u00e8re qui nourrit la dynamique du r\u00e9cit. Leurs caract\u00e8res bien tremp\u00e9s se r\u00e9v\u00e8lent&hellip;","_links":{"self":[{"href":"https:\/\/laurentchani.fr\/en\/wp-json\/wp\/v2\/pages\/927","targetHints":{"allow":["GET"]}}],"collection":[{"href":"https:\/\/laurentchani.fr\/en\/wp-json\/wp\/v2\/pages"}],"about":[{"href":"https:\/\/laurentchani.fr\/en\/wp-json\/wp\/v2\/types\/page"}],"author":[{"embeddable":true,"href":"https:\/\/laurentchani.fr\/en\/wp-json\/wp\/v2\/users\/1"}],"replies":[{"embeddable":true,"href":"https:\/\/laurentchani.fr\/en\/wp-json\/wp\/v2\/comments?post=927"}],"version-history":[{"count":3,"href":"https:\/\/laurentchani.fr\/en\/wp-json\/wp\/v2\/pages\/927\/revisions"}],"predecessor-version":[{"id":4064,"href":"https:\/\/laurentchani.fr\/en\/wp-json\/wp\/v2\/pages\/927\/revisions\/4064"}],"wp:featuredmedia":[{"embeddable":true,"href":"https:\/\/laurentchani.fr\/en\/wp-json\/wp\/v2\/media\/1389"}],"wp:attachment":[{"href":"https:\/\/laurentchani.fr\/en\/wp-json\/wp\/v2\/media?parent=927"}],"curies":[{"name":"wp","href":"https:\/\/api.w.org\/{rel}","templated":true}]}}