{"id":921,"date":"2025-07-31T14:48:18","date_gmt":"2025-07-31T12:48:18","guid":{"rendered":"https:\/\/laurentchani.com\/?page_id=921"},"modified":"2025-09-14T13:47:29","modified_gmt":"2025-09-14T11:47:29","slug":"concept-art","status":"publish","type":"page","link":"https:\/\/laurentchani.fr\/en\/concept-art\/","title":{"rendered":"Concept Art"},"content":{"rendered":"<figure class=\"wp-block-image aligncenter size-medium\"><a href=\"https:\/\/laurentchani.fr\/wp-content\/uploads\/2025\/07\/concept-art-01-1.jpg\"><img loading=\"lazy\" decoding=\"async\" width=\"300\" height=\"300\" src=\"https:\/\/laurentchani.fr\/wp-content\/uploads\/2025\/07\/concept-art-01-1-300x300.jpg\" alt=\"Psychedelic digital composition depicting several human faces with distorted outlines and saturated neon colors. The features blend in a kaleidoscopic effect, creating a strange and hypnotic atmosphere, in a work envisioned by an SF novelist | Psychedelic digital composition depicting several human faces with distorted outlines and saturated neon colors. The features blend in a kaleidoscopic effect, creating a strange and hypnotic atmosphere, in a work envisioned by an SF novelist\" class=\"wp-image-545\" srcset=\"https:\/\/laurentchani.fr\/wp-content\/uploads\/2025\/07\/concept-art-01-1-300x300.jpg 300w, https:\/\/laurentchani.fr\/wp-content\/uploads\/2025\/07\/concept-art-01-1-150x150.jpg 150w, https:\/\/laurentchani.fr\/wp-content\/uploads\/2025\/07\/concept-art-01-1-12x12.jpg 12w, https:\/\/laurentchani.fr\/wp-content\/uploads\/2025\/07\/concept-art-01-1.jpg 500w\" sizes=\"auto, (max-width: 300px) 100vw, 300px\" \/><\/a><\/figure>\n\n\n\n<p class=\"has-medium-font-size\">You wish me <strong>contact<\/strong> to ask a question, share a comment, or give your opinion on my writings. This space was designed to encourage a direct and friendly exchange with my readers. Your feedback is valuable: it nourishes my thinking and enriches my work. I therefore invite you to take a moment to fill out the <strong>form<\/strong> made available to you. Together, let&#039;s make this dialogue the natural extension of your <strong>reading experience<\/strong>.<\/p>\n\n\n\n<hr class=\"wp-block-separator has-alpha-channel-opacity\"\/>\n\n\n\n<main class=\"wp-block-group is-content-justification-left is-layout-constrained wp-container-core-group-is-layout-8a2822a5 wp-block-group-is-layout-constrained\" style=\"margin-top:0\">\n<div class=\"wp-block-query is-layout-constrained wp-block-query-is-layout-constrained\">\n<div class=\"wp-block-group is-layout-constrained wp-container-core-group-is-layout-72190d31 wp-block-group-is-layout-constrained\" style=\"margin-top:0;margin-bottom:0;padding-top:0;padding-right:0;padding-bottom:0;padding-left:0\"><ul class=\"alignfull wp-block-post-template is-layout-flow wp-container-core-post-template-is-layout-b377334a wp-block-post-template-is-layout-flow\"><li class=\"wp-block-post post-4353 post type-post status-publish format-standard has-post-thumbnail hentry category-autoedition category-concept-art category-ia category-processus-decriture\">\n<figure style=\"aspect-ratio:3\/2;width:150px;height:150px; margin-bottom:var(--wp--preset--spacing--20);\" class=\"wp-block-post-featured-image\"><a href=\"https:\/\/laurentchani.fr\/en\/transformer-une-image-en-micro-video-bouclable-retour-dexperience\/\" target=\"_self\"  style=\"height:150px\"><img loading=\"lazy\" decoding=\"async\" width=\"1567\" height=\"1024\" src=\"https:\/\/laurentchani.fr\/wp-content\/uploads\/@Big-Daddy-98-P2.jpg\" class=\"attachment-post-thumbnail size-post-thumbnail wp-post-image\" alt=\"Transforming an image into a looped micro-video using AI \u2013 Lessons learned\" style=\"width:100%;height:100%;object-fit:contain;\" srcset=\"https:\/\/laurentchani.fr\/wp-content\/uploads\/@Big-Daddy-98-P2.jpg 1567w, https:\/\/laurentchani.fr\/wp-content\/uploads\/@Big-Daddy-98-P2-300x196.jpg 300w, https:\/\/laurentchani.fr\/wp-content\/uploads\/@Big-Daddy-98-P2-1024x669.jpg 1024w, https:\/\/laurentchani.fr\/wp-content\/uploads\/@Big-Daddy-98-P2-768x502.jpg 768w, https:\/\/laurentchani.fr\/wp-content\/uploads\/@Big-Daddy-98-P2-1536x1004.jpg 1536w, https:\/\/laurentchani.fr\/wp-content\/uploads\/@Big-Daddy-98-P2-18x12.jpg 18w, https:\/\/laurentchani.fr\/wp-content\/uploads\/@Big-Daddy-98-P2-1320x863.jpg 1320w\" sizes=\"auto, (max-width: 1567px) 100vw, 1567px\" \/><\/a><\/figure>\n\n\n<div class=\"wp-block-group is-vertical is-nowrap is-layout-flex wp-container-core-group-is-layout-9bc6ff26 wp-block-group-is-layout-flex\"><h2 style=\"margin-bottom:0;\" class=\"wp-block-post-title has-medium-font-size\"><a href=\"https:\/\/laurentchani.fr\/en\/transformer-une-image-en-micro-video-bouclable-retour-dexperience\/\" target=\"_self\" >Transforming an image into a looped micro-video using AI \u2013 Lessons learned<\/a><\/h2>\n\n<\/div>\n\n<\/li><li class=\"wp-block-post post-4211 post type-post status-publish format-standard has-post-thumbnail hentry category-concept-art\">\n<figure style=\"aspect-ratio:3\/2;width:150px;height:150px; margin-bottom:var(--wp--preset--spacing--20);\" class=\"wp-block-post-featured-image\"><a href=\"https:\/\/laurentchani.fr\/en\/concept-art-nebuleuse-glamour\/\" target=\"_self\"  style=\"height:150px\"><img loading=\"lazy\" decoding=\"async\" width=\"512\" height=\"512\" src=\"https:\/\/laurentchani.fr\/wp-content\/uploads\/Concept-Art-10.jpg\" class=\"attachment-post-thumbnail size-post-thumbnail wp-post-image\" alt=\"Glamour Nebula\" style=\"width:100%;height:100%;object-fit:contain;\" srcset=\"https:\/\/laurentchani.fr\/wp-content\/uploads\/Concept-Art-10.jpg 512w, https:\/\/laurentchani.fr\/wp-content\/uploads\/Concept-Art-10-300x300.jpg 300w, https:\/\/laurentchani.fr\/wp-content\/uploads\/Concept-Art-10-150x150.jpg 150w, https:\/\/laurentchani.fr\/wp-content\/uploads\/Concept-Art-10-12x12.jpg 12w\" sizes=\"auto, (max-width: 512px) 100vw, 512px\" \/><\/a><\/figure>\n\n\n<div class=\"wp-block-group is-vertical is-nowrap is-layout-flex wp-container-core-group-is-layout-9bc6ff26 wp-block-group-is-layout-flex\"><h2 style=\"margin-bottom:0;\" class=\"wp-block-post-title has-medium-font-size\"><a href=\"https:\/\/laurentchani.fr\/en\/concept-art-nebuleuse-glamour\/\" target=\"_self\" >Glamour Nebula<\/a><\/h2>\n\n<\/div>\n\n<\/li><li class=\"wp-block-post post-1010 post type-post status-publish format-standard has-post-thumbnail hentry category-concept-art category-personnages\">\n<figure style=\"aspect-ratio:3\/2;width:150px;height:150px; margin-bottom:var(--wp--preset--spacing--20);\" class=\"wp-block-post-featured-image\"><a href=\"https:\/\/laurentchani.fr\/en\/concept-art-01-2\/\" target=\"_self\"  style=\"height:150px\"><img loading=\"lazy\" decoding=\"async\" width=\"512\" height=\"512\" src=\"https:\/\/laurentchani.fr\/wp-content\/uploads\/2025\/08\/concept-art-01-1.jpg\" class=\"attachment-post-thumbnail size-post-thumbnail wp-post-image\" alt=\"Pop Art Style Concept Art\" style=\"width:100%;height:100%;object-fit:contain;\" srcset=\"https:\/\/laurentchani.fr\/wp-content\/uploads\/2025\/08\/concept-art-01-1.jpg 512w, https:\/\/laurentchani.fr\/wp-content\/uploads\/2025\/08\/concept-art-01-1-300x300.jpg 300w, https:\/\/laurentchani.fr\/wp-content\/uploads\/2025\/08\/concept-art-01-1-150x150.jpg 150w, https:\/\/laurentchani.fr\/wp-content\/uploads\/2025\/08\/concept-art-01-1-12x12.jpg 12w\" sizes=\"auto, (max-width: 512px) 100vw, 512px\" \/><\/a><\/figure>\n\n\n<div class=\"wp-block-group is-vertical is-nowrap is-layout-flex wp-container-core-group-is-layout-9bc6ff26 wp-block-group-is-layout-flex\"><h2 style=\"margin-bottom:0;\" class=\"wp-block-post-title has-medium-font-size\"><a href=\"https:\/\/laurentchani.fr\/en\/concept-art-01-2\/\" target=\"_self\" >Pop Art Style Concept Art<\/a><\/h2>\n\n<\/div>\n\n<\/li><li class=\"wp-block-post post-1316 post type-post status-publish format-standard has-post-thumbnail hentry category-concept-art\">\n<figure style=\"aspect-ratio:3\/2;width:150px;height:150px; margin-bottom:var(--wp--preset--spacing--20);\" class=\"wp-block-post-featured-image\"><a href=\"https:\/\/laurentchani.fr\/en\/concept-art-06-2\/\" target=\"_self\"  style=\"height:150px\"><img loading=\"lazy\" decoding=\"async\" width=\"912\" height=\"517\" src=\"https:\/\/laurentchani.fr\/wp-content\/uploads\/2025\/07\/concept-art-06.jpg\" class=\"attachment-post-thumbnail size-post-thumbnail wp-post-image\" alt=\"Pop art concept art\" style=\"width:100%;height:100%;object-fit:contain;\" srcset=\"https:\/\/laurentchani.fr\/wp-content\/uploads\/2025\/07\/concept-art-06.jpg 912w, https:\/\/laurentchani.fr\/wp-content\/uploads\/2025\/07\/concept-art-06-300x170.jpg 300w, https:\/\/laurentchani.fr\/wp-content\/uploads\/2025\/07\/concept-art-06-768x435.jpg 768w, https:\/\/laurentchani.fr\/wp-content\/uploads\/2025\/07\/concept-art-06-18x10.jpg 18w\" sizes=\"auto, (max-width: 912px) 100vw, 912px\" \/><\/a><\/figure>\n\n\n<div class=\"wp-block-group is-vertical is-nowrap is-layout-flex wp-container-core-group-is-layout-9bc6ff26 wp-block-group-is-layout-flex\"><h2 style=\"margin-bottom:0;\" class=\"wp-block-post-title has-medium-font-size\"><a href=\"https:\/\/laurentchani.fr\/en\/concept-art-06-2\/\" target=\"_self\" >Pop art concept art<\/a><\/h2>\n\n<\/div>\n\n<\/li><\/ul>\n\n<nav class=\"wp-block-query-pagination is-content-justification-space-between is-layout-flex wp-container-core-query-pagination-is-layout-b2891da8 wp-block-query-pagination-is-layout-flex\" aria-label=\"Pagination\">\n\n\n<div class=\"wp-block-query-pagination-numbers\"><span aria-current=\"page\" class=\"page-numbers current\">1<\/span>\n<a class=\"page-numbers\" href=\"?query-38-page=2\">2<\/a><\/div>\n\n<a href=\"\/en\/wp-json\/wp\/v2\/pages\/921?query-38-page=2\" class=\"wp-block-query-pagination-next\">Next Page<span class='wp-block-query-pagination-next-arrow is-arrow-arrow' aria-hidden='true'>\u2192<\/span><\/a>\n<\/nav><\/div>\n<\/div>\n<\/main>","protected":false},"excerpt":{"rendered":"<p>Vous souhaitez me contacter pour poser une question, partager une remarque ou donner votre avis sur mes \u00e9crits. Cet espace a \u00e9t\u00e9 con\u00e7u pour favoriser un \u00e9change direct et chaleureux avec mes lecteurs. Vos retours sont pr\u00e9cieux : ils nourrissent ma r\u00e9flexion et enrichissent mon travail. Je vous invite donc \u00e0 prendre un moment pour [&hellip;]<\/p>\n","protected":false},"author":2,"featured_media":545,"parent":0,"menu_order":0,"comment_status":"closed","ping_status":"closed","template":"","meta":{"_uag_custom_page_level_css":"","footnotes":""},"class_list":["post-921","page","type-page","status-publish","has-post-thumbnail","hentry"],"blocksy_meta":[],"uagb_featured_image_src":{"full":["https:\/\/laurentchani.fr\/wp-content\/uploads\/2025\/07\/concept-art-01-1.jpg",500,500,false],"thumbnail":["https:\/\/laurentchani.fr\/wp-content\/uploads\/2025\/07\/concept-art-01-1-150x150.jpg",150,150,true],"medium":["https:\/\/laurentchani.fr\/wp-content\/uploads\/2025\/07\/concept-art-01-1-300x300.jpg",300,300,true],"medium_large":["https:\/\/laurentchani.fr\/wp-content\/uploads\/2025\/07\/concept-art-01-1.jpg",500,500,false],"large":["https:\/\/laurentchani.fr\/wp-content\/uploads\/2025\/07\/concept-art-01-1.jpg",500,500,false],"1536x1536":["https:\/\/laurentchani.fr\/wp-content\/uploads\/2025\/07\/concept-art-01-1.jpg",500,500,false],"2048x2048":["https:\/\/laurentchani.fr\/wp-content\/uploads\/2025\/07\/concept-art-01-1.jpg",500,500,false],"trp-custom-language-flag":["https:\/\/laurentchani.fr\/wp-content\/uploads\/2025\/07\/concept-art-01-1-12x12.jpg",12,12,true],"mailpoet_newsletter_max":["https:\/\/laurentchani.fr\/wp-content\/uploads\/2025\/07\/concept-art-01-1.jpg",500,500,false]},"uagb_author_info":{"display_name":"Laurent CHANI","author_link":"https:\/\/laurentchani.fr\/en\/author\/laurentchojnowski970fe415b2\/"},"uagb_comment_info":0,"uagb_excerpt":"Vous souhaitez me contacter pour poser une question, partager une remarque ou donner votre avis sur mes \u00e9crits. Cet espace a \u00e9t\u00e9 con\u00e7u pour favoriser un \u00e9change direct et chaleureux avec mes lecteurs. Vos retours sont pr\u00e9cieux : ils nourrissent ma r\u00e9flexion et enrichissent mon travail. Je vous invite donc \u00e0 prendre un moment pour&hellip;","_links":{"self":[{"href":"https:\/\/laurentchani.fr\/en\/wp-json\/wp\/v2\/pages\/921","targetHints":{"allow":["GET"]}}],"collection":[{"href":"https:\/\/laurentchani.fr\/en\/wp-json\/wp\/v2\/pages"}],"about":[{"href":"https:\/\/laurentchani.fr\/en\/wp-json\/wp\/v2\/types\/page"}],"author":[{"embeddable":true,"href":"https:\/\/laurentchani.fr\/en\/wp-json\/wp\/v2\/users\/2"}],"replies":[{"embeddable":true,"href":"https:\/\/laurentchani.fr\/en\/wp-json\/wp\/v2\/comments?post=921"}],"version-history":[{"count":5,"href":"https:\/\/laurentchani.fr\/en\/wp-json\/wp\/v2\/pages\/921\/revisions"}],"predecessor-version":[{"id":4051,"href":"https:\/\/laurentchani.fr\/en\/wp-json\/wp\/v2\/pages\/921\/revisions\/4051"}],"wp:featuredmedia":[{"embeddable":true,"href":"https:\/\/laurentchani.fr\/en\/wp-json\/wp\/v2\/media\/545"}],"wp:attachment":[{"href":"https:\/\/laurentchani.fr\/en\/wp-json\/wp\/v2\/media?parent=921"}],"curies":[{"name":"wp","href":"https:\/\/api.w.org\/{rel}","templated":true}]}}