{"id":914,"date":"2025-07-31T14:16:48","date_gmt":"2025-07-31T12:16:48","guid":{"rendered":"https:\/\/laurentchani.com\/?page_id=914"},"modified":"2025-09-15T20:56:08","modified_gmt":"2025-09-15T18:56:08","slug":"illustrations","status":"publish","type":"page","link":"https:\/\/laurentchani.fr\/en\/illustrations\/","title":{"rendered":"Illustrations by the author"},"content":{"rendered":"<figure class=\"wp-block-image aligncenter size-medium\"><a href=\"https:\/\/laurentchani.fr\/wp-content\/uploads\/logo-color-512-2pxb.png\"><img loading=\"lazy\" decoding=\"async\" width=\"300\" height=\"300\" src=\"https:\/\/laurentchani.fr\/wp-content\/uploads\/logo-color-512-2pxb-300x300.png\" alt=\"Dragon-Cat logo with vibrant fractal colors, symbolizing the universe of author Laurent Chani | Dragon-Cat logo with vibrant fractal colors, symbolizing the universe of author Laurent Chani\" class=\"wp-image-4199\" srcset=\"https:\/\/laurentchani.fr\/wp-content\/uploads\/logo-color-512-2pxb-300x300.png 300w, https:\/\/laurentchani.fr\/wp-content\/uploads\/logo-color-512-2pxb-150x150.png 150w, https:\/\/laurentchani.fr\/wp-content\/uploads\/logo-color-512-2pxb-12x12.png 12w, https:\/\/laurentchani.fr\/wp-content\/uploads\/logo-color-512-2pxb.png 512w\" sizes=\"auto, (max-width: 300px) 100vw, 300px\" \/><\/a><\/figure>\n\n\n\n<p class=\"has-text-align-justify has-medium-font-size\">Although I&#039;m starting out today as a budding writer, this isn&#039;t my first attempt at graphic design. I&#039;ve been practicing graphic design since middle school and still have sketchbooks dating back decades. I&#039;ve also created non-figurative paintings and explored various techniques I&#039;ve come up with myself, including acrylic paint and the use of water on large surfaces.<\/p>\n\n\n\n<p class=\"has-text-align-justify has-medium-font-size\">On the other hand, I never learned to draw figurative subjects. I have imagination and creativity, but no academic drawing techniques. It&#039;s a shame, because I would have liked to know how to represent a person, an animal, or a landscape. As my grandmother used to say: <em>\u201cPainting is not a profession.\u201d<\/em> Meh! Yet, digital art has brought me a lot and, it must be admitted, artificial intelligence is accomplishing wonders today.<\/p>\n\n\n\n<p class=\"has-text-align-justify has-medium-font-size\">So here are some graphic creations. As a little anecdote, I designed my logo myself: it&#039;s a stylized representation of a drawing made a long time ago.<\/p>\n\n\n\n<p class=\"has-medium-font-size\">I hope you enjoy browsing these image galleries.<\/p>\n\n\n\n<hr class=\"wp-block-separator has-alpha-channel-opacity\"\/>\n\n\n\n<div class=\"wp-block-group has-contrast-3-color has-text-color has-link-color wp-elements-d7f357ecf7f8cba1d0505213ba7b1eff is-layout-constrained wp-block-group-is-layout-constrained\" style=\"border-width:1px;border-radius:14px\">\n<div class=\"wp-block-group is-layout-constrained wp-block-group-is-layout-constrained\">\n<h2 class=\"wp-block-heading has-text-align-center has-contrast-3-color has-text-color has-link-color wp-elements-07ff1472ced30977a5fb6769263eb7af\"><a href=\"http:\/\/laurentchani.fr\/en\/characters\/\">Characters from the novels<\/a><\/h2>\n\n\n\n<div class=\"wp-block-group is-layout-constrained wp-block-group-is-layout-constrained\">\n<figure class=\"wp-block-image aligncenter size-full is-resized\"><a href=\"https:\/\/laurentchani.wordpress.com\/wp-content\/uploads\/2025\/07\/big-daddy-07.jpg\"><img decoding=\"async\" src=\"https:\/\/laurentchani.wordpress.com\/wp-content\/uploads\/2025\/07\/big-daddy-07.jpg\" alt=\"Portrait of the character Big Daddy smoking a glowing cigar\" class=\"wp-image-772\" style=\"object-fit:contain;width:150px;height:150px\"\/><\/a><\/figure>\n\n\n\n<div class=\"wp-block-buttons alignwide is-content-justification-center is-layout-flex wp-container-core-buttons-is-layout-9755a10f wp-block-buttons-is-layout-flex\" style=\"border-radius:14px;padding-right:var(--wp--preset--spacing--10);padding-left:var(--wp--preset--spacing--10)\">\n<div class=\"wp-block-button\"><a class=\"wp-block-button__link has-accent-5-color has-base-2-background-color has-text-color has-background has-link-color has-text-align-center wp-element-button\" href=\"https:\/\/laurentchani.fr\/en\/characters\/\" style=\"border-radius:14px;padding-right:var(--wp--preset--spacing--10);padding-left:var(--wp--preset--spacing--10)\">My characters as I imagine them<\/a><\/div>\n<\/div>\n<\/div>\n<\/div>\n\n\n\n<div class=\"wp-block-group is-layout-constrained wp-block-group-is-layout-constrained\">\n<h2 class=\"wp-block-heading has-text-align-center is-style-default\"><a href=\"http:\/\/laurentchani.fr\/en\/decors\/\">Settings of the novels<\/a><\/h2>\n\n\n\n<div class=\"wp-block-group is-layout-constrained wp-block-group-is-layout-constrained\">\n<figure class=\"wp-block-image aligncenter size-full is-resized\"><a href=\"https:\/\/laurentchani.fr\/wp-content\/uploads\/2025\/07\/salle-de-conference-03-2.jpg\"><img loading=\"lazy\" decoding=\"async\" width=\"512\" height=\"512\" src=\"https:\/\/laurentchani.wordpress.com\/wp-content\/uploads\/2025\/07\/salle-de-conference-03-2.jpg\" alt=\"representation of the conference room which will be a key location in the novel by author Laurent CHANI\" class=\"wp-image-639\" style=\"object-fit:contain;width:150px;height:150px\" srcset=\"https:\/\/laurentchani.fr\/wp-content\/uploads\/2025\/07\/salle-de-conference-03-2.jpg 512w, https:\/\/laurentchani.fr\/wp-content\/uploads\/2025\/07\/salle-de-conference-03-2-300x300.jpg 300w, https:\/\/laurentchani.fr\/wp-content\/uploads\/2025\/07\/salle-de-conference-03-2-150x150.jpg 150w, https:\/\/laurentchani.fr\/wp-content\/uploads\/2025\/07\/salle-de-conference-03-2-12x12.jpg 12w\" sizes=\"auto, (max-width: 512px) 100vw, 512px\" \/><\/a><\/figure>\n\n\n\n<div class=\"wp-block-buttons alignwide is-content-justification-center is-layout-flex wp-container-core-buttons-is-layout-0e5957a4 wp-block-buttons-is-layout-flex\" style=\"padding-right:var(--wp--preset--spacing--10);padding-left:var(--wp--preset--spacing--10)\">\n<div class=\"wp-block-button\"><a class=\"wp-block-button__link has-accent-5-color has-base-2-background-color has-text-color has-background has-link-color has-text-align-center wp-element-button\" href=\"https:\/\/laurentchani.fr\/en\/decors\/\" style=\"border-radius:14px;padding-right:var(--wp--preset--spacing--10);padding-left:var(--wp--preset--spacing--10)\"><em>Here are some illustrations of the settings of the current novel.<\/em><\/a><\/div>\n<\/div>\n<\/div>\n<\/div>\n\n\n\n<div class=\"wp-block-group is-layout-constrained wp-block-group-is-layout-constrained\">\n<h2 class=\"wp-block-heading has-text-align-center\"><a href=\"https:\/\/laurentchani.fr\/en\/concept-art\/\">Concept Art<\/a><\/h2>\n\n\n\n<div class=\"wp-block-group is-layout-constrained wp-block-group-is-layout-constrained\">\n<figure class=\"wp-block-image aligncenter size-full is-resized\"><a href=\"https:\/\/laurentchani.fr\/wp-content\/uploads\/2025\/07\/concept-art-01-1.jpg\"><img loading=\"lazy\" decoding=\"async\" width=\"500\" height=\"500\" src=\"https:\/\/laurentchani.wordpress.com\/wp-content\/uploads\/2025\/07\/concept-art-01-1.jpg\" alt=\"A digital concept art piece by the designer. It depicts three female faces in vibrant colors.\" class=\"wp-image-545\" style=\"object-fit:contain;width:150px;height:150px\" srcset=\"https:\/\/laurentchani.fr\/wp-content\/uploads\/2025\/07\/concept-art-01-1.jpg 500w, https:\/\/laurentchani.fr\/wp-content\/uploads\/2025\/07\/concept-art-01-1-300x300.jpg 300w, https:\/\/laurentchani.fr\/wp-content\/uploads\/2025\/07\/concept-art-01-1-150x150.jpg 150w, https:\/\/laurentchani.fr\/wp-content\/uploads\/2025\/07\/concept-art-01-1-12x12.jpg 12w\" sizes=\"auto, (max-width: 500px) 100vw, 500px\" \/><\/a><\/figure>\n\n\n\n<div class=\"wp-block-buttons is-content-justification-center is-layout-flex wp-container-core-buttons-is-layout-9755a10f wp-block-buttons-is-layout-flex\" style=\"border-radius:14px;padding-right:var(--wp--preset--spacing--10);padding-left:var(--wp--preset--spacing--10)\">\n<div class=\"wp-block-button\"><a class=\"wp-block-button__link has-accent-5-color has-base-2-background-color has-text-color has-background has-link-color wp-element-button\" href=\"https:\/\/laurentchani.fr\/en\/concept-art\/\" style=\"border-radius:14px;padding-right:var(--wp--preset--spacing--10);padding-left:var(--wp--preset--spacing--10)\">Productions from another era.<\/a><\/div>\n<\/div>\n<\/div>\n<\/div>\n\n\n\n<p><\/p>\n<\/div>","protected":false},"excerpt":{"rendered":"<p>Si je me lance aujourd&rsquo;hui en tant qu&rsquo;\u00e9crivain en herbe, je ne suis pourtant pas \u00e0 mes premiers essais dans le domaine graphique. Depuis le coll\u00e8ge, je pratique le graphisme et conserve encore des cahiers de dessin datant de d\u00e9cennies. J&rsquo;ai \u00e9galement r\u00e9alis\u00e9 des tableaux non figuratifs et explor\u00e9 diverses techniques que j&rsquo;avais moi-m\u00eame imagin\u00e9es, [&hellip;]<\/p>\n","protected":false},"author":1,"featured_media":4199,"parent":0,"menu_order":0,"comment_status":"closed","ping_status":"closed","template":"","meta":{"_uag_custom_page_level_css":"","footnotes":""},"class_list":["post-914","page","type-page","status-publish","has-post-thumbnail","hentry"],"blocksy_meta":[],"uagb_featured_image_src":{"full":["https:\/\/laurentchani.fr\/wp-content\/uploads\/logo-color-512-2pxb.png",512,512,false],"thumbnail":["https:\/\/laurentchani.fr\/wp-content\/uploads\/logo-color-512-2pxb-150x150.png",150,150,true],"medium":["https:\/\/laurentchani.fr\/wp-content\/uploads\/logo-color-512-2pxb-300x300.png",300,300,true],"medium_large":["https:\/\/laurentchani.fr\/wp-content\/uploads\/logo-color-512-2pxb.png",512,512,false],"large":["https:\/\/laurentchani.fr\/wp-content\/uploads\/logo-color-512-2pxb.png",512,512,false],"1536x1536":["https:\/\/laurentchani.fr\/wp-content\/uploads\/logo-color-512-2pxb.png",512,512,false],"2048x2048":["https:\/\/laurentchani.fr\/wp-content\/uploads\/logo-color-512-2pxb.png",512,512,false],"trp-custom-language-flag":["https:\/\/laurentchani.fr\/wp-content\/uploads\/logo-color-512-2pxb-12x12.png",12,12,true],"mailpoet_newsletter_max":["https:\/\/laurentchani.fr\/wp-content\/uploads\/logo-color-512-2pxb.png",512,512,false]},"uagb_author_info":{"display_name":"admin5261","author_link":"https:\/\/laurentchani.fr\/en\/author\/admin5261\/"},"uagb_comment_info":0,"uagb_excerpt":"Si je me lance aujourd&rsquo;hui en tant qu&rsquo;\u00e9crivain en herbe, je ne suis pourtant pas \u00e0 mes premiers essais dans le domaine graphique. Depuis le coll\u00e8ge, je pratique le graphisme et conserve encore des cahiers de dessin datant de d\u00e9cennies. J&rsquo;ai \u00e9galement r\u00e9alis\u00e9 des tableaux non figuratifs et explor\u00e9 diverses techniques que j&rsquo;avais moi-m\u00eame imagin\u00e9es,&hellip;","_links":{"self":[{"href":"https:\/\/laurentchani.fr\/en\/wp-json\/wp\/v2\/pages\/914","targetHints":{"allow":["GET"]}}],"collection":[{"href":"https:\/\/laurentchani.fr\/en\/wp-json\/wp\/v2\/pages"}],"about":[{"href":"https:\/\/laurentchani.fr\/en\/wp-json\/wp\/v2\/types\/page"}],"author":[{"embeddable":true,"href":"https:\/\/laurentchani.fr\/en\/wp-json\/wp\/v2\/users\/1"}],"replies":[{"embeddable":true,"href":"https:\/\/laurentchani.fr\/en\/wp-json\/wp\/v2\/comments?post=914"}],"version-history":[{"count":7,"href":"https:\/\/laurentchani.fr\/en\/wp-json\/wp\/v2\/pages\/914\/revisions"}],"predecessor-version":[{"id":4201,"href":"https:\/\/laurentchani.fr\/en\/wp-json\/wp\/v2\/pages\/914\/revisions\/4201"}],"wp:featuredmedia":[{"embeddable":true,"href":"https:\/\/laurentchani.fr\/en\/wp-json\/wp\/v2\/media\/4199"}],"wp:attachment":[{"href":"https:\/\/laurentchani.fr\/en\/wp-json\/wp\/v2\/media?parent=914"}],"curies":[{"name":"wp","href":"https:\/\/api.w.org\/{rel}","templated":true}]}}