{"id":881,"date":"2025-07-31T11:47:07","date_gmt":"2025-07-31T09:47:07","guid":{"rendered":"https:\/\/laurentchani.com\/?page_id=881"},"modified":"2025-09-14T13:46:20","modified_gmt":"2025-09-14T11:46:20","slug":"whats-new","status":"publish","type":"page","link":"https:\/\/laurentchani.fr\/en\/quoi-de-neuf\/","title":{"rendered":"News"},"content":{"rendered":"<figure class=\"wp-block-image aligncenter size-medium\"><a href=\"https:\/\/laurentchani.fr\/wp-content\/uploads\/2025\/08\/40big-daddy-08-p-1-2.jpg\"><img loading=\"lazy\" decoding=\"async\" width=\"200\" height=\"300\" src=\"https:\/\/laurentchani.fr\/wp-content\/uploads\/2025\/08\/40big-daddy-08-p-1-2-200x300.jpg\" alt=\"\" class=\"wp-image-1281\" srcset=\"https:\/\/laurentchani.fr\/wp-content\/uploads\/2025\/08\/40big-daddy-08-p-1-2-200x300.jpg 200w, https:\/\/laurentchani.fr\/wp-content\/uploads\/2025\/08\/40big-daddy-08-p-1-2-8x12.jpg 8w, https:\/\/laurentchani.fr\/wp-content\/uploads\/2025\/08\/40big-daddy-08-p-1-2.jpg 512w\" sizes=\"auto, (max-width: 200px) 100vw, 200px\" \/><\/a><\/figure>\n\n\n\n<p class=\"has-text-align-justify has-medium-font-size\">The author invites you to <strong>discover<\/strong> and to <strong>share<\/strong> the different ones <strong>events<\/strong> which mark its <strong>writer&#039;s journey<\/strong> in the making. Each stage, whether marked by a <strong>encounter<\/strong>, a <strong>advanced<\/strong> or a <strong>reflection<\/strong>, helps to shape its <strong>literary experience<\/strong>These moments are as many <strong>open windows<\/strong> behind the scenes of a <strong>creative path<\/strong> under construction. They bear witness to the <strong>doubts<\/strong>, of the <strong>enthusiasms<\/strong> and <strong>learning<\/strong> who feed his <strong>work<\/strong>. Thus, the reader is invited to follow closely the<strong>evolution<\/strong> of a <strong>writing adventure<\/strong> still booming.<\/p>\n\n\n\n<hr class=\"wp-block-separator has-alpha-channel-opacity\"\/>\n\n\n\n<div class=\"wp-block-group alignfull is-content-justification-center is-layout-constrained wp-container-core-group-is-layout-b8c9486b wp-block-group-is-layout-constrained\" style=\"margin-top:0;margin-bottom:0;padding-top:0;padding-right:var(--wp--preset--spacing--50);padding-bottom:0;padding-left:var(--wp--preset--spacing--50)\">\n<div class=\"wp-block-group alignfull is-layout-flow wp-block-group-is-layout-flow\" style=\"padding-top:0;padding-right:var(--wp--preset--spacing--20);padding-bottom:0;padding-left:var(--wp--preset--spacing--20)\">\n<div class=\"wp-block-query alignwide is-layout-flow wp-block-query-is-layout-flow\"><ul class=\"wp-block-post-template is-layout-flow wp-block-post-template-is-layout-flow\"><li class=\"wp-block-post post-4333 post type-post status-publish format-standard has-post-thumbnail hentry category-anecdotes category-autoedition category-ia category-infos-pertinentes category-processus-decriture category-projet-en-cours category-quoi-de-neuf category-romans-en-cours\">\n\n<div class=\"wp-block-columns alignwide are-vertically-aligned-center is-layout-flex wp-container-core-columns-is-layout-33233fb6 wp-block-columns-is-layout-flex\" style=\"margin-top:var(--wp--preset--spacing--20);margin-bottom:var(--wp--preset--spacing--20)\">\n<div class=\"wp-block-column is-vertically-aligned-center is-layout-flow wp-block-column-is-layout-flow\" style=\"flex-basis:72%\"><figure style=\"width:150px;height:150px; padding-top:0;padding-bottom:0;margin-top:0;margin-bottom:0;margin-left:0;margin-right:0;\" class=\"wp-block-post-featured-image\"><a href=\"https:\/\/laurentchani.fr\/en\/lart-de-negocier-avec-lia\/\" target=\"_self\"  style=\"height:150px\"><img loading=\"lazy\" decoding=\"async\" width=\"512\" height=\"768\" src=\"https:\/\/laurentchani.fr\/wp-content\/uploads\/@Big-Daddy-96-P.jpg\" class=\"attachment-full size-full wp-post-image\" alt=\"The art of negotiating with AI\" style=\"height:150px;object-fit:cover;\" srcset=\"https:\/\/laurentchani.fr\/wp-content\/uploads\/@Big-Daddy-96-P.jpg 512w, https:\/\/laurentchani.fr\/wp-content\/uploads\/@Big-Daddy-96-P-200x300.jpg 200w, https:\/\/laurentchani.fr\/wp-content\/uploads\/@Big-Daddy-96-P-8x12.jpg 8w\" sizes=\"auto, (max-width: 512px) 100vw, 512px\" \/><\/a><\/figure>\n\n<h2 style=\"font-size:clamp(0.984rem, 0.984rem + ((1vw - 0.2rem) * 0.645), 1.5rem);line-height:1.1;\" class=\"wp-block-post-title\"><a href=\"https:\/\/laurentchani.fr\/en\/lart-de-negocier-avec-lia\/\" target=\"_self\" >The art of negotiating with AI<\/a><\/h2>\n\n<div class=\"wp-block-post-excerpt has-small-font-size\"><p class=\"wp-block-post-excerpt__excerpt\">Is this a serious topic for an article about an author&#039;s relationship with their AI assistant, or just a catchy, slightly provocative hook for an advertisement? The aspiring author in me realizes I&#039;m constantly battling my AI assistant to get it to perform various tasks. But, in reality, the\u2026 <\/p><\/div>\n\n<a style=\"text-decoration:underline; padding-right:0;padding-left:0;padding-top:0;padding-bottom:0;margin-top:0;margin-bottom:0;\" class=\"wp-block-read-more has-small-font-size\" href=\"https:\/\/laurentchani.fr\/en\/lart-de-negocier-avec-lia\/\" target=\"_self\">Read more<span class=\"screen-reader-text\">: L\u2019art de n\u00e9gocier avec l\u2019IA<\/span><\/a>\n\n\n<div class=\"wp-block-group is-layout-flow wp-block-group-is-layout-flow\">\n<div class=\"wp-block-group is-content-justification-left is-nowrap is-layout-flex wp-container-core-group-is-layout-9d657466 wp-block-group-is-layout-flex\"><div class=\"wp-block-post-date\"><time datetime=\"2025-12-14T16:49:26+01:00\"><a href=\"https:\/\/laurentchani.fr\/en\/lart-de-negocier-avec-lia\/\">December 14, 2025<\/a><\/time><\/div><\/div>\n<\/div>\n<\/div>\n<\/div>\n\n<\/li><li class=\"wp-block-post post-1054 post type-post status-publish format-standard has-post-thumbnail hentry category-infos-pertinentes category-pourquoi-ecrire category-psycho-miroir category-quoi-de-neuf\">\n\n<div class=\"wp-block-columns alignwide are-vertically-aligned-center is-layout-flex wp-container-core-columns-is-layout-33233fb6 wp-block-columns-is-layout-flex\" style=\"margin-top:var(--wp--preset--spacing--20);margin-bottom:var(--wp--preset--spacing--20)\">\n<div class=\"wp-block-column is-vertically-aligned-center is-layout-flow wp-block-column-is-layout-flow\" style=\"flex-basis:72%\"><figure style=\"width:150px;height:150px; padding-top:0;padding-bottom:0;margin-top:0;margin-bottom:0;margin-left:0;margin-right:0;\" class=\"wp-block-post-featured-image\"><a href=\"https:\/\/laurentchani.fr\/en\/premier-entretien-avec-robert-le-psycho-miroir\/\" target=\"_self\"  style=\"height:150px\"><img loading=\"lazy\" decoding=\"async\" width=\"512\" height=\"768\" src=\"https:\/\/laurentchani.fr\/wp-content\/uploads\/2025\/08\/big-daddy-58-1-1.jpg\" class=\"attachment-full size-full wp-post-image\" alt=\"Meet Robert, the Psycho-Mirror\" style=\"height:150px;object-fit:cover;\" srcset=\"https:\/\/laurentchani.fr\/wp-content\/uploads\/2025\/08\/big-daddy-58-1-1.jpg 512w, https:\/\/laurentchani.fr\/wp-content\/uploads\/2025\/08\/big-daddy-58-1-1-200x300.jpg 200w, https:\/\/laurentchani.fr\/wp-content\/uploads\/2025\/08\/big-daddy-58-1-1-8x12.jpg 8w\" sizes=\"auto, (max-width: 512px) 100vw, 512px\" \/><\/a><\/figure>\n\n<h2 style=\"font-size:clamp(0.984rem, 0.984rem + ((1vw - 0.2rem) * 0.645), 1.5rem);line-height:1.1;\" class=\"wp-block-post-title\"><a href=\"https:\/\/laurentchani.fr\/en\/premier-entretien-avec-robert-le-psycho-miroir\/\" target=\"_self\" >Meet Robert, the Psycho-Mirror<\/a><\/h2>\n\n<div class=\"wp-block-post-excerpt has-small-font-size\"><p class=\"wp-block-post-excerpt__excerpt\">As usual, my alarm goes off at seven in the morning. It&#039;s been buzzing for five minutes now. What if, for once, someone brought me a steaming cup of coffee in bed... I can still dream. I get up and drag myself to the bathroom. Getting out of bed, I grab my phone and take a look at... <\/p><\/div>\n\n<a style=\"text-decoration:underline; padding-right:0;padding-left:0;padding-top:0;padding-bottom:0;margin-top:0;margin-bottom:0;\" class=\"wp-block-read-more has-small-font-size\" href=\"https:\/\/laurentchani.fr\/en\/premier-entretien-avec-robert-le-psycho-miroir\/\" target=\"_self\">Read more<span class=\"screen-reader-text\">: Rencontre avec Robert, le psycho-miroir<\/span><\/a>\n\n\n<div class=\"wp-block-group is-layout-flow wp-block-group-is-layout-flow\">\n<div class=\"wp-block-group is-content-justification-left is-nowrap is-layout-flex wp-container-core-group-is-layout-9d657466 wp-block-group-is-layout-flex\"><div class=\"wp-block-post-date\"><time datetime=\"2025-08-03T12:10:06+02:00\"><a href=\"https:\/\/laurentchani.fr\/en\/premier-entretien-avec-robert-le-psycho-miroir\/\">Aug 3, 2025<\/a><\/time><\/div><\/div>\n<\/div>\n<\/div>\n<\/div>\n\n<\/li><li class=\"wp-block-post post-536 post type-post status-publish format-standard has-post-thumbnail hentry category-anecdotes category-autoedition category-ia category-processus-decriture category-projet-en-cours category-quoi-de-neuf\">\n\n<div class=\"wp-block-columns alignwide are-vertically-aligned-center is-layout-flex wp-container-core-columns-is-layout-33233fb6 wp-block-columns-is-layout-flex\" style=\"margin-top:var(--wp--preset--spacing--20);margin-bottom:var(--wp--preset--spacing--20)\">\n<div class=\"wp-block-column is-vertically-aligned-center is-layout-flow wp-block-column-is-layout-flow\" style=\"flex-basis:72%\"><figure style=\"width:150px;height:150px; padding-top:0;padding-bottom:0;margin-top:0;margin-bottom:0;margin-left:0;margin-right:0;\" class=\"wp-block-post-featured-image\"><a href=\"https:\/\/laurentchani.fr\/en\/planning-de-developpement-de-mon-projet-dauteur\/\" target=\"_self\"  style=\"height:150px\"><img loading=\"lazy\" decoding=\"async\" width=\"512\" height=\"768\" src=\"https:\/\/laurentchani.fr\/wp-content\/uploads\/@Big-Daddy-12.jpg\" class=\"attachment-full size-full wp-post-image\" alt=\"Development plan for my author project\" style=\"height:150px;object-fit:cover;\" srcset=\"https:\/\/laurentchani.fr\/wp-content\/uploads\/@Big-Daddy-12.jpg 512w, https:\/\/laurentchani.fr\/wp-content\/uploads\/@Big-Daddy-12-200x300.jpg 200w\" sizes=\"auto, (max-width: 512px) 100vw, 512px\" \/><\/a><\/figure>\n\n<h2 style=\"font-size:clamp(0.984rem, 0.984rem + ((1vw - 0.2rem) * 0.645), 1.5rem);line-height:1.1;\" class=\"wp-block-post-title\"><a href=\"https:\/\/laurentchani.fr\/en\/planning-de-developpement-de-mon-projet-dauteur\/\" target=\"_self\" >Development plan for my author project<\/a><\/h2>\n\n<div class=\"wp-block-post-excerpt has-small-font-size\"><p class=\"wp-block-post-excerpt__excerpt\">Allow me here to outline the strategy that guides my work as an author. At the end of 2024, I began writing simple fragments that gradually evolved into a full-fledged story with several narrative arcs. I gained consistency and confidence, and without even realizing it, I\u2026 <\/p><\/div>\n\n<a style=\"text-decoration:underline; padding-right:0;padding-left:0;padding-top:0;padding-bottom:0;margin-top:0;margin-bottom:0;\" class=\"wp-block-read-more has-small-font-size\" href=\"https:\/\/laurentchani.fr\/en\/planning-de-developpement-de-mon-projet-dauteur\/\" target=\"_self\">Read more<span class=\"screen-reader-text\">: Plan de d\u00e9veloppement de mon projet d&rsquo;auteur<\/span><\/a>\n\n\n<div class=\"wp-block-group is-layout-flow wp-block-group-is-layout-flow\">\n<div class=\"wp-block-group is-content-justification-left is-nowrap is-layout-flex wp-container-core-group-is-layout-9d657466 wp-block-group-is-layout-flex\"><div class=\"wp-block-post-date\"><time datetime=\"2025-07-28T12:43:45+02:00\"><a href=\"https:\/\/laurentchani.fr\/en\/planning-de-developpement-de-mon-projet-dauteur\/\">Jul 28, 2025<\/a><\/time><\/div><\/div>\n<\/div>\n<\/div>\n<\/div>\n\n<\/li><li class=\"wp-block-post post-323 post type-post status-publish format-standard has-post-thumbnail hentry category-ia category-quoi-de-neuf\">\n\n<div class=\"wp-block-columns alignwide are-vertically-aligned-center is-layout-flex wp-container-core-columns-is-layout-33233fb6 wp-block-columns-is-layout-flex\" style=\"margin-top:var(--wp--preset--spacing--20);margin-bottom:var(--wp--preset--spacing--20)\">\n<div class=\"wp-block-column is-vertically-aligned-center is-layout-flow wp-block-column-is-layout-flow\" style=\"flex-basis:72%\"><figure style=\"width:150px;height:150px; padding-top:0;padding-bottom:0;margin-top:0;margin-bottom:0;margin-left:0;margin-right:0;\" class=\"wp-block-post-featured-image\"><a href=\"https:\/\/laurentchani.fr\/en\/lia-faut-il-avoir-du-grand-mechant-loup\/\" target=\"_self\"  style=\"height:150px\"><img loading=\"lazy\" decoding=\"async\" width=\"1536\" height=\"1024\" src=\"https:\/\/laurentchani.fr\/wp-content\/uploads\/2025\/07\/big-daddy-133-1.png\" class=\"attachment-full size-full wp-post-image\" alt=\"AI: Should we be afraid of the big bad wolf?\" style=\"height:150px;object-fit:cover;\" srcset=\"https:\/\/laurentchani.fr\/wp-content\/uploads\/2025\/07\/big-daddy-133-1.png 1536w, https:\/\/laurentchani.fr\/wp-content\/uploads\/2025\/07\/big-daddy-133-1-300x200.png 300w, https:\/\/laurentchani.fr\/wp-content\/uploads\/2025\/07\/big-daddy-133-1-1024x683.png 1024w, https:\/\/laurentchani.fr\/wp-content\/uploads\/2025\/07\/big-daddy-133-1-768x512.png 768w, https:\/\/laurentchani.fr\/wp-content\/uploads\/2025\/07\/big-daddy-133-1-18x12.png 18w, https:\/\/laurentchani.fr\/wp-content\/uploads\/2025\/07\/big-daddy-133-1-1320x880.png 1320w\" sizes=\"auto, (max-width: 1536px) 100vw, 1536px\" \/><\/a><\/figure>\n\n<h2 style=\"font-size:clamp(0.984rem, 0.984rem + ((1vw - 0.2rem) * 0.645), 1.5rem);line-height:1.1;\" class=\"wp-block-post-title\"><a href=\"https:\/\/laurentchani.fr\/en\/lia-faut-il-avoir-du-grand-mechant-loup\/\" target=\"_self\" >AI: Should we be afraid of the big bad wolf?<\/a><\/h2>\n\n<div class=\"wp-block-post-excerpt has-small-font-size\"><p class=\"wp-block-post-excerpt__excerpt\">This week, I&#039;ve been working on my website. And since you can&#039;t do it better than yourself, I decided to design it myself. I&#039;d already tried this about fifteen years ago when I was looking for work. At the time, a tutorial helped me a lot, without me having to write a single line of... <\/p><\/div>\n\n<a style=\"text-decoration:underline; padding-right:0;padding-left:0;padding-top:0;padding-bottom:0;margin-top:0;margin-bottom:0;\" class=\"wp-block-read-more has-small-font-size\" href=\"https:\/\/laurentchani.fr\/en\/lia-faut-il-avoir-du-grand-mechant-loup\/\" target=\"_self\">Read more<span class=\"screen-reader-text\">: L\u2019IA : Faut-il avoir peur du grand m\u00e9chant loup ?<\/span><\/a>\n\n\n<div class=\"wp-block-group is-layout-flow wp-block-group-is-layout-flow\">\n<div class=\"wp-block-group is-content-justification-left is-nowrap is-layout-flex wp-container-core-group-is-layout-9d657466 wp-block-group-is-layout-flex\"><div class=\"wp-block-post-date\"><time datetime=\"2025-07-25T07:55:47+02:00\"><a href=\"https:\/\/laurentchani.fr\/en\/lia-faut-il-avoir-du-grand-mechant-loup\/\">Jul 25, 2025<\/a><\/time><\/div><\/div>\n<\/div>\n<\/div>\n<\/div>\n\n<\/li><\/ul>\n\n\n<div style=\"height:var(--wp--preset--spacing--10)\" aria-hidden=\"true\" class=\"wp-block-spacer\"><\/div>\n\n\n\n\n<\/div>\n<\/div>\n<\/div>","protected":false},"excerpt":{"rendered":"<p>L\u2019auteur vous invite \u00e0 d\u00e9couvrir et \u00e0 partager les diff\u00e9rents \u00e9v\u00e9nements qui jalonnent son parcours d\u2019\u00e9crivain en devenir. Chaque \u00e9tape, qu\u2019elle soit marqu\u00e9e par une rencontre, une avanc\u00e9e ou une r\u00e9flexion, contribue \u00e0 fa\u00e7onner son exp\u00e9rience litt\u00e9raire. Ces instants sont autant de fen\u00eatres ouvertes sur les coulisses d\u2019un chemin cr\u00e9atif en construction. Ils t\u00e9moignent des [&hellip;]<\/p>\n","protected":false},"author":2,"featured_media":1281,"parent":0,"menu_order":0,"comment_status":"closed","ping_status":"closed","template":"","meta":{"_uag_custom_page_level_css":"","footnotes":""},"class_list":["post-881","page","type-page","status-publish","has-post-thumbnail","hentry"],"blocksy_meta":[],"uagb_featured_image_src":{"full":["https:\/\/laurentchani.fr\/wp-content\/uploads\/2025\/08\/40big-daddy-08-p-1-2.jpg",512,768,false],"thumbnail":["https:\/\/laurentchani.fr\/wp-content\/uploads\/2025\/08\/40big-daddy-08-p-1-2-150x150.jpg",150,150,true],"medium":["https:\/\/laurentchani.fr\/wp-content\/uploads\/2025\/08\/40big-daddy-08-p-1-2-200x300.jpg",200,300,true],"medium_large":["https:\/\/laurentchani.fr\/wp-content\/uploads\/2025\/08\/40big-daddy-08-p-1-2.jpg",512,768,false],"large":["https:\/\/laurentchani.fr\/wp-content\/uploads\/2025\/08\/40big-daddy-08-p-1-2.jpg",512,768,false],"1536x1536":["https:\/\/laurentchani.fr\/wp-content\/uploads\/2025\/08\/40big-daddy-08-p-1-2.jpg",512,768,false],"2048x2048":["https:\/\/laurentchani.fr\/wp-content\/uploads\/2025\/08\/40big-daddy-08-p-1-2.jpg",512,768,false],"trp-custom-language-flag":["https:\/\/laurentchani.fr\/wp-content\/uploads\/2025\/08\/40big-daddy-08-p-1-2-8x12.jpg",8,12,true],"mailpoet_newsletter_max":["https:\/\/laurentchani.fr\/wp-content\/uploads\/2025\/08\/40big-daddy-08-p-1-2.jpg",512,768,false]},"uagb_author_info":{"display_name":"Laurent CHANI","author_link":"https:\/\/laurentchani.fr\/en\/author\/laurentchojnowski970fe415b2\/"},"uagb_comment_info":0,"uagb_excerpt":"L\u2019auteur vous invite \u00e0 d\u00e9couvrir et \u00e0 partager les diff\u00e9rents \u00e9v\u00e9nements qui jalonnent son parcours d\u2019\u00e9crivain en devenir. Chaque \u00e9tape, qu\u2019elle soit marqu\u00e9e par une rencontre, une avanc\u00e9e ou une r\u00e9flexion, contribue \u00e0 fa\u00e7onner son exp\u00e9rience litt\u00e9raire. Ces instants sont autant de fen\u00eatres ouvertes sur les coulisses d\u2019un chemin cr\u00e9atif en construction. Ils t\u00e9moignent des&hellip;","_links":{"self":[{"href":"https:\/\/laurentchani.fr\/en\/wp-json\/wp\/v2\/pages\/881","targetHints":{"allow":["GET"]}}],"collection":[{"href":"https:\/\/laurentchani.fr\/en\/wp-json\/wp\/v2\/pages"}],"about":[{"href":"https:\/\/laurentchani.fr\/en\/wp-json\/wp\/v2\/types\/page"}],"author":[{"embeddable":true,"href":"https:\/\/laurentchani.fr\/en\/wp-json\/wp\/v2\/users\/2"}],"replies":[{"embeddable":true,"href":"https:\/\/laurentchani.fr\/en\/wp-json\/wp\/v2\/comments?post=881"}],"version-history":[{"count":7,"href":"https:\/\/laurentchani.fr\/en\/wp-json\/wp\/v2\/pages\/881\/revisions"}],"predecessor-version":[{"id":4049,"href":"https:\/\/laurentchani.fr\/en\/wp-json\/wp\/v2\/pages\/881\/revisions\/4049"}],"wp:featuredmedia":[{"embeddable":true,"href":"https:\/\/laurentchani.fr\/en\/wp-json\/wp\/v2\/media\/1281"}],"wp:attachment":[{"href":"https:\/\/laurentchani.fr\/en\/wp-json\/wp\/v2\/media?parent=881"}],"curies":[{"name":"wp","href":"https:\/\/api.w.org\/{rel}","templated":true}]}}