{"id":865,"date":"2025-07-31T09:38:13","date_gmt":"2025-07-31T07:38:13","guid":{"rendered":"https:\/\/laurentchani.com\/?page_id=865"},"modified":"2025-09-14T14:14:48","modified_gmt":"2025-09-14T12:14:48","slug":"lia-and-writing","status":"publish","type":"page","link":"https:\/\/laurentchani.fr\/en\/lia-et-lecriture\/","title":{"rendered":"AI and writing"},"content":{"rendered":"<figure class=\"wp-block-image aligncenter size-medium\"><a href=\"https:\/\/laurentchani.fr\/wp-content\/uploads\/2025\/07\/big-daddy-16-1-1.jpg\"><img loading=\"lazy\" decoding=\"async\" width=\"300\" height=\"300\" src=\"https:\/\/laurentchani.fr\/wp-content\/uploads\/2025\/07\/big-daddy-16-1-1-300x300.jpg\" alt=\"A science fiction novelist watches a robot painter depicting a scene where the writer conducts a rain of quills like an orchestra | A SF novelist watches a robot painter depicting a scene where the writer conducts a rain of quills like an orchestra\" class=\"wp-image-866\" srcset=\"https:\/\/laurentchani.fr\/wp-content\/uploads\/2025\/07\/big-daddy-16-1-1-300x300.jpg 300w, https:\/\/laurentchani.fr\/wp-content\/uploads\/2025\/07\/big-daddy-16-1-1-150x150.jpg 150w, https:\/\/laurentchani.fr\/wp-content\/uploads\/2025\/07\/big-daddy-16-1-1-12x12.jpg 12w, https:\/\/laurentchani.fr\/wp-content\/uploads\/2025\/07\/big-daddy-16-1-1.jpg 512w\" sizes=\"auto, (max-width: 300px) 100vw, 300px\" \/><\/a><\/figure>\n\n\n\n<p class=\"has-text-align-justify has-medium-font-size\">So much for the<strong>writer<\/strong> that for the <strong>drive<\/strong>, the question is topical: what is truly born from the<strong>human spirit<\/strong> and what can we expect from it<strong>artificial intelligence<\/strong> ? The author has made it a rule to use the<strong>AI<\/strong> like a simple <strong>auxiliary tool<\/strong>, without directly associating it with his creative approach. You will find here some <strong>items<\/strong> outlining how he seeks to integrate the<strong>AI<\/strong> in his <strong>work<\/strong>.<\/p>\n\n\n\n<hr class=\"wp-block-separator has-alpha-channel-opacity\"\/>\n\n\n\n<div class=\"wp-block-query is-content-justification-center is-layout-constrained wp-block-query-is-layout-constrained\">\n<div class=\"wp-block-group is-layout-flow wp-block-group-is-layout-flow\" style=\"margin-top:0;margin-bottom:0;padding-top:var(--wp--preset--spacing--50);padding-right:0;padding-bottom:var(--wp--preset--spacing--50);padding-left:0\"><ul class=\"alignfull wp-block-post-template is-layout-flow wp-container-core-post-template-is-layout-b377334a wp-block-post-template-is-layout-flow\"><li class=\"wp-block-post post-4406 post type-post status-publish format-standard has-post-thumbnail hentry category-ia\">\n\n<div class=\"wp-block-group is-vertical is-nowrap is-layout-flex wp-container-core-group-is-layout-9bc6ff26 wp-block-group-is-layout-flex\"><figure style=\"width:150px;height:150px;\" class=\"wp-block-post-featured-image\"><a href=\"https:\/\/laurentchani.fr\/en\/vibe-coding-mon-retour-dexperience-apres-plus-de-1-000-iterations\/\" target=\"_self\"  style=\"height:150px\"><img loading=\"lazy\" decoding=\"async\" width=\"768\" height=\"512\" src=\"https:\/\/laurentchani.fr\/wp-content\/uploads\/Image1.jpg\" class=\"attachment-post-thumbnail size-post-thumbnail wp-post-image\" alt=\"Vibe Coding: My experience after more than 1,000 iterations\" style=\"height:150px;object-fit:cover;\" srcset=\"https:\/\/laurentchani.fr\/wp-content\/uploads\/Image1.jpg 768w, https:\/\/laurentchani.fr\/wp-content\/uploads\/Image1-300x200.jpg 300w, https:\/\/laurentchani.fr\/wp-content\/uploads\/Image1-18x12.jpg 18w\" sizes=\"auto, (max-width: 768px) 100vw, 768px\" \/><\/a><\/figure>\n\n<h2 style=\"margin-bottom:0;\" class=\"wp-block-post-title has-x-large-font-size\"><a href=\"https:\/\/laurentchani.fr\/en\/vibe-coding-mon-retour-dexperience-apres-plus-de-1-000-iterations\/\" target=\"_self\" >Vibe Coding: My experience after more than 1,000 iterations<\/a><\/h2>\n\n<div class=\"wp-block-post-excerpt has-small-font-size\"><p class=\"wp-block-post-excerpt__excerpt\">One of the major promises of AI today is clear: to enable the creation of applications and software tools without writing a single line of code yourself. Whether we&#039;re talking about web development, PC development, or other platforms, the idea is appealing: control an AI, entrust it with code generation, and obtain a turnkey application\u2026 <\/p><\/div>\n\n<a class=\"wp-block-read-more\" href=\"https:\/\/laurentchani.fr\/en\/vibe-coding-mon-retour-dexperience-apres-plus-de-1-000-iterations\/\" target=\"_self\">Read more<span class=\"screen-reader-text\">: Vibe Coding : mon retour d\u2019exp\u00e9rience apr\u00e8s plus de 1 000 it\u00e9rations<\/span><\/a>\n\n\n\n\n<div style=\"height:0px\" aria-hidden=\"true\" class=\"wp-block-spacer wp-container-content-32e3a40d\"><\/div>\n<\/div>\n\n<\/li><li class=\"wp-block-post post-4400 post type-post status-publish format-standard has-post-thumbnail hentry category-ia category-uncategorized\">\n\n<div class=\"wp-block-group is-vertical is-nowrap is-layout-flex wp-container-core-group-is-layout-9bc6ff26 wp-block-group-is-layout-flex\"><figure style=\"width:150px;height:150px;\" class=\"wp-block-post-featured-image\"><a href=\"https:\/\/laurentchani.fr\/en\/agent-ai-pour-les-entreprises-tpe-pem\/\" target=\"_self\"  style=\"height:150px\"><img loading=\"lazy\" decoding=\"async\" width=\"768\" height=\"512\" src=\"https:\/\/laurentchani.fr\/wp-content\/uploads\/@Big-Daddy-106.jpg\" class=\"attachment-post-thumbnail size-post-thumbnail wp-post-image\" alt=\"AI Agent for SMEs \u2013 SME\" style=\"height:150px;object-fit:cover;\" srcset=\"https:\/\/laurentchani.fr\/wp-content\/uploads\/@Big-Daddy-106.jpg 768w, https:\/\/laurentchani.fr\/wp-content\/uploads\/@Big-Daddy-106-300x200.jpg 300w, https:\/\/laurentchani.fr\/wp-content\/uploads\/@Big-Daddy-106-18x12.jpg 18w\" sizes=\"auto, (max-width: 768px) 100vw, 768px\" \/><\/a><\/figure>\n\n<h2 style=\"margin-bottom:0;\" class=\"wp-block-post-title has-x-large-font-size\"><a href=\"https:\/\/laurentchani.fr\/en\/agent-ai-pour-les-entreprises-tpe-pem\/\" target=\"_self\" >AI Agent for SMEs \u2013 SME<\/a><\/h2>\n\n<div class=\"wp-block-post-excerpt has-small-font-size\"><p class=\"wp-block-post-excerpt__excerpt\">What added value can AI bring to a factory? It&#039;s a legitimate question. Staying informed on a daily basis is easy. But integrating it into an industrial process is another matter entirely. The business owner dreams of saving time, reducing production errors, improving quality, and increasing revenue. So he\u2026 <\/p><\/div>\n\n<a class=\"wp-block-read-more\" href=\"https:\/\/laurentchani.fr\/en\/agent-ai-pour-les-entreprises-tpe-pem\/\" target=\"_self\">Read more<span class=\"screen-reader-text\">: Agent AI pour les TPE &#8211; PEM<\/span><\/a>\n\n\n\n\n<div style=\"height:0px\" aria-hidden=\"true\" class=\"wp-block-spacer wp-container-content-32e3a40d\"><\/div>\n<\/div>\n\n<\/li><li class=\"wp-block-post post-4391 post type-post status-publish format-standard has-post-thumbnail hentry category-ia category-uncategorized\">\n\n<div class=\"wp-block-group is-vertical is-nowrap is-layout-flex wp-container-core-group-is-layout-9bc6ff26 wp-block-group-is-layout-flex\"><figure style=\"width:150px;height:150px;\" class=\"wp-block-post-featured-image\"><a href=\"https:\/\/laurentchani.fr\/en\/lia-entre-dans-lindustrie-via-des-usages-concrets\/\" target=\"_self\"  style=\"height:150px\"><img loading=\"lazy\" decoding=\"async\" width=\"768\" height=\"512\" src=\"https:\/\/laurentchani.fr\/wp-content\/uploads\/@Big-Daddy-105.jpg\" class=\"attachment-post-thumbnail size-post-thumbnail wp-post-image\" alt=\"AI is entering industry through concrete applications.\" style=\"height:150px;object-fit:cover;\" srcset=\"https:\/\/laurentchani.fr\/wp-content\/uploads\/@Big-Daddy-105.jpg 768w, https:\/\/laurentchani.fr\/wp-content\/uploads\/@Big-Daddy-105-300x200.jpg 300w, https:\/\/laurentchani.fr\/wp-content\/uploads\/@Big-Daddy-105-18x12.jpg 18w\" sizes=\"auto, (max-width: 768px) 100vw, 768px\" \/><\/a><\/figure>\n\n<h2 style=\"margin-bottom:0;\" class=\"wp-block-post-title has-x-large-font-size\"><a href=\"https:\/\/laurentchani.fr\/en\/lia-entre-dans-lindustrie-via-des-usages-concrets\/\" target=\"_self\" >AI is entering industry through concrete applications.<\/a><\/h2>\n\n<div class=\"wp-block-post-excerpt has-small-font-size\"><p class=\"wp-block-post-excerpt__excerpt\">AI will become essential in industry through tangible use cases. ERP\/MRP systems will have to evolve\u2014with their inherent risks\u2014or disappear. My decades of experience in the software industry (simulation, CAD, ERP) give me a clear perspective on the implications of AI for the mechanical engineering market. Furthermore, I have no vested interest\u2026 <\/p><\/div>\n\n<a class=\"wp-block-read-more\" href=\"https:\/\/laurentchani.fr\/en\/lia-entre-dans-lindustrie-via-des-usages-concrets\/\" target=\"_self\">Read more<span class=\"screen-reader-text\">: l\u2019IA entre dans l\u2019industrie via des usages concrets<\/span><\/a>\n\n\n\n\n<div style=\"height:0px\" aria-hidden=\"true\" class=\"wp-block-spacer wp-container-content-32e3a40d\"><\/div>\n<\/div>\n\n<\/li><li class=\"wp-block-post post-4382 post type-post status-publish format-standard has-post-thumbnail hentry category-ia category-uncategorized\">\n\n<div class=\"wp-block-group is-vertical is-nowrap is-layout-flex wp-container-core-group-is-layout-9bc6ff26 wp-block-group-is-layout-flex\"><figure style=\"width:150px;height:150px;\" class=\"wp-block-post-featured-image\"><a href=\"https:\/\/laurentchani.fr\/en\/le-blues-du-developpeur\/\" target=\"_self\"  style=\"height:150px\"><img loading=\"lazy\" decoding=\"async\" width=\"768\" height=\"512\" src=\"https:\/\/laurentchani.fr\/wp-content\/uploads\/@Big-Daddy-104-P.jpg\" class=\"attachment-post-thumbnail size-post-thumbnail wp-post-image\" alt=\"Developer blues\" style=\"height:150px;object-fit:cover;\" srcset=\"https:\/\/laurentchani.fr\/wp-content\/uploads\/@Big-Daddy-104-P.jpg 768w, https:\/\/laurentchani.fr\/wp-content\/uploads\/@Big-Daddy-104-P-300x200.jpg 300w, https:\/\/laurentchani.fr\/wp-content\/uploads\/@Big-Daddy-104-P-18x12.jpg 18w\" sizes=\"auto, (max-width: 768px) 100vw, 768px\" \/><\/a><\/figure>\n\n<h2 style=\"margin-bottom:0;\" class=\"wp-block-post-title has-x-large-font-size\"><a href=\"https:\/\/laurentchani.fr\/en\/le-blues-du-developpeur\/\" target=\"_self\" >Developer blues<\/a><\/h2>\n\n<div class=\"wp-block-post-excerpt has-small-font-size\"><p class=\"wp-block-post-excerpt__excerpt\">You&#039;ve probably noticed that a large number of human employee positions are being replaced by AI\/AI agents. This is especially true for developers (coders), primarily entry-level ones, whose future is more than uncertain. If what&#039;s being said is true, it&#039;s a real paradigm shift in software development teams\u2026 <\/p><\/div>\n\n<a class=\"wp-block-read-more\" href=\"https:\/\/laurentchani.fr\/en\/le-blues-du-developpeur\/\" target=\"_self\">Read more<span class=\"screen-reader-text\">: Le blues du d\u00e9veloppeur<\/span><\/a>\n\n\n\n\n<div style=\"height:0px\" aria-hidden=\"true\" class=\"wp-block-spacer wp-container-content-32e3a40d\"><\/div>\n<\/div>\n\n<\/li><\/ul>\n\n<nav class=\"wp-block-query-pagination is-content-justification-space-between is-layout-flex wp-container-core-query-pagination-is-layout-b2891da8 wp-block-query-pagination-is-layout-flex\" aria-label=\"Pagination\">\n\n\n<div class=\"wp-block-query-pagination-numbers\"><span aria-current=\"page\" class=\"page-numbers current\">1<\/span>\n<a class=\"page-numbers\" href=\"?query-14-page=2\">2<\/a>\n<a class=\"page-numbers\" href=\"?query-14-page=3\">3<\/a>\n<span class=\"page-numbers dots\">&hellip;<\/span>\n<a class=\"page-numbers\" href=\"?query-14-page=7\">7<\/a><\/div>\n\n<a href=\"\/en\/wp-json\/wp\/v2\/pages\/865?query-14-page=2\" class=\"wp-block-query-pagination-next\">Next Page<span class='wp-block-query-pagination-next-arrow is-arrow-arrow' aria-hidden='true'>\u2192<\/span><\/a>\n<\/nav>\n\n<\/div>\n<\/div>","protected":false},"excerpt":{"rendered":"<p>Autant pour l\u2019\u00e9crivain que pour le lecteur, la question est d\u2019actualit\u00e9 : qu\u2019est-ce qui na\u00eet v\u00e9ritablement de l\u2019esprit humain et qu\u2019est-ce que l\u2019on peut attendre de l\u2019intelligence artificielle ? L\u2019auteur s\u2019est fix\u00e9 pour r\u00e8gle d\u2019employer l\u2019IA comme un simple outil d\u2019appoint, sans l\u2019associer directement \u00e0 sa d\u00e9marche cr\u00e9ative. Vous trouverez ici quelques articles exposant la [&hellip;]<\/p>\n","protected":false},"author":1,"featured_media":866,"parent":0,"menu_order":0,"comment_status":"closed","ping_status":"closed","template":"","meta":{"_uag_custom_page_level_css":"","footnotes":""},"class_list":["post-865","page","type-page","status-publish","has-post-thumbnail","hentry"],"blocksy_meta":[],"uagb_featured_image_src":{"full":["https:\/\/laurentchani.fr\/wp-content\/uploads\/2025\/07\/big-daddy-16-1-1.jpg",512,512,false],"thumbnail":["https:\/\/laurentchani.fr\/wp-content\/uploads\/2025\/07\/big-daddy-16-1-1-150x150.jpg",150,150,true],"medium":["https:\/\/laurentchani.fr\/wp-content\/uploads\/2025\/07\/big-daddy-16-1-1-300x300.jpg",300,300,true],"medium_large":["https:\/\/laurentchani.fr\/wp-content\/uploads\/2025\/07\/big-daddy-16-1-1.jpg",512,512,false],"large":["https:\/\/laurentchani.fr\/wp-content\/uploads\/2025\/07\/big-daddy-16-1-1.jpg",512,512,false],"1536x1536":["https:\/\/laurentchani.fr\/wp-content\/uploads\/2025\/07\/big-daddy-16-1-1.jpg",512,512,false],"2048x2048":["https:\/\/laurentchani.fr\/wp-content\/uploads\/2025\/07\/big-daddy-16-1-1.jpg",512,512,false],"trp-custom-language-flag":["https:\/\/laurentchani.fr\/wp-content\/uploads\/2025\/07\/big-daddy-16-1-1-12x12.jpg",12,12,true],"mailpoet_newsletter_max":["https:\/\/laurentchani.fr\/wp-content\/uploads\/2025\/07\/big-daddy-16-1-1.jpg",512,512,false]},"uagb_author_info":{"display_name":"admin5261","author_link":"https:\/\/laurentchani.fr\/en\/author\/admin5261\/"},"uagb_comment_info":0,"uagb_excerpt":"Autant pour l\u2019\u00e9crivain que pour le lecteur, la question est d\u2019actualit\u00e9 : qu\u2019est-ce qui na\u00eet v\u00e9ritablement de l\u2019esprit humain et qu\u2019est-ce que l\u2019on peut attendre de l\u2019intelligence artificielle ? L\u2019auteur s\u2019est fix\u00e9 pour r\u00e8gle d\u2019employer l\u2019IA comme un simple outil d\u2019appoint, sans l\u2019associer directement \u00e0 sa d\u00e9marche cr\u00e9ative. Vous trouverez ici quelques articles exposant la&hellip;","_links":{"self":[{"href":"https:\/\/laurentchani.fr\/en\/wp-json\/wp\/v2\/pages\/865","targetHints":{"allow":["GET"]}}],"collection":[{"href":"https:\/\/laurentchani.fr\/en\/wp-json\/wp\/v2\/pages"}],"about":[{"href":"https:\/\/laurentchani.fr\/en\/wp-json\/wp\/v2\/types\/page"}],"author":[{"embeddable":true,"href":"https:\/\/laurentchani.fr\/en\/wp-json\/wp\/v2\/users\/1"}],"replies":[{"embeddable":true,"href":"https:\/\/laurentchani.fr\/en\/wp-json\/wp\/v2\/comments?post=865"}],"version-history":[{"count":4,"href":"https:\/\/laurentchani.fr\/en\/wp-json\/wp\/v2\/pages\/865\/revisions"}],"predecessor-version":[{"id":4063,"href":"https:\/\/laurentchani.fr\/en\/wp-json\/wp\/v2\/pages\/865\/revisions\/4063"}],"wp:featuredmedia":[{"embeddable":true,"href":"https:\/\/laurentchani.fr\/en\/wp-json\/wp\/v2\/media\/866"}],"wp:attachment":[{"href":"https:\/\/laurentchani.fr\/en\/wp-json\/wp\/v2\/media?parent=865"}],"curies":[{"name":"wp","href":"https:\/\/api.w.org\/{rel}","templated":true}]}}