{"id":774,"date":"2025-07-30T15:23:42","date_gmt":"2025-07-30T13:23:42","guid":{"rendered":"https:\/\/laurentchani.com\/?page_id=774"},"modified":"2025-11-22T10:35:52","modified_gmt":"2025-11-22T09:35:52","slug":"my-universe","status":"publish","type":"page","link":"https:\/\/laurentchani.fr\/en\/mon-univers\/","title":{"rendered":"My universe"},"content":{"rendered":"<figure class=\"wp-block-image aligncenter size-medium\"><a href=\"https:\/\/laurentchani.fr\/wp-content\/uploads\/2025\/08\/40big-daddy-08-p-1-2.jpg\"><img loading=\"lazy\" decoding=\"async\" width=\"200\" height=\"300\" src=\"https:\/\/laurentchani.fr\/wp-content\/uploads\/2025\/08\/40big-daddy-08-p-1-2-200x300.jpg\" alt=\"Laurent Chani, seated in an armchair with a quill in hand, gazes at the starry sky where a rocket and planets rise from his pipe smoke | Laurent Chani, seated in an armchair with a quill in hand, gazes at the starry sky where a rocket and planets rise from his pipe smoke\" class=\"wp-image-1281\" srcset=\"https:\/\/laurentchani.fr\/wp-content\/uploads\/2025\/08\/40big-daddy-08-p-1-2-200x300.jpg 200w, https:\/\/laurentchani.fr\/wp-content\/uploads\/2025\/08\/40big-daddy-08-p-1-2-8x12.jpg 8w, https:\/\/laurentchani.fr\/wp-content\/uploads\/2025\/08\/40big-daddy-08-p-1-2.jpg 512w\" sizes=\"auto, (max-width: 200px) 100vw, 200px\" \/><\/a><\/figure>\n\n\n\n<p class=\"has-text-align-justify has-medium-font-size\">In a world where the <strong>leather<\/strong> cracks under the weight of men and where the <strong>smoke<\/strong> cigarettes veil the silences, <strong>giants in costume<\/strong> dream of infinity. Behind their gazes<strong>steel<\/strong> open <strong>starry skies<\/strong> of <strong>galaxies<\/strong> and of <strong>rockets<\/strong> : a dizzying escape where the <strong>real<\/strong>, heavy and rough, crumbles on contact with <strong>dreams<\/strong>.<\/p>\n\n\n\n<div class=\"wp-block-group is-layout-constrained wp-block-group-is-layout-constrained\" style=\"border-width:1px;border-radius:14px\">\n<div class=\"wp-block-columns has-contrast-3-color has-text-color has-link-color wp-elements-9096268e884755870b90724a53c43650 is-layout-flex wp-container-core-columns-is-layout-feb467cd wp-block-columns-is-layout-flex\" style=\"border-style:none;border-width:0px;border-radius:0px;padding-right:var(--wp--preset--spacing--30);padding-left:var(--wp--preset--spacing--30)\">\n<div class=\"wp-block-column is-layout-flow wp-block-column-is-layout-flow\">\n<h2 class=\"wp-block-heading has-text-align-center\"><a href=\"https:\/\/laurentchani.fr\/en\/current-novels-2\/\">Novels in progress<\/a><\/h2>\n\n\n\n<figure class=\"wp-block-image aligncenter size-full is-resized has-custom-border\"><a href=\"https:\/\/laurentchani.fr\/wp-content\/uploads\/2025\/07\/big-daddy-05.jpg\"><img loading=\"lazy\" decoding=\"async\" width=\"512\" height=\"768\" src=\"https:\/\/laurentchani.wordpress.com\/wp-content\/uploads\/2025\/07\/big-daddy-05.jpg\" alt=\"The author sitting at his table writes a letter\" class=\"wp-image-748\" style=\"border-radius:14px;object-fit:contain;width:150px;height:150px\" srcset=\"https:\/\/laurentchani.fr\/wp-content\/uploads\/2025\/07\/big-daddy-05.jpg 512w, https:\/\/laurentchani.fr\/wp-content\/uploads\/2025\/07\/big-daddy-05-200x300.jpg 200w, https:\/\/laurentchani.fr\/wp-content\/uploads\/2025\/07\/big-daddy-05-8x12.jpg 8w\" sizes=\"auto, (max-width: 512px) 100vw, 512px\" \/><\/a><\/figure>\n\n\n\n<div class=\"wp-block-buttons is-content-justification-center is-layout-flex wp-container-core-buttons-is-layout-0e5957a4 wp-block-buttons-is-layout-flex\" style=\"padding-right:var(--wp--preset--spacing--10);padding-left:var(--wp--preset--spacing--10)\">\n<div class=\"wp-block-button\"><a class=\"wp-block-button__link has-accent-5-color has-base-2-background-color has-text-color has-background has-link-color has-medium-font-size has-text-align-center has-custom-font-size wp-element-button\" href=\"https:\/\/laurentchani.fr\/en\/current-novels-2\/\" style=\"border-radius:14px;padding-right:var(--wp--preset--spacing--10);padding-left:var(--wp--preset--spacing--10)\"><em>The author shares his literary world with you.<\/em><\/a><\/div>\n<\/div>\n<\/div>\n\n\n\n<div class=\"wp-block-column is-layout-flow wp-block-column-is-layout-flow\">\n<h2 class=\"wp-block-heading has-text-align-center\"><a href=\"https:\/\/laurentchani.fr\/en\/behind-the-scenes-making-of\/\">Behind the Scenes (Making of)<\/a><\/h2>\n\n\n\n<figure class=\"wp-block-image aligncenter size-full is-resized has-custom-border\"><a href=\"https:\/\/laurentchani.fr\/wp-content\/uploads\/2025\/08\/40big-daddy-10-p-1.jpg\"><img loading=\"lazy\" decoding=\"async\" width=\"512\" height=\"768\" src=\"https:\/\/laurentchani.fr\/wp-content\/uploads\/2025\/08\/40big-daddy-10-p-1.jpg\" alt=\"The author emerges from behind the scenes (the making of) of a theater scene, a book in hand. This represents the hidden side of the creation of a work.\" class=\"wp-image-1274\" style=\"border-radius:14px;object-fit:contain;width:150px;height:150px\" srcset=\"https:\/\/laurentchani.fr\/wp-content\/uploads\/2025\/08\/40big-daddy-10-p-1.jpg 512w, https:\/\/laurentchani.fr\/wp-content\/uploads\/2025\/08\/40big-daddy-10-p-1-200x300.jpg 200w, https:\/\/laurentchani.fr\/wp-content\/uploads\/2025\/08\/40big-daddy-10-p-1-8x12.jpg 8w\" sizes=\"auto, (max-width: 512px) 100vw, 512px\" \/><\/a><\/figure>\n\n\n\n<div class=\"wp-block-buttons is-content-justification-center is-layout-flex wp-container-core-buttons-is-layout-0e5957a4 wp-block-buttons-is-layout-flex\" style=\"padding-right:var(--wp--preset--spacing--10);padding-left:var(--wp--preset--spacing--10)\">\n<div class=\"wp-block-button\"><a class=\"wp-block-button__link has-accent-5-color has-base-2-background-color has-text-color has-background has-link-color has-medium-font-size has-text-align-center has-custom-font-size wp-element-button\" href=\"https:\/\/laurentchani.fr\/en\/behind-the-scenes-making-of\/\" style=\"border-radius:14px;padding-right:var(--wp--preset--spacing--10);padding-left:var(--wp--preset--spacing--10)\"><em>The author takes you behind the scenes (Making of) of the creation of his universe<\/em><\/a><\/div>\n<\/div>\n\n\n\n<p><\/p>\n<\/div>\n<\/div>\n\n\n\n<div class=\"wp-block-columns is-layout-flex wp-container-core-columns-is-layout-28f84493 wp-block-columns-is-layout-flex\">\n<div class=\"wp-block-column is-layout-flow wp-block-column-is-layout-flow\">\n<h2 class=\"wp-block-heading has-text-align-center is-style-default\" style=\"margin-right:var(--wp--preset--spacing--10);margin-left:var(--wp--preset--spacing--10)\"><a href=\"https:\/\/laurentchani.fr\/en\/writing-2\/\">Writing<\/a><\/h2>\n\n\n\n<div class=\"wp-block-group is-layout-constrained wp-container-core-group-is-layout-69e8afa5 wp-block-group-is-layout-constrained\" style=\"padding-top:0;padding-right:var(--wp--preset--spacing--30);padding-bottom:var(--wp--preset--spacing--30);padding-left:var(--wp--preset--spacing--30)\">\n<figure class=\"wp-block-image aligncenter size-full is-resized\"><a href=\"https:\/\/laurentchani.fr\/wp-content\/uploads\/2025\/07\/big-daddy-05.jpg\"><img loading=\"lazy\" decoding=\"async\" width=\"512\" height=\"768\" src=\"https:\/\/laurentchani.wordpress.com\/wp-content\/uploads\/2025\/07\/big-daddy-05.jpg\" alt=\"The author in costume writes a letter with a pen.\" class=\"wp-image-748\" style=\"object-fit:contain;width:150px;height:150px\" srcset=\"https:\/\/laurentchani.fr\/wp-content\/uploads\/2025\/07\/big-daddy-05.jpg 512w, https:\/\/laurentchani.fr\/wp-content\/uploads\/2025\/07\/big-daddy-05-200x300.jpg 200w, https:\/\/laurentchani.fr\/wp-content\/uploads\/2025\/07\/big-daddy-05-8x12.jpg 8w\" sizes=\"auto, (max-width: 512px) 100vw, 512px\" \/><\/a><\/figure>\n\n\n\n<div class=\"wp-block-buttons alignwide has-base-2-background-color has-background is-content-justification-center is-layout-flex wp-container-core-buttons-is-layout-a89b3969 wp-block-buttons-is-layout-flex\" style=\"border-radius:14px\">\n<div class=\"wp-block-button\"><a class=\"wp-block-button__link has-accent-5-color has-base-2-background-color has-text-color has-background has-link-color has-text-align-center wp-element-button\" href=\"https:\/\/laurentchani.fr\/en\/writing-2\/\" style=\"border-radius:14px\"><em>P<\/em>writing process<\/a><\/div>\n<\/div>\n<\/div>\n<\/div>\n\n\n\n<div class=\"wp-block-column is-layout-flow wp-block-column-is-layout-flow\">\n<h2 class=\"wp-block-heading has-text-align-center has-contrast-3-color has-text-color has-link-color wp-elements-a3ba42c200ab971ec4f06f43ca875fe3\"><a href=\"https:\/\/laurentchani.fr\/en\/illustrations\/\" data-type=\"link\" data-id=\"https:\/\/laurentchani.fr\/illustrations\/\">Illustrations<\/a><\/h2>\n\n\n\n<div class=\"wp-block-group is-layout-constrained wp-container-core-group-is-layout-3165c0be wp-block-group-is-layout-constrained\" style=\"padding-top:var(--wp--preset--spacing--30);padding-right:var(--wp--preset--spacing--40);padding-left:var(--wp--preset--spacing--40)\">\n<figure class=\"wp-block-image aligncenter size-medium is-resized\"><a href=\"https:\/\/laurentchani.fr\/wp-content\/uploads\/logo-color-512-2pxb.png\"><img loading=\"lazy\" decoding=\"async\" width=\"300\" height=\"300\" src=\"https:\/\/laurentchani.fr\/wp-content\/uploads\/logo-color-512-2pxb-300x300.png\" alt=\"Dragon-Cat logo with vibrant fractal colors, symbolizing the universe of author Laurent Chani | Dragon-Cat logo with vibrant fractal colors, symbolizing the universe of author Laurent Chani\" class=\"wp-image-4199\" style=\"object-fit:contain;width:150px;height:150px\" srcset=\"https:\/\/laurentchani.fr\/wp-content\/uploads\/logo-color-512-2pxb-300x300.png 300w, https:\/\/laurentchani.fr\/wp-content\/uploads\/logo-color-512-2pxb-150x150.png 150w, https:\/\/laurentchani.fr\/wp-content\/uploads\/logo-color-512-2pxb-12x12.png 12w, https:\/\/laurentchani.fr\/wp-content\/uploads\/logo-color-512-2pxb.png 512w\" sizes=\"auto, (max-width: 300px) 100vw, 300px\" \/><\/a><\/figure>\n\n\n\n<div class=\"wp-block-buttons alignwide is-content-justification-center is-layout-flex wp-container-core-buttons-is-layout-a89b3969 wp-block-buttons-is-layout-flex\">\n<div class=\"wp-block-button\"><a class=\"wp-block-button__link has-accent-5-color has-base-2-background-color has-text-color has-background has-link-color has-text-align-center wp-element-button\" href=\"https:\/\/laurentchani.fr\/en\/illustrations\/\" style=\"border-radius:14px\">Graphic creations by the author<\/a><\/div>\n<\/div>\n\n\n\n<p><\/p>\n<\/div>\n<\/div>\n<\/div>\n<\/div>","protected":false},"excerpt":{"rendered":"<p>Dans un monde o\u00f9 le cuir craque sous le poids des hommes et o\u00f9 la fum\u00e9e des cigarettes voile les silences, des g\u00e9ants en costume r\u00eavent d\u2019infini. Derri\u00e8re leurs regards d\u2019acier s\u2019ouvrent des ciels constell\u00e9s de galaxies et de fus\u00e9es : une \u00e9chapp\u00e9e vertigineuse o\u00f9 le r\u00e9el, lourd et rugueux, s\u2019effrite au contact des songes. [&hellip;]<\/p>\n","protected":false},"author":2,"featured_media":1260,"parent":0,"menu_order":0,"comment_status":"closed","ping_status":"closed","template":"","meta":{"_uag_custom_page_level_css":"","footnotes":""},"class_list":["post-774","page","type-page","status-publish","has-post-thumbnail","hentry"],"blocksy_meta":[],"uagb_featured_image_src":{"full":["https:\/\/laurentchani.fr\/wp-content\/uploads\/2025\/08\/40big-daddy-08-p-1.jpg",512,768,false],"thumbnail":["https:\/\/laurentchani.fr\/wp-content\/uploads\/2025\/08\/40big-daddy-08-p-1-150x150.jpg",150,150,true],"medium":["https:\/\/laurentchani.fr\/wp-content\/uploads\/2025\/08\/40big-daddy-08-p-1-200x300.jpg",200,300,true],"medium_large":["https:\/\/laurentchani.fr\/wp-content\/uploads\/2025\/08\/40big-daddy-08-p-1.jpg",512,768,false],"large":["https:\/\/laurentchani.fr\/wp-content\/uploads\/2025\/08\/40big-daddy-08-p-1.jpg",512,768,false],"1536x1536":["https:\/\/laurentchani.fr\/wp-content\/uploads\/2025\/08\/40big-daddy-08-p-1.jpg",512,768,false],"2048x2048":["https:\/\/laurentchani.fr\/wp-content\/uploads\/2025\/08\/40big-daddy-08-p-1.jpg",512,768,false],"trp-custom-language-flag":["https:\/\/laurentchani.fr\/wp-content\/uploads\/2025\/08\/40big-daddy-08-p-1-8x12.jpg",8,12,true],"mailpoet_newsletter_max":["https:\/\/laurentchani.fr\/wp-content\/uploads\/2025\/08\/40big-daddy-08-p-1.jpg",512,768,false]},"uagb_author_info":{"display_name":"Laurent CHANI","author_link":"https:\/\/laurentchani.fr\/en\/author\/laurentchojnowski970fe415b2\/"},"uagb_comment_info":0,"uagb_excerpt":"Dans un monde o\u00f9 le cuir craque sous le poids des hommes et o\u00f9 la fum\u00e9e des cigarettes voile les silences, des g\u00e9ants en costume r\u00eavent d\u2019infini. Derri\u00e8re leurs regards d\u2019acier s\u2019ouvrent des ciels constell\u00e9s de galaxies et de fus\u00e9es : une \u00e9chapp\u00e9e vertigineuse o\u00f9 le r\u00e9el, lourd et rugueux, s\u2019effrite au contact des songes.&hellip;","_links":{"self":[{"href":"https:\/\/laurentchani.fr\/en\/wp-json\/wp\/v2\/pages\/774","targetHints":{"allow":["GET"]}}],"collection":[{"href":"https:\/\/laurentchani.fr\/en\/wp-json\/wp\/v2\/pages"}],"about":[{"href":"https:\/\/laurentchani.fr\/en\/wp-json\/wp\/v2\/types\/page"}],"author":[{"embeddable":true,"href":"https:\/\/laurentchani.fr\/en\/wp-json\/wp\/v2\/users\/2"}],"replies":[{"embeddable":true,"href":"https:\/\/laurentchani.fr\/en\/wp-json\/wp\/v2\/comments?post=774"}],"version-history":[{"count":15,"href":"https:\/\/laurentchani.fr\/en\/wp-json\/wp\/v2\/pages\/774\/revisions"}],"predecessor-version":[{"id":4305,"href":"https:\/\/laurentchani.fr\/en\/wp-json\/wp\/v2\/pages\/774\/revisions\/4305"}],"wp:featuredmedia":[{"embeddable":true,"href":"https:\/\/laurentchani.fr\/en\/wp-json\/wp\/v2\/media\/1260"}],"wp:attachment":[{"href":"https:\/\/laurentchani.fr\/en\/wp-json\/wp\/v2\/media?parent=774"}],"curies":[{"name":"wp","href":"https:\/\/api.w.org\/{rel}","templated":true}]}}