{"id":685,"date":"2025-07-30T07:50:08","date_gmt":"2025-07-30T05:50:08","guid":{"rendered":"https:\/\/laurentchani.com\/?page_id=685"},"modified":"2025-12-09T21:53:27","modified_gmt":"2025-12-09T20:53:27","slug":"novels","status":"publish","type":"page","link":"https:\/\/laurentchani.fr\/en\/romans\/","title":{"rendered":"Novels"},"content":{"rendered":"<figure class=\"wp-block-image aligncenter size-medium\"><a href=\"https:\/\/laurentchani.fr\/wp-content\/uploads\/2025\/08\/40big-daddy-60-1.jpg\"><img loading=\"lazy\" decoding=\"async\" width=\"200\" height=\"300\" src=\"https:\/\/laurentchani.fr\/wp-content\/uploads\/2025\/08\/40big-daddy-60-1-200x300.jpg\" alt=\"\" class=\"wp-image-1083\" srcset=\"https:\/\/laurentchani.fr\/wp-content\/uploads\/2025\/08\/40big-daddy-60-1-200x300.jpg 200w, https:\/\/laurentchani.fr\/wp-content\/uploads\/2025\/08\/40big-daddy-60-1-8x12.jpg 8w, https:\/\/laurentchani.fr\/wp-content\/uploads\/2025\/08\/40big-daddy-60-1.jpg 512w\" sizes=\"auto, (max-width: 200px) 100vw, 200px\" \/><\/a><\/figure>\n\n\n\n<p class=\"has-text-align-justify has-medium-font-size\" style=\"margin-top:0;margin-bottom:0\">Discover my <strong>literary projects<\/strong> anchored in the <strong>science fiction<\/strong> and the<strong>dystopian anticipation<\/strong>, where the<strong>imaginary<\/strong> mixes with the <strong>reflection<\/strong> on our <strong>future<\/strong>. These <strong>original universes<\/strong> explore <strong>strong themes<\/strong> and open <strong>unique perspectives<\/strong> on the <strong>world of tomorrow<\/strong>. You will find there <strong>stories in progress<\/strong>, gradually revealing their <strong>intrigues<\/strong> and their <strong>characters<\/strong>. Some <strong>exclusive excerpts<\/strong> will allow you to enter the<strong>atmosphere<\/strong> death <strong>stories<\/strong> still in gestation. It is a <strong>invitation<\/strong> to dive into the heart of a <strong>creative work<\/strong> constantly evolving.<\/p>\n\n\n\n<p><\/p>\n\n\n\n<div class=\"wp-block-columns has-contrast-3-color has-text-color has-link-color wp-elements-5b237c8b56786f76824ac93c85767242 is-layout-flex wp-container-core-columns-is-layout-1a2ddb66 wp-block-columns-is-layout-flex\" style=\"border-width:1px;border-radius:14px;padding-right:var(--wp--preset--spacing--30);padding-left:var(--wp--preset--spacing--30)\">\n<div class=\"wp-block-column is-layout-flow wp-block-column-is-layout-flow\">\n<h2 class=\"wp-block-heading has-text-align-center\"><a href=\"https:\/\/laurentchani.fr\/en\/excerpts\/\">Excerpts<\/a><\/h2>\n\n\n\n<figure class=\"wp-block-image aligncenter size-full is-resized\"><a href=\"https:\/\/laurentchani.fr\/wp-content\/uploads\/2025\/08\/40big-daddy-59-1-2.jpg\"><img loading=\"lazy\" decoding=\"async\" width=\"512\" height=\"512\" src=\"https:\/\/laurentchani.fr\/wp-content\/uploads\/2025\/08\/40big-daddy-59-1-2.jpg\" alt=\"The Author in costume holds in his hand a page taken from his novel, which is still being written. In the other hand, he writes a handwritten text with a goose feather. The man is sitting at his work table.\" class=\"wp-image-1283\" style=\"object-fit:contain;width:150px;height:150px\" srcset=\"https:\/\/laurentchani.fr\/wp-content\/uploads\/2025\/08\/40big-daddy-59-1-2.jpg 512w, https:\/\/laurentchani.fr\/wp-content\/uploads\/2025\/08\/40big-daddy-59-1-2-300x300.jpg 300w, https:\/\/laurentchani.fr\/wp-content\/uploads\/2025\/08\/40big-daddy-59-1-2-150x150.jpg 150w, https:\/\/laurentchani.fr\/wp-content\/uploads\/2025\/08\/40big-daddy-59-1-2-12x12.jpg 12w\" sizes=\"auto, (max-width: 512px) 100vw, 512px\" \/><\/a><\/figure>\n\n\n\n<div class=\"wp-block-buttons is-content-justification-center is-layout-flex wp-container-core-buttons-is-layout-9755a10f wp-block-buttons-is-layout-flex\" style=\"padding-right:var(--wp--preset--spacing--10);padding-left:var(--wp--preset--spacing--10)\">\n<div class=\"wp-block-button\"><a class=\"wp-block-button__link has-accent-5-color has-base-2-background-color has-text-color has-background has-link-color has-medium-font-size has-text-align-center has-custom-font-size wp-element-button\" href=\"https:\/\/laurentchani.fr\/en\/excerpts\/\" style=\"border-radius:14px\"><em>Selected excerpts from manuscripts in development<\/em><\/a><\/div>\n<\/div>\n\n\n\n<p><\/p>\n<\/div>\n\n\n\n<div class=\"wp-block-column is-layout-flow wp-block-column-is-layout-flow\">\n<h2 class=\"wp-block-heading has-text-align-center\"><a href=\"https:\/\/laurentchani.fr\/en\/current-novels-2\/\">Novels in progress<\/a><\/h2>\n\n\n\n<figure class=\"wp-block-image aligncenter size-full is-resized\"><a href=\"https:\/\/laurentchani.fr\/wp-content\/uploads\/2025\/07\/salle-de-conference-04.jpg\"><img loading=\"lazy\" decoding=\"async\" width=\"512\" height=\"512\" src=\"https:\/\/laurentchani.wordpress.com\/wp-content\/uploads\/2025\/07\/salle-de-conference-04.jpg\" alt=\"Scene from the large conference room with the author in the middle of the room. He is standing on a glass plate above a seabed.\" class=\"wp-image-640\" style=\"object-fit:contain;width:150px;height:150px\" srcset=\"https:\/\/laurentchani.fr\/wp-content\/uploads\/2025\/07\/salle-de-conference-04.jpg 512w, https:\/\/laurentchani.fr\/wp-content\/uploads\/2025\/07\/salle-de-conference-04-300x300.jpg 300w, https:\/\/laurentchani.fr\/wp-content\/uploads\/2025\/07\/salle-de-conference-04-150x150.jpg 150w, https:\/\/laurentchani.fr\/wp-content\/uploads\/2025\/07\/salle-de-conference-04-12x12.jpg 12w\" sizes=\"auto, (max-width: 512px) 100vw, 512px\" \/><\/a><\/figure>\n\n\n\n<div class=\"wp-block-buttons has-custom-font-size has-medium-font-size is-layout-flex wp-container-core-buttons-is-layout-cc0beb95 wp-block-buttons-is-layout-flex\" style=\"padding-right:var(--wp--preset--spacing--10);padding-left:var(--wp--preset--spacing--10)\">\n<div class=\"wp-block-button has-custom-width wp-block-button__width-100\"><a class=\"wp-block-button__link has-accent-5-color has-base-2-background-color has-text-color has-background has-link-color has-medium-font-size has-text-align-center has-custom-font-size wp-element-button\" href=\"https:\/\/laurentchani.fr\/en\/current-novels-2\/\" style=\"border-radius:14px\"><em>Dive into my literary world. You will soon find my first published work.<\/em><\/a><\/div>\n<\/div>\n\n\n\n<p><\/p>\n<\/div>\n\n\n\n<div class=\"wp-block-column is-layout-flow wp-block-column-is-layout-flow\">\n<h2 class=\"wp-block-heading has-text-align-center\"><a href=\"https:\/\/laurentchani.fr\/en\/self-publishing\/\">Self-publishing<\/a><\/h2>\n\n\n\n<figure class=\"wp-block-image aligncenter size-medium is-resized\"><a href=\"https:\/\/laurentchani.fr\/wp-content\/uploads\/@Big-Daddy-94-P.jpg\"><img loading=\"lazy\" decoding=\"async\" width=\"300\" height=\"300\" src=\"https:\/\/laurentchani.fr\/wp-content\/uploads\/@Big-Daddy-94-P-300x300.jpg\" alt=\"In a neon-lit futuristic street, a cheerful, stout science fiction novelist holds a glowing poster showing the cover of his book with the name \u00abLaurent Chani\u00bb, while a young man on his left reads an open book and a humanoid robot on his right displays a digital panel filled with books, all set in the middle of a high-tech city with flying cars and giant screens in the background.\" class=\"wp-image-4297\" style=\"object-fit:cover;width:150px;height:150px\" srcset=\"https:\/\/laurentchani.fr\/wp-content\/uploads\/@Big-Daddy-94-P-300x300.jpg 300w, https:\/\/laurentchani.fr\/wp-content\/uploads\/@Big-Daddy-94-P-150x150.jpg 150w, https:\/\/laurentchani.fr\/wp-content\/uploads\/@Big-Daddy-94-P-12x12.jpg 12w, https:\/\/laurentchani.fr\/wp-content\/uploads\/@Big-Daddy-94-P.jpg 512w\" sizes=\"auto, (max-width: 300px) 100vw, 300px\" \/><\/a><\/figure>\n\n\n\n<div class=\"wp-block-buttons has-custom-font-size has-medium-font-size is-layout-flex wp-container-core-buttons-is-layout-cc0beb95 wp-block-buttons-is-layout-flex\" style=\"padding-right:var(--wp--preset--spacing--10);padding-left:var(--wp--preset--spacing--10)\">\n<div class=\"wp-block-button has-custom-width wp-block-button__width-100\"><a class=\"wp-block-button__link has-accent-5-color has-base-2-background-color has-text-color has-background has-link-color has-medium-font-size has-text-align-center has-custom-font-size wp-element-button\" href=\"https:\/\/laurentchani.fr\/en\/self-publishing\/\" style=\"border-radius:14px\">The Self-Publishing Process: An Ambitious Project<\/a><\/div>\n<\/div>\n<\/div>\n<\/div>","protected":false},"excerpt":{"rendered":"<p>D\u00e9couvrez mes projets litt\u00e9raires ancr\u00e9s dans la science-fiction et l\u2019anticipation dystopique, o\u00f9 l\u2019imaginaire se m\u00eale \u00e0 la r\u00e9flexion sur notre avenir. Ces univers originaux explorent des th\u00e9matiques fortes et ouvrent des perspectives singuli\u00e8res sur le monde de demain. Vous y trouverez des r\u00e9cits en cours d\u2019\u00e9laboration, d\u00e9voilant peu \u00e0 peu leurs intrigues et leurs personnages. [&hellip;]<\/p>\n","protected":false},"author":1,"featured_media":951,"parent":0,"menu_order":0,"comment_status":"closed","ping_status":"closed","template":"","meta":{"_uag_custom_page_level_css":"","footnotes":""},"class_list":["post-685","page","type-page","status-publish","has-post-thumbnail","hentry"],"blocksy_meta":[],"uagb_featured_image_src":{"full":["https:\/\/laurentchani.fr\/wp-content\/uploads\/2025\/07\/chatgpt-image-jul-30-2025-04_08_04-pm-1.png",1024,1536,false],"thumbnail":["https:\/\/laurentchani.fr\/wp-content\/uploads\/2025\/07\/chatgpt-image-jul-30-2025-04_08_04-pm-1-150x150.png",150,150,true],"medium":["https:\/\/laurentchani.fr\/wp-content\/uploads\/2025\/07\/chatgpt-image-jul-30-2025-04_08_04-pm-1-200x300.png",200,300,true],"medium_large":["https:\/\/laurentchani.fr\/wp-content\/uploads\/2025\/07\/chatgpt-image-jul-30-2025-04_08_04-pm-1-768x1152.png",768,1152,true],"large":["https:\/\/laurentchani.fr\/wp-content\/uploads\/2025\/07\/chatgpt-image-jul-30-2025-04_08_04-pm-1-683x1024.png",683,1024,true],"1536x1536":["https:\/\/laurentchani.fr\/wp-content\/uploads\/2025\/07\/chatgpt-image-jul-30-2025-04_08_04-pm-1.png",1024,1536,false],"2048x2048":["https:\/\/laurentchani.fr\/wp-content\/uploads\/2025\/07\/chatgpt-image-jul-30-2025-04_08_04-pm-1.png",1024,1536,false],"trp-custom-language-flag":["https:\/\/laurentchani.fr\/wp-content\/uploads\/2025\/07\/chatgpt-image-jul-30-2025-04_08_04-pm-1-8x12.png",8,12,true],"mailpoet_newsletter_max":["https:\/\/laurentchani.fr\/wp-content\/uploads\/2025\/07\/chatgpt-image-jul-30-2025-04_08_04-pm-1.png",1024,1536,false]},"uagb_author_info":{"display_name":"admin5261","author_link":"https:\/\/laurentchani.fr\/en\/author\/admin5261\/"},"uagb_comment_info":0,"uagb_excerpt":"D\u00e9couvrez mes projets litt\u00e9raires ancr\u00e9s dans la science-fiction et l\u2019anticipation dystopique, o\u00f9 l\u2019imaginaire se m\u00eale \u00e0 la r\u00e9flexion sur notre avenir. Ces univers originaux explorent des th\u00e9matiques fortes et ouvrent des perspectives singuli\u00e8res sur le monde de demain. Vous y trouverez des r\u00e9cits en cours d\u2019\u00e9laboration, d\u00e9voilant peu \u00e0 peu leurs intrigues et leurs personnages.&hellip;","_links":{"self":[{"href":"https:\/\/laurentchani.fr\/en\/wp-json\/wp\/v2\/pages\/685","targetHints":{"allow":["GET"]}}],"collection":[{"href":"https:\/\/laurentchani.fr\/en\/wp-json\/wp\/v2\/pages"}],"about":[{"href":"https:\/\/laurentchani.fr\/en\/wp-json\/wp\/v2\/types\/page"}],"author":[{"embeddable":true,"href":"https:\/\/laurentchani.fr\/en\/wp-json\/wp\/v2\/users\/1"}],"replies":[{"embeddable":true,"href":"https:\/\/laurentchani.fr\/en\/wp-json\/wp\/v2\/comments?post=685"}],"version-history":[{"count":14,"href":"https:\/\/laurentchani.fr\/en\/wp-json\/wp\/v2\/pages\/685\/revisions"}],"predecessor-version":[{"id":4329,"href":"https:\/\/laurentchani.fr\/en\/wp-json\/wp\/v2\/pages\/685\/revisions\/4329"}],"wp:featuredmedia":[{"embeddable":true,"href":"https:\/\/laurentchani.fr\/en\/wp-json\/wp\/v2\/media\/951"}],"wp:attachment":[{"href":"https:\/\/laurentchani.fr\/en\/wp-json\/wp\/v2\/media?parent=685"}],"curies":[{"name":"wp","href":"https:\/\/api.w.org\/{rel}","templated":true}]}}