{"id":682,"date":"2025-07-29T16:44:09","date_gmt":"2025-07-29T14:44:09","guid":{"rendered":"https:\/\/laurentchani.com\/?page_id=682"},"modified":"2025-10-20T10:09:49","modified_gmt":"2025-10-20T08:09:49","slug":"excerpts","status":"publish","type":"page","link":"https:\/\/laurentchani.fr\/en\/extraits\/","title":{"rendered":"Excerpts from novels"},"content":{"rendered":"\n<figure class=\"wp-block-image aligncenter size-medium\"><a href=\"https:\/\/laurentchani.fr\/wp-content\/uploads\/2025\/08\/40big-daddy-59-1-2.jpg\"><img loading=\"lazy\" decoding=\"async\" width=\"300\" height=\"300\" src=\"https:\/\/laurentchani.fr\/wp-content\/uploads\/2025\/08\/40big-daddy-59-1-2-300x300.jpg\" alt=\"Laurent Chani, concentr\u00e9, \u00e9crit \u00e0 la plume tout en examinant une feuille parmi une pile de manuscrits soigneusement empil\u00e9s | Laurent Chani, focused, writes with a quill while examining a sheet among a neatly stacked pile of manuscripts\" class=\"wp-image-1283\" srcset=\"https:\/\/laurentchani.fr\/wp-content\/uploads\/2025\/08\/40big-daddy-59-1-2-300x300.jpg 300w, https:\/\/laurentchani.fr\/wp-content\/uploads\/2025\/08\/40big-daddy-59-1-2-150x150.jpg 150w, https:\/\/laurentchani.fr\/wp-content\/uploads\/2025\/08\/40big-daddy-59-1-2-12x12.jpg 12w, https:\/\/laurentchani.fr\/wp-content\/uploads\/2025\/08\/40big-daddy-59-1-2.jpg 512w\" sizes=\"auto, (max-width: 300px) 100vw, 300px\" \/><\/a><\/figure>\n\n\n\n<p class=\"has-medium-font-size\">L\u2019auteur vous invite \u00e0 d\u00e9couvrir quelques <strong>fragments choisis<\/strong> de son premier roman, actuellement en cours de finalisation. Ces pages encore en gestation n\u2019ont pas la pr\u00e9tention d\u2019\u00eatre d\u00e9finitives, mais elles esquissent d\u00e9j\u00e0 l\u2019<strong>univers<\/strong>, les <strong>personnages<\/strong> et les <strong>atmosph\u00e8res<\/strong> qu\u2019il fa\u00e7onne avec soin. En les parcourant, vous percevrez son style, ses <strong>choix narratifs<\/strong> et les <strong>\u00e9motions<\/strong> qu\u2019il cherche \u00e0 \u00e9veiller. Une immersion discr\u00e8te, presque par effraction, dans l\u2019<strong>atelier d\u2019\u00e9criture<\/strong> o\u00f9 l\u2019\u0153uvre prend forme. <strong>Bonne lecture<\/strong> et <strong>belle d\u00e9couverte<\/strong>.<\/p>\n\n\n\n<hr class=\"wp-block-separator has-alpha-channel-opacity\"\/>\n\n\n\n<main class=\"wp-block-group alignwide has-small-font-size is-layout-constrained wp-container-core-group-is-layout-71cdb808 wp-block-group-is-layout-constrained\" style=\"margin-top:0\">\n<div class=\"wp-block-query is-layout-constrained wp-block-query-is-layout-constrained\">\n<div class=\"wp-block-group is-layout-constrained wp-container-core-group-is-layout-88e01626 wp-block-group-is-layout-constrained\" style=\"margin-top:0;margin-bottom:0;padding-top:var(--wp--preset--spacing--50);padding-right:0;padding-bottom:var(--wp--preset--spacing--50);padding-left:0\"><ul class=\"alignfull wp-block-post-template is-layout-flow wp-container-core-post-template-is-layout-b377334a wp-block-post-template-is-layout-flow\"><li class=\"wp-block-post post-1318 post type-post status-publish format-standard has-post-thumbnail hentry category-extraits category-ia category-personnages\">\n\n<div class=\"wp-block-group is-vertical is-nowrap is-layout-flex wp-container-core-group-is-layout-9bc6ff26 wp-block-group-is-layout-flex\"><figure style=\"width:150px;height:150px;\" class=\"wp-block-post-featured-image\"><a href=\"https:\/\/laurentchani.fr\/en\/une-terrasse-de-cafe-2\/\" target=\"_self\"  style=\"height:150px\"><img loading=\"lazy\" decoding=\"async\" width=\"512\" height=\"768\" src=\"https:\/\/laurentchani.fr\/wp-content\/uploads\/2025\/08\/40sieur-bob-01-1.jpg\" class=\"attachment-post-thumbnail size-post-thumbnail wp-post-image\" alt=\"Extrait : Une terrasse de caf\u00e9\" style=\"height:150px;object-fit:cover;\" srcset=\"https:\/\/laurentchani.fr\/wp-content\/uploads\/2025\/08\/40sieur-bob-01-1.jpg 512w, https:\/\/laurentchani.fr\/wp-content\/uploads\/2025\/08\/40sieur-bob-01-1-200x300.jpg 200w, https:\/\/laurentchani.fr\/wp-content\/uploads\/2025\/08\/40sieur-bob-01-1-8x12.jpg 8w\" sizes=\"auto, (max-width: 512px) 100vw, 512px\" \/><\/a><\/figure>\n\n<h2 style=\"margin-bottom:0;\" class=\"wp-block-post-title has-x-large-font-size\"><a href=\"https:\/\/laurentchani.fr\/en\/une-terrasse-de-cafe-2\/\" target=\"_self\" >Extrait : Une terrasse de caf\u00e9<\/a><\/h2>\n\n<div class=\"wp-block-post-excerpt has-small-font-size\"><p class=\"wp-block-post-excerpt__excerpt\">[&#8230;] Le gar\u00e7on de caf\u00e9 qui le voyait chaque jour dans son \u00e9tablissement l\u2019avait pris en sympathie. Il appr\u00e9ciait cet \u00e9trange personnage qui restait toujours aimable et courtois. Le serveur devait aussi reconna\u00eetre qu\u2019il \u00e9tait dans les temps qui courent l\u2019un des rares clients \u00e0 lui laisser r\u00e9guli\u00e8rement un pourboire. Il lui avait trouv\u00e9 un&hellip; <\/p><\/div>\n\n<a class=\"wp-block-read-more\" href=\"https:\/\/laurentchani.fr\/en\/une-terrasse-de-cafe-2\/\" target=\"_self\">Read more<span class=\"screen-reader-text\">: Extrait : Une terrasse de caf\u00e9<\/span><\/a>\n\n\n\n\n<div class=\"wp-block-spacer wp-container-content-32e3a40d\" style=\"height: 0px;\" aria-hidden=\"true\">\u00a0<\/div>\n<\/div>\n\n<\/li><li class=\"wp-block-post post-615 post type-post status-publish format-standard has-post-thumbnail hentry category-decors category-extraits\">\n\n<div class=\"wp-block-group is-vertical is-nowrap is-layout-flex wp-container-core-group-is-layout-9bc6ff26 wp-block-group-is-layout-flex\"><figure style=\"width:150px;height:150px;\" class=\"wp-block-post-featured-image\"><a href=\"https:\/\/laurentchani.fr\/en\/extrait-description-de-la-salle-de-conference\/\" target=\"_self\"  style=\"height:150px\"><img loading=\"lazy\" decoding=\"async\" width=\"512\" height=\"512\" src=\"https:\/\/laurentchani.fr\/wp-content\/uploads\/2025\/07\/salle-de-conference-03-2.jpg\" class=\"attachment-post-thumbnail size-post-thumbnail wp-post-image\" alt=\"Extrait : La salle de conf\u00e9rence\" style=\"height:150px;object-fit:cover;\" srcset=\"https:\/\/laurentchani.fr\/wp-content\/uploads\/2025\/07\/salle-de-conference-03-2.jpg 512w, https:\/\/laurentchani.fr\/wp-content\/uploads\/2025\/07\/salle-de-conference-03-2-300x300.jpg 300w, https:\/\/laurentchani.fr\/wp-content\/uploads\/2025\/07\/salle-de-conference-03-2-150x150.jpg 150w, https:\/\/laurentchani.fr\/wp-content\/uploads\/2025\/07\/salle-de-conference-03-2-12x12.jpg 12w\" sizes=\"auto, (max-width: 512px) 100vw, 512px\" \/><\/a><\/figure>\n\n<h2 style=\"margin-bottom:0;\" class=\"wp-block-post-title has-x-large-font-size\"><a href=\"https:\/\/laurentchani.fr\/en\/extrait-description-de-la-salle-de-conference\/\" target=\"_self\" >Extrait : La salle de conf\u00e9rence<\/a><\/h2>\n\n<div class=\"wp-block-post-excerpt has-small-font-size\"><p class=\"wp-block-post-excerpt__excerpt\">[\u2026] \u00c0 l\u2019\u00e9tage inf\u00e9rieur se trouvait la fameuse salle de conf\u00e9rence, con\u00e7ue pour que tous les D\u00e9l\u00e9gu\u00e9s puissent participer aux futures r\u00e9unions. Elle se composait de trois demi-\u00e9tages dispos\u00e9s en gradins, offrant une vue plongeante sur le centre de la salle. Chaque niveau comportait douze vastes tables dispos\u00e9es en arc de cercle. \u00c0 chacune \u00e9taient&hellip; <\/p><\/div>\n\n<a class=\"wp-block-read-more\" href=\"https:\/\/laurentchani.fr\/en\/extrait-description-de-la-salle-de-conference\/\" target=\"_self\">Read more<span class=\"screen-reader-text\">: Extrait : La salle de conf\u00e9rence<\/span><\/a>\n\n\n\n\n<div class=\"wp-block-spacer wp-container-content-32e3a40d\" style=\"height: 0px;\" aria-hidden=\"true\">\u00a0<\/div>\n<\/div>\n\n<\/li><\/ul>\n\n<\/div>\n\n\n<\/div>\n<\/main>\n","protected":false},"excerpt":{"rendered":"<p>L\u2019auteur vous invite \u00e0 d\u00e9couvrir quelques fragments choisis de son premier roman, actuellement en cours de finalisation. Ces pages encore en gestation n\u2019ont pas la pr\u00e9tention d\u2019\u00eatre d\u00e9finitives, mais elles esquissent d\u00e9j\u00e0 l\u2019univers, les personnages et les atmosph\u00e8res qu\u2019il fa\u00e7onne avec soin. En les parcourant, vous percevrez son style, ses choix narratifs et les \u00e9motions [&hellip;]<\/p>\n","protected":false},"author":2,"featured_media":1283,"parent":0,"menu_order":0,"comment_status":"closed","ping_status":"closed","template":"","meta":{"_uag_custom_page_level_css":"","footnotes":""},"class_list":["post-682","page","type-page","status-publish","has-post-thumbnail","hentry"],"blocksy_meta":[],"uagb_featured_image_src":{"full":["https:\/\/laurentchani.fr\/wp-content\/uploads\/2025\/08\/40big-daddy-59-1-2.jpg",512,512,false],"thumbnail":["https:\/\/laurentchani.fr\/wp-content\/uploads\/2025\/08\/40big-daddy-59-1-2-150x150.jpg",150,150,true],"medium":["https:\/\/laurentchani.fr\/wp-content\/uploads\/2025\/08\/40big-daddy-59-1-2-300x300.jpg",300,300,true],"medium_large":["https:\/\/laurentchani.fr\/wp-content\/uploads\/2025\/08\/40big-daddy-59-1-2.jpg",512,512,false],"large":["https:\/\/laurentchani.fr\/wp-content\/uploads\/2025\/08\/40big-daddy-59-1-2.jpg",512,512,false],"1536x1536":["https:\/\/laurentchani.fr\/wp-content\/uploads\/2025\/08\/40big-daddy-59-1-2.jpg",512,512,false],"2048x2048":["https:\/\/laurentchani.fr\/wp-content\/uploads\/2025\/08\/40big-daddy-59-1-2.jpg",512,512,false],"trp-custom-language-flag":["https:\/\/laurentchani.fr\/wp-content\/uploads\/2025\/08\/40big-daddy-59-1-2-12x12.jpg",12,12,true],"mailpoet_newsletter_max":["https:\/\/laurentchani.fr\/wp-content\/uploads\/2025\/08\/40big-daddy-59-1-2.jpg",512,512,false]},"uagb_author_info":{"display_name":"Laurent CHANI","author_link":"https:\/\/laurentchani.fr\/en\/author\/laurentchojnowski970fe415b2\/"},"uagb_comment_info":0,"uagb_excerpt":"L\u2019auteur vous invite \u00e0 d\u00e9couvrir quelques fragments choisis de son premier roman, actuellement en cours de finalisation. Ces pages encore en gestation n\u2019ont pas la pr\u00e9tention d\u2019\u00eatre d\u00e9finitives, mais elles esquissent d\u00e9j\u00e0 l\u2019univers, les personnages et les atmosph\u00e8res qu\u2019il fa\u00e7onne avec soin. En les parcourant, vous percevrez son style, ses choix narratifs et les \u00e9motions&hellip;","_links":{"self":[{"href":"https:\/\/laurentchani.fr\/en\/wp-json\/wp\/v2\/pages\/682","targetHints":{"allow":["GET"]}}],"collection":[{"href":"https:\/\/laurentchani.fr\/en\/wp-json\/wp\/v2\/pages"}],"about":[{"href":"https:\/\/laurentchani.fr\/en\/wp-json\/wp\/v2\/types\/page"}],"author":[{"embeddable":true,"href":"https:\/\/laurentchani.fr\/en\/wp-json\/wp\/v2\/users\/2"}],"replies":[{"embeddable":true,"href":"https:\/\/laurentchani.fr\/en\/wp-json\/wp\/v2\/comments?post=682"}],"version-history":[{"count":5,"href":"https:\/\/laurentchani.fr\/en\/wp-json\/wp\/v2\/pages\/682\/revisions"}],"predecessor-version":[{"id":4058,"href":"https:\/\/laurentchani.fr\/en\/wp-json\/wp\/v2\/pages\/682\/revisions\/4058"}],"wp:featuredmedia":[{"embeddable":true,"href":"https:\/\/laurentchani.fr\/en\/wp-json\/wp\/v2\/media\/1283"}],"wp:attachment":[{"href":"https:\/\/laurentchani.fr\/en\/wp-json\/wp\/v2\/media?parent=682"}],"curies":[{"name":"wp","href":"https:\/\/api.w.org\/{rel}","templated":true}]}}