{"id":656,"date":"2025-07-29T15:52:02","date_gmt":"2025-07-29T13:52:02","guid":{"rendered":"https:\/\/laurentchani.com\/?page_id=656"},"modified":"2025-09-14T17:55:22","modified_gmt":"2025-09-14T15:55:22","slug":"current-novels-2","status":"publish","type":"page","link":"https:\/\/laurentchani.fr\/en\/romans-en-cours-2\/","title":{"rendered":"Novels in progress"},"content":{"rendered":"<figure class=\"wp-block-image aligncenter size-medium\"><a href=\"https:\/\/laurentchani.fr\/wp-content\/uploads\/2025\/08\/@Big-Daddy-70-P.jpg\"><img loading=\"lazy\" decoding=\"async\" width=\"300\" height=\"300\" src=\"https:\/\/laurentchani.fr\/wp-content\/uploads\/2025\/08\/@Big-Daddy-70-P-300x300.jpg\" alt=\"Writer Laurent Chani places a manuscript in a bookshelf bearing his name, with a quill resting on another manuscript | Author Laurent Chani places a manuscript in a bookshelf bearing his name, with a quill resting on another manuscript\" class=\"wp-image-1404\" srcset=\"https:\/\/laurentchani.fr\/wp-content\/uploads\/2025\/08\/@Big-Daddy-70-P-300x300.jpg 300w, https:\/\/laurentchani.fr\/wp-content\/uploads\/2025\/08\/@Big-Daddy-70-P-150x150.jpg 150w, https:\/\/laurentchani.fr\/wp-content\/uploads\/2025\/08\/@Big-Daddy-70-P-12x12.jpg 12w, https:\/\/laurentchani.fr\/wp-content\/uploads\/2025\/08\/@Big-Daddy-70-P.jpg 512w\" sizes=\"auto, (max-width: 300px) 100vw, 300px\" \/><\/a><\/figure>\n\n\n\n<p class=\"has-text-align-center has-medium-font-size\"><strong>(July 2025)<\/strong><\/p>\n\n\n\n<p class=\"has-text-align-justify has-medium-font-size\">The author specifies that<strong>none of his works<\/strong> has not yet been published. He is currently devoting his <strong>energy<\/strong> to a vast <strong>project<\/strong> articulated in several <strong>narrative arcs<\/strong> and strives to finalize the <strong>first novel<\/strong>. His <strong>publication<\/strong> is planned for the <strong>end of 2025<\/strong> or the <strong>early 2026<\/strong>He confides his <strong>impatience<\/strong> at the idea of being able to share the very soon <strong>fruit of his labor<\/strong> with you, dear ones <strong>readers<\/strong>.<\/p>\n\n\n\n<p class=\"has-small-font-size\">See you soon to discover this universe in the making.<\/p>","protected":false},"excerpt":{"rendered":"<p>(juillet 2025) L\u2019auteur pr\u00e9cise qu\u2019aucune de ses \u0153uvres n\u2019a encore \u00e9t\u00e9 publi\u00e9e. Il consacre actuellement son \u00e9nergie \u00e0 un vaste projet articul\u00e9 en plusieurs arcs narratifs et s\u2019attache \u00e0 finaliser le premier roman. Sa parution est pr\u00e9vue pour la fin de l\u2019ann\u00e9e 2025 ou le d\u00e9but de 2026. Il confie son impatience \u00e0 l\u2019id\u00e9e de [&hellip;]<\/p>\n","protected":false},"author":2,"featured_media":1404,"parent":0,"menu_order":0,"comment_status":"closed","ping_status":"closed","template":"","meta":{"_uag_custom_page_level_css":"","footnotes":""},"class_list":["post-656","page","type-page","status-publish","has-post-thumbnail","hentry"],"blocksy_meta":[],"uagb_featured_image_src":{"full":["https:\/\/laurentchani.fr\/wp-content\/uploads\/2025\/08\/@Big-Daddy-70-P.jpg",512,512,false],"thumbnail":["https:\/\/laurentchani.fr\/wp-content\/uploads\/2025\/08\/@Big-Daddy-70-P-150x150.jpg",150,150,true],"medium":["https:\/\/laurentchani.fr\/wp-content\/uploads\/2025\/08\/@Big-Daddy-70-P-300x300.jpg",300,300,true],"medium_large":["https:\/\/laurentchani.fr\/wp-content\/uploads\/2025\/08\/@Big-Daddy-70-P.jpg",512,512,false],"large":["https:\/\/laurentchani.fr\/wp-content\/uploads\/2025\/08\/@Big-Daddy-70-P.jpg",512,512,false],"1536x1536":["https:\/\/laurentchani.fr\/wp-content\/uploads\/2025\/08\/@Big-Daddy-70-P.jpg",512,512,false],"2048x2048":["https:\/\/laurentchani.fr\/wp-content\/uploads\/2025\/08\/@Big-Daddy-70-P.jpg",512,512,false],"trp-custom-language-flag":["https:\/\/laurentchani.fr\/wp-content\/uploads\/2025\/08\/@Big-Daddy-70-P-12x12.jpg",12,12,true],"mailpoet_newsletter_max":["https:\/\/laurentchani.fr\/wp-content\/uploads\/2025\/08\/@Big-Daddy-70-P.jpg",512,512,false]},"uagb_author_info":{"display_name":"Laurent CHANI","author_link":"https:\/\/laurentchani.fr\/en\/author\/laurentchojnowski970fe415b2\/"},"uagb_comment_info":0,"uagb_excerpt":"(juillet 2025) L\u2019auteur pr\u00e9cise qu\u2019aucune de ses \u0153uvres n\u2019a encore \u00e9t\u00e9 publi\u00e9e. Il consacre actuellement son \u00e9nergie \u00e0 un vaste projet articul\u00e9 en plusieurs arcs narratifs et s\u2019attache \u00e0 finaliser le premier roman. Sa parution est pr\u00e9vue pour la fin de l\u2019ann\u00e9e 2025 ou le d\u00e9but de 2026. Il confie son impatience \u00e0 l\u2019id\u00e9e de&hellip;","_links":{"self":[{"href":"https:\/\/laurentchani.fr\/en\/wp-json\/wp\/v2\/pages\/656","targetHints":{"allow":["GET"]}}],"collection":[{"href":"https:\/\/laurentchani.fr\/en\/wp-json\/wp\/v2\/pages"}],"about":[{"href":"https:\/\/laurentchani.fr\/en\/wp-json\/wp\/v2\/types\/page"}],"author":[{"embeddable":true,"href":"https:\/\/laurentchani.fr\/en\/wp-json\/wp\/v2\/users\/2"}],"replies":[{"embeddable":true,"href":"https:\/\/laurentchani.fr\/en\/wp-json\/wp\/v2\/comments?post=656"}],"version-history":[{"count":3,"href":"https:\/\/laurentchani.fr\/en\/wp-json\/wp\/v2\/pages\/656\/revisions"}],"predecessor-version":[{"id":4116,"href":"https:\/\/laurentchani.fr\/en\/wp-json\/wp\/v2\/pages\/656\/revisions\/4116"}],"wp:featuredmedia":[{"embeddable":true,"href":"https:\/\/laurentchani.fr\/en\/wp-json\/wp\/v2\/media\/1404"}],"wp:attachment":[{"href":"https:\/\/laurentchani.fr\/en\/wp-json\/wp\/v2\/media?parent=656"}],"curies":[{"name":"wp","href":"https:\/\/api.w.org\/{rel}","templated":true}]}}