{"id":3946,"date":"2025-09-10T10:31:28","date_gmt":"2025-09-10T08:31:28","guid":{"rendered":"https:\/\/laurentchani.fr\/?page_id=3946"},"modified":"2025-09-14T13:45:59","modified_gmt":"2025-09-14T11:45:59","slug":"welcome","status":"publish","type":"page","link":"https:\/\/laurentchani.fr\/en\/","title":{"rendered":"Home"},"content":{"rendered":"<figure class=\"wp-block-image aligncenter size-thumbnail\"><a href=\"https:\/\/laurentchani.fr\/wp-content\/uploads\/2025\/08\/40big-daddy-48-p-1-1.jpg\"><img loading=\"lazy\" decoding=\"async\" width=\"150\" height=\"150\" src=\"https:\/\/laurentchani.fr\/wp-content\/uploads\/2025\/08\/40big-daddy-48-p-1-1-150x150.jpg\" alt=\"Laurent Chani writing with a quill, focused, smoking pipe in his mouth | Laurent Chani writing with a quill, focused, smoking pipe in his mouth\" class=\"wp-image-1272\" srcset=\"https:\/\/laurentchani.fr\/wp-content\/uploads\/2025\/08\/40big-daddy-48-p-1-1-150x150.jpg 150w, https:\/\/laurentchani.fr\/wp-content\/uploads\/2025\/08\/40big-daddy-48-p-1-1-300x300.jpg 300w, https:\/\/laurentchani.fr\/wp-content\/uploads\/2025\/08\/40big-daddy-48-p-1-1-12x12.jpg 12w, https:\/\/laurentchani.fr\/wp-content\/uploads\/2025\/08\/40big-daddy-48-p-1-1.jpg 512w\" sizes=\"auto, (max-width: 150px) 100vw, 150px\" \/><\/a><\/figure>\n\n\n\n<p class=\"has-medium-font-size\">I invite you, through this <strong>blog<\/strong>, to discover my journey<strong>budding author<\/strong> in the fields of <strong>science fiction<\/strong> and of the<strong>dystopian anticipation<\/strong>. I will share the progress of my <strong>writings<\/strong>, the <strong>themes<\/strong> that I explore, the <strong>concepts<\/strong> at the same time <strong>technological<\/strong> and <strong>philosophical<\/strong> that cross them, as well as my vision of the world and my <strong>personal impressions<\/strong>. Without detour, I will offer you a sincere look at the world as I observe it today and as I<strong>imagine<\/strong>.<\/p>\n\n\n\n<hr class=\"wp-block-separator has-alpha-channel-opacity\"\/>\n\n\n\n<div class=\"wp-block-query is-content-justification-center is-layout-constrained wp-block-query-is-layout-constrained\">\n<div class=\"wp-block-group is-layout-flow wp-block-group-is-layout-flow\" style=\"margin-top:0;margin-bottom:0;padding-top:var(--wp--preset--spacing--50);padding-right:0;padding-bottom:var(--wp--preset--spacing--50);padding-left:0\"><ul class=\"alignfull wp-block-post-template is-layout-flow wp-container-core-post-template-is-layout-b377334a wp-block-post-template-is-layout-flow\"><li class=\"wp-block-post post-4406 post type-post status-publish format-standard has-post-thumbnail hentry category-ia\">\n\n<div class=\"wp-block-group is-vertical is-nowrap is-layout-flex wp-container-core-group-is-layout-9bc6ff26 wp-block-group-is-layout-flex\"><h2 style=\"margin-bottom:0;\" class=\"wp-block-post-title has-x-large-font-size\"><a href=\"https:\/\/laurentchani.fr\/en\/vibe-coding-mon-retour-dexperience-apres-plus-de-1-000-iterations\/\" target=\"_self\" >Vibe Coding: My experience after more than 1,000 iterations<\/a><\/h2>\n\n<figure style=\"width:150px;height:150px;\" class=\"wp-block-post-featured-image\"><a href=\"https:\/\/laurentchani.fr\/en\/vibe-coding-mon-retour-dexperience-apres-plus-de-1-000-iterations\/\" target=\"_self\"  style=\"height:150px\"><img loading=\"lazy\" decoding=\"async\" width=\"768\" height=\"512\" src=\"https:\/\/laurentchani.fr\/wp-content\/uploads\/Image1.jpg\" class=\"attachment-post-thumbnail size-post-thumbnail wp-post-image\" alt=\"Vibe Coding: My experience after more than 1,000 iterations\" style=\"border-radius:14px;height:150px;object-fit:cover;\" srcset=\"https:\/\/laurentchani.fr\/wp-content\/uploads\/Image1.jpg 768w, https:\/\/laurentchani.fr\/wp-content\/uploads\/Image1-300x200.jpg 300w, https:\/\/laurentchani.fr\/wp-content\/uploads\/Image1-18x12.jpg 18w\" sizes=\"auto, (max-width: 768px) 100vw, 768px\" \/><\/a><\/figure>\n\n<div class=\"wp-block-post-excerpt has-small-font-size\"><p class=\"wp-block-post-excerpt__excerpt\">One of the major promises of AI today is clear: to enable the creation of applications and software tools without writing a single line of code yourself. Whether we&#039;re talking about web development, PC development, or other platforms, the idea is appealing: control an AI, entrust it with code generation, and obtain a turnkey application\u2026 <\/p><\/div>\n\n<a class=\"wp-block-read-more\" href=\"https:\/\/laurentchani.fr\/en\/vibe-coding-mon-retour-dexperience-apres-plus-de-1-000-iterations\/\" target=\"_self\">Read more<span class=\"screen-reader-text\">: Vibe Coding : mon retour d\u2019exp\u00e9rience apr\u00e8s plus de 1 000 it\u00e9rations<\/span><\/a>\n\n<\/div>\n\n<\/li><li class=\"wp-block-post post-4400 post type-post status-publish format-standard has-post-thumbnail hentry category-ia category-uncategorized\">\n\n<div class=\"wp-block-group is-vertical is-nowrap is-layout-flex wp-container-core-group-is-layout-9bc6ff26 wp-block-group-is-layout-flex\"><h2 style=\"margin-bottom:0;\" class=\"wp-block-post-title has-x-large-font-size\"><a href=\"https:\/\/laurentchani.fr\/en\/agent-ai-pour-les-entreprises-tpe-pem\/\" target=\"_self\" >AI Agent for SMEs \u2013 SME<\/a><\/h2>\n\n<figure style=\"width:150px;height:150px;\" class=\"wp-block-post-featured-image\"><a href=\"https:\/\/laurentchani.fr\/en\/agent-ai-pour-les-entreprises-tpe-pem\/\" target=\"_self\"  style=\"height:150px\"><img loading=\"lazy\" decoding=\"async\" width=\"768\" height=\"512\" src=\"https:\/\/laurentchani.fr\/wp-content\/uploads\/@Big-Daddy-106.jpg\" class=\"attachment-post-thumbnail size-post-thumbnail wp-post-image\" alt=\"AI Agent for SMEs \u2013 SME\" style=\"border-radius:14px;height:150px;object-fit:cover;\" srcset=\"https:\/\/laurentchani.fr\/wp-content\/uploads\/@Big-Daddy-106.jpg 768w, https:\/\/laurentchani.fr\/wp-content\/uploads\/@Big-Daddy-106-300x200.jpg 300w, https:\/\/laurentchani.fr\/wp-content\/uploads\/@Big-Daddy-106-18x12.jpg 18w\" sizes=\"auto, (max-width: 768px) 100vw, 768px\" \/><\/a><\/figure>\n\n<div class=\"wp-block-post-excerpt has-small-font-size\"><p class=\"wp-block-post-excerpt__excerpt\">What added value can AI bring to a factory? It&#039;s a legitimate question. Staying informed on a daily basis is easy. But integrating it into an industrial process is another matter entirely. The business owner dreams of saving time, reducing production errors, improving quality, and increasing revenue. So he\u2026 <\/p><\/div>\n\n<a class=\"wp-block-read-more\" href=\"https:\/\/laurentchani.fr\/en\/agent-ai-pour-les-entreprises-tpe-pem\/\" target=\"_self\">Read more<span class=\"screen-reader-text\">: Agent AI pour les TPE &#8211; PEM<\/span><\/a>\n\n<\/div>\n\n<\/li><li class=\"wp-block-post post-4391 post type-post status-publish format-standard has-post-thumbnail hentry category-ia category-uncategorized\">\n\n<div class=\"wp-block-group is-vertical is-nowrap is-layout-flex wp-container-core-group-is-layout-9bc6ff26 wp-block-group-is-layout-flex\"><h2 style=\"margin-bottom:0;\" class=\"wp-block-post-title has-x-large-font-size\"><a href=\"https:\/\/laurentchani.fr\/en\/lia-entre-dans-lindustrie-via-des-usages-concrets\/\" target=\"_self\" >AI is entering industry through concrete applications.<\/a><\/h2>\n\n<figure style=\"width:150px;height:150px;\" class=\"wp-block-post-featured-image\"><a href=\"https:\/\/laurentchani.fr\/en\/lia-entre-dans-lindustrie-via-des-usages-concrets\/\" target=\"_self\"  style=\"height:150px\"><img loading=\"lazy\" decoding=\"async\" width=\"768\" height=\"512\" src=\"https:\/\/laurentchani.fr\/wp-content\/uploads\/@Big-Daddy-105.jpg\" class=\"attachment-post-thumbnail size-post-thumbnail wp-post-image\" alt=\"AI is entering industry through concrete applications.\" style=\"border-radius:14px;height:150px;object-fit:cover;\" srcset=\"https:\/\/laurentchani.fr\/wp-content\/uploads\/@Big-Daddy-105.jpg 768w, https:\/\/laurentchani.fr\/wp-content\/uploads\/@Big-Daddy-105-300x200.jpg 300w, https:\/\/laurentchani.fr\/wp-content\/uploads\/@Big-Daddy-105-18x12.jpg 18w\" sizes=\"auto, (max-width: 768px) 100vw, 768px\" \/><\/a><\/figure>\n\n<div class=\"wp-block-post-excerpt has-small-font-size\"><p class=\"wp-block-post-excerpt__excerpt\">AI will become essential in industry through tangible use cases. ERP\/MRP systems will have to evolve\u2014with their inherent risks\u2014or disappear. My decades of experience in the software industry (simulation, CAD, ERP) give me a clear perspective on the implications of AI for the mechanical engineering market. Furthermore, I have no vested interest\u2026 <\/p><\/div>\n\n<a class=\"wp-block-read-more\" href=\"https:\/\/laurentchani.fr\/en\/lia-entre-dans-lindustrie-via-des-usages-concrets\/\" target=\"_self\">Read more<span class=\"screen-reader-text\">: l\u2019IA entre dans l\u2019industrie via des usages concrets<\/span><\/a>\n\n<\/div>\n\n<\/li><li class=\"wp-block-post post-4382 post type-post status-publish format-standard has-post-thumbnail hentry category-ia category-uncategorized\">\n\n<div class=\"wp-block-group is-vertical is-nowrap is-layout-flex wp-container-core-group-is-layout-9bc6ff26 wp-block-group-is-layout-flex\"><h2 style=\"margin-bottom:0;\" class=\"wp-block-post-title has-x-large-font-size\"><a href=\"https:\/\/laurentchani.fr\/en\/le-blues-du-developpeur\/\" target=\"_self\" >Developer blues<\/a><\/h2>\n\n<figure style=\"width:150px;height:150px;\" class=\"wp-block-post-featured-image\"><a href=\"https:\/\/laurentchani.fr\/en\/le-blues-du-developpeur\/\" target=\"_self\"  style=\"height:150px\"><img loading=\"lazy\" decoding=\"async\" width=\"768\" height=\"512\" src=\"https:\/\/laurentchani.fr\/wp-content\/uploads\/@Big-Daddy-104-P.jpg\" class=\"attachment-post-thumbnail size-post-thumbnail wp-post-image\" alt=\"Developer blues\" style=\"border-radius:14px;height:150px;object-fit:cover;\" srcset=\"https:\/\/laurentchani.fr\/wp-content\/uploads\/@Big-Daddy-104-P.jpg 768w, https:\/\/laurentchani.fr\/wp-content\/uploads\/@Big-Daddy-104-P-300x200.jpg 300w, https:\/\/laurentchani.fr\/wp-content\/uploads\/@Big-Daddy-104-P-18x12.jpg 18w\" sizes=\"auto, (max-width: 768px) 100vw, 768px\" \/><\/a><\/figure>\n\n<div class=\"wp-block-post-excerpt has-small-font-size\"><p class=\"wp-block-post-excerpt__excerpt\">You&#039;ve probably noticed that a large number of human employee positions are being replaced by AI\/AI agents. This is especially true for developers (coders), primarily entry-level ones, whose future is more than uncertain. If what&#039;s being said is true, it&#039;s a real paradigm shift in software development teams\u2026 <\/p><\/div>\n\n<a class=\"wp-block-read-more\" href=\"https:\/\/laurentchani.fr\/en\/le-blues-du-developpeur\/\" target=\"_self\">Read more<span class=\"screen-reader-text\">: Le blues du d\u00e9veloppeur<\/span><\/a>\n\n<\/div>\n\n<\/li><\/ul>\n\n<nav class=\"wp-block-query-pagination is-content-justification-space-between is-layout-flex wp-container-core-query-pagination-is-layout-b2891da8 wp-block-query-pagination-is-layout-flex\" aria-label=\"Pagination\">\n\n\n<div class=\"wp-block-query-pagination-numbers\"><span aria-current=\"page\" class=\"page-numbers current\">1<\/span>\n<a class=\"page-numbers\" href=\"?query-14-page=2\">2<\/a>\n<a class=\"page-numbers\" href=\"?query-14-page=3\">3<\/a>\n<span class=\"page-numbers dots\">&hellip;<\/span>\n<a class=\"page-numbers\" href=\"?query-14-page=15\">15<\/a><\/div>\n\n<a href=\"\/en\/wp-json\/wp\/v2\/pages\/3946?query-14-page=2\" class=\"wp-block-query-pagination-next\">Next Page<span class='wp-block-query-pagination-next-arrow is-arrow-arrow' aria-hidden='true'>\u2192<\/span><\/a>\n<\/nav>\n\n<\/div>\n<\/div>","protected":false},"excerpt":{"rendered":"<p>Je vous invite, \u00e0 travers ce blog, \u00e0 d\u00e9couvrir mon cheminement d\u2019auteur en herbe dans les domaines de la science-fiction et de l\u2019anticipation dystopique. J\u2019y partagerai l\u2019avanc\u00e9e de mes \u00e9crits, les th\u00e8mes que j\u2019explore, les concepts \u00e0 la fois technologiques et philosophiques qui les traversent, ainsi que ma vision du monde et mes impressions personnelles. [&hellip;]<\/p>\n","protected":false},"author":1,"featured_media":1272,"parent":0,"menu_order":0,"comment_status":"closed","ping_status":"closed","template":"","meta":{"_uag_custom_page_level_css":"","footnotes":""},"class_list":["post-3946","page","type-page","status-publish","has-post-thumbnail","hentry"],"blocksy_meta":[],"uagb_featured_image_src":{"full":["https:\/\/laurentchani.fr\/wp-content\/uploads\/2025\/08\/40big-daddy-48-p-1-1.jpg",512,512,false],"thumbnail":["https:\/\/laurentchani.fr\/wp-content\/uploads\/2025\/08\/40big-daddy-48-p-1-1-150x150.jpg",150,150,true],"medium":["https:\/\/laurentchani.fr\/wp-content\/uploads\/2025\/08\/40big-daddy-48-p-1-1-300x300.jpg",300,300,true],"medium_large":["https:\/\/laurentchani.fr\/wp-content\/uploads\/2025\/08\/40big-daddy-48-p-1-1.jpg",512,512,false],"large":["https:\/\/laurentchani.fr\/wp-content\/uploads\/2025\/08\/40big-daddy-48-p-1-1.jpg",512,512,false],"1536x1536":["https:\/\/laurentchani.fr\/wp-content\/uploads\/2025\/08\/40big-daddy-48-p-1-1.jpg",512,512,false],"2048x2048":["https:\/\/laurentchani.fr\/wp-content\/uploads\/2025\/08\/40big-daddy-48-p-1-1.jpg",512,512,false],"trp-custom-language-flag":["https:\/\/laurentchani.fr\/wp-content\/uploads\/2025\/08\/40big-daddy-48-p-1-1-12x12.jpg",12,12,true],"mailpoet_newsletter_max":["https:\/\/laurentchani.fr\/wp-content\/uploads\/2025\/08\/40big-daddy-48-p-1-1.jpg",512,512,false]},"uagb_author_info":{"display_name":"admin5261","author_link":"https:\/\/laurentchani.fr\/en\/author\/admin5261\/"},"uagb_comment_info":0,"uagb_excerpt":"Je vous invite, \u00e0 travers ce blog, \u00e0 d\u00e9couvrir mon cheminement d\u2019auteur en herbe dans les domaines de la science-fiction et de l\u2019anticipation dystopique. J\u2019y partagerai l\u2019avanc\u00e9e de mes \u00e9crits, les th\u00e8mes que j\u2019explore, les concepts \u00e0 la fois technologiques et philosophiques qui les traversent, ainsi que ma vision du monde et mes impressions personnelles.&hellip;","_links":{"self":[{"href":"https:\/\/laurentchani.fr\/en\/wp-json\/wp\/v2\/pages\/3946","targetHints":{"allow":["GET"]}}],"collection":[{"href":"https:\/\/laurentchani.fr\/en\/wp-json\/wp\/v2\/pages"}],"about":[{"href":"https:\/\/laurentchani.fr\/en\/wp-json\/wp\/v2\/types\/page"}],"author":[{"embeddable":true,"href":"https:\/\/laurentchani.fr\/en\/wp-json\/wp\/v2\/users\/1"}],"replies":[{"embeddable":true,"href":"https:\/\/laurentchani.fr\/en\/wp-json\/wp\/v2\/comments?post=3946"}],"version-history":[{"count":5,"href":"https:\/\/laurentchani.fr\/en\/wp-json\/wp\/v2\/pages\/3946\/revisions"}],"predecessor-version":[{"id":4048,"href":"https:\/\/laurentchani.fr\/en\/wp-json\/wp\/v2\/pages\/3946\/revisions\/4048"}],"wp:featuredmedia":[{"embeddable":true,"href":"https:\/\/laurentchani.fr\/en\/wp-json\/wp\/v2\/media\/1272"}],"wp:attachment":[{"href":"https:\/\/laurentchani.fr\/en\/wp-json\/wp\/v2\/media?parent=3946"}],"curies":[{"name":"wp","href":"https:\/\/api.w.org\/{rel}","templated":true}]}}