{"id":376,"date":"2025-07-26T07:39:01","date_gmt":"2025-07-26T05:39:01","guid":{"rendered":"https:\/\/laurentchani.com\/?page_id=376"},"modified":"2025-09-14T13:57:33","modified_gmt":"2025-09-14T11:57:33","slug":"relevant-information","status":"publish","type":"page","link":"https:\/\/laurentchani.fr\/en\/infos-pertinentes\/","title":{"rendered":"Author Information"},"content":{"rendered":"<figure class=\"wp-block-image aligncenter size-medium\"><a href=\"https:\/\/laurentchani.fr\/wp-content\/uploads\/2025\/07\/big-daddy-06.jpg\"><img loading=\"lazy\" decoding=\"async\" width=\"200\" height=\"300\" src=\"https:\/\/laurentchani.fr\/wp-content\/uploads\/2025\/07\/big-daddy-06-200x300.jpg\" alt=\"A science fiction novelist in a suit, focused on carefully reading documents laid out on a desk\" class=\"wp-image-750\" srcset=\"https:\/\/laurentchani.fr\/wp-content\/uploads\/2025\/07\/big-daddy-06-200x300.jpg 200w, https:\/\/laurentchani.fr\/wp-content\/uploads\/2025\/07\/big-daddy-06-8x12.jpg 8w, https:\/\/laurentchani.fr\/wp-content\/uploads\/2025\/07\/big-daddy-06.jpg 512w\" sizes=\"auto, (max-width: 200px) 100vw, 200px\" \/><\/a><\/figure>\n\n\n\n<p class=\"has-text-align-left has-medium-font-size\">Discover an overview of various <strong>publications<\/strong> which gravitate around the activity of the author and his <strong>creative universe<\/strong>These texts, sometimes brief, sometimes more developed, offer <strong>additional lighting<\/strong> on his literary journey. They reveal moments of <strong>reflection<\/strong>, anecdotes or fragments of<strong>inspiration<\/strong> that mark his work. Each publication opens a <strong>window<\/strong> on his daily life as a writer and on the development of his projects. The reader is thus invited to follow step by step the<strong>evolution<\/strong> of an approach in perpetual construction.<\/p>\n\n\n\n<hr class=\"wp-block-separator has-alpha-channel-opacity\"\/>\n\n\n\n<main class=\"wp-block-group alignwide has-small-font-size is-layout-constrained wp-container-core-group-is-layout-71cdb808 wp-block-group-is-layout-constrained\" style=\"margin-top:0\">\n<div class=\"wp-block-query is-layout-constrained wp-block-query-is-layout-constrained\">\n<div class=\"wp-block-group is-layout-flow wp-block-group-is-layout-flow\" style=\"margin-top:0;margin-bottom:0;padding-top:var(--wp--preset--spacing--50);padding-right:0;padding-bottom:var(--wp--preset--spacing--50);padding-left:0\"><ul class=\"alignfull wp-block-post-template is-layout-flow wp-container-core-post-template-is-layout-b377334a wp-block-post-template-is-layout-flow\"><li class=\"wp-block-post post-4360 post type-post status-publish format-standard has-post-thumbnail hentry category-autoedition category-ia category-infos-pertinentes category-processus-decriture\">\n\n<div class=\"wp-block-group is-vertical is-nowrap is-layout-flex wp-container-core-group-is-layout-9bc6ff26 wp-block-group-is-layout-flex\"><figure style=\"width:150px;height:150px;\" class=\"wp-block-post-featured-image\"><a href=\"https:\/\/laurentchani.fr\/en\/etat-de-lart-des-prompts-dauteurs\/\" target=\"_self\"  style=\"height:150px\"><img loading=\"lazy\" decoding=\"async\" width=\"784\" height=\"512\" src=\"https:\/\/laurentchani.fr\/wp-content\/uploads\/@Big-Daddy-99-P.jpg\" class=\"attachment-post-thumbnail size-post-thumbnail wp-post-image\" alt=\"State of the Art of Author-Driven AI Prompts\" style=\"height:150px;object-fit:cover;\" srcset=\"https:\/\/laurentchani.fr\/wp-content\/uploads\/@Big-Daddy-99-P.jpg 784w, https:\/\/laurentchani.fr\/wp-content\/uploads\/@Big-Daddy-99-P-300x196.jpg 300w, https:\/\/laurentchani.fr\/wp-content\/uploads\/@Big-Daddy-99-P-768x502.jpg 768w, https:\/\/laurentchani.fr\/wp-content\/uploads\/@Big-Daddy-99-P-18x12.jpg 18w\" sizes=\"auto, (max-width: 784px) 100vw, 784px\" \/><\/a><\/figure>\n\n<h2 style=\"margin-bottom:0;\" class=\"wp-block-post-title has-x-large-font-size\"><a href=\"https:\/\/laurentchani.fr\/en\/etat-de-lart-des-prompts-dauteurs\/\" target=\"_self\" >State of the Art of Authorial AI Prompts<\/a><\/h2>\n\n<div class=\"wp-block-post-excerpt has-small-font-size\"><p class=\"wp-block-post-excerpt__excerpt\">Generative AI has changed the way we edit and improve text. But for a novel, the real challenge isn&#039;t &quot;having the best prompt&quot;: it&#039;s building a reliable, traceable workflow that aligns with the author&#039;s voice. This article summarizes best practices observed online (tools, methods, safeguards) and offers\u2026 <\/p><\/div>\n\n<a class=\"wp-block-read-more\" href=\"https:\/\/laurentchani.fr\/en\/etat-de-lart-des-prompts-dauteurs\/\" target=\"_self\">Read more<span class=\"screen-reader-text\">: Etat de l&rsquo;Art des prompts IA d\u2019auteurs<\/span><\/a>\n\n\n\n\n<div style=\"height:0px\" aria-hidden=\"true\" class=\"wp-block-spacer wp-container-content-32e3a40d\"><\/div>\n<\/div>\n\n<\/li><li class=\"wp-block-post post-4333 post type-post status-publish format-standard has-post-thumbnail hentry category-anecdotes category-autoedition category-ia category-infos-pertinentes category-processus-decriture category-projet-en-cours category-quoi-de-neuf category-romans-en-cours\">\n\n<div class=\"wp-block-group is-vertical is-nowrap is-layout-flex wp-container-core-group-is-layout-9bc6ff26 wp-block-group-is-layout-flex\"><figure style=\"width:150px;height:150px;\" class=\"wp-block-post-featured-image\"><a href=\"https:\/\/laurentchani.fr\/en\/lart-de-negocier-avec-lia\/\" target=\"_self\"  style=\"height:150px\"><img loading=\"lazy\" decoding=\"async\" width=\"512\" height=\"768\" src=\"https:\/\/laurentchani.fr\/wp-content\/uploads\/@Big-Daddy-96-P.jpg\" class=\"attachment-post-thumbnail size-post-thumbnail wp-post-image\" alt=\"The art of negotiating with AI\" style=\"height:150px;object-fit:cover;\" srcset=\"https:\/\/laurentchani.fr\/wp-content\/uploads\/@Big-Daddy-96-P.jpg 512w, https:\/\/laurentchani.fr\/wp-content\/uploads\/@Big-Daddy-96-P-200x300.jpg 200w, https:\/\/laurentchani.fr\/wp-content\/uploads\/@Big-Daddy-96-P-8x12.jpg 8w\" sizes=\"auto, (max-width: 512px) 100vw, 512px\" \/><\/a><\/figure>\n\n<h2 style=\"margin-bottom:0;\" class=\"wp-block-post-title has-x-large-font-size\"><a href=\"https:\/\/laurentchani.fr\/en\/lart-de-negocier-avec-lia\/\" target=\"_self\" >The art of negotiating with AI<\/a><\/h2>\n\n<div class=\"wp-block-post-excerpt has-small-font-size\"><p class=\"wp-block-post-excerpt__excerpt\">Is this a serious topic for an article about an author&#039;s relationship with their AI assistant, or just a catchy, slightly provocative hook for an advertisement? The aspiring author in me realizes I&#039;m constantly battling my AI assistant to get it to perform various tasks. But, in reality, the\u2026 <\/p><\/div>\n\n<a class=\"wp-block-read-more\" href=\"https:\/\/laurentchani.fr\/en\/lart-de-negocier-avec-lia\/\" target=\"_self\">Read more<span class=\"screen-reader-text\">: L\u2019art de n\u00e9gocier avec l\u2019IA<\/span><\/a>\n\n\n\n\n<div style=\"height:0px\" aria-hidden=\"true\" class=\"wp-block-spacer wp-container-content-32e3a40d\"><\/div>\n<\/div>\n\n<\/li><li class=\"wp-block-post post-4296 post type-post status-publish format-standard has-post-thumbnail hentry category-anecdotes category-autoedition category-ia category-infos-pertinentes category-processus-decriture category-projet-en-cours\">\n\n<div class=\"wp-block-group is-vertical is-nowrap is-layout-flex wp-container-core-group-is-layout-9bc6ff26 wp-block-group-is-layout-flex\"><figure style=\"width:150px;height:150px;\" class=\"wp-block-post-featured-image\"><a href=\"https:\/\/laurentchani.fr\/en\/cap-sur-lautoedition\/\" target=\"_self\"  style=\"height:150px\"><img loading=\"lazy\" decoding=\"async\" width=\"512\" height=\"512\" src=\"https:\/\/laurentchani.fr\/wp-content\/uploads\/@Big-Daddy-94-P.jpg\" class=\"attachment-post-thumbnail size-post-thumbnail wp-post-image\" alt=\"Focus on self-publishing\" style=\"height:150px;object-fit:cover;\" srcset=\"https:\/\/laurentchani.fr\/wp-content\/uploads\/@Big-Daddy-94-P.jpg 512w, https:\/\/laurentchani.fr\/wp-content\/uploads\/@Big-Daddy-94-P-300x300.jpg 300w, https:\/\/laurentchani.fr\/wp-content\/uploads\/@Big-Daddy-94-P-150x150.jpg 150w, https:\/\/laurentchani.fr\/wp-content\/uploads\/@Big-Daddy-94-P-12x12.jpg 12w\" sizes=\"auto, (max-width: 512px) 100vw, 512px\" \/><\/a><\/figure>\n\n<h2 style=\"margin-bottom:0;\" class=\"wp-block-post-title has-x-large-font-size\"><a href=\"https:\/\/laurentchani.fr\/en\/cap-sur-lautoedition\/\" target=\"_self\" >Focus on self-publishing<\/a><\/h2>\n\n<div class=\"wp-block-post-excerpt has-small-font-size\"><p class=\"wp-block-post-excerpt__excerpt\">It is said that in almost every home, a manuscript lies dormant at the bottom of a drawer. The desire to leave a written record of one&#039;s time on Earth is deeply rooted in us, even if, in our time, we are less and less inclined to recount an experience, a dream, or to keep a personal diary\u2026 <\/p><\/div>\n\n<a class=\"wp-block-read-more\" href=\"https:\/\/laurentchani.fr\/en\/cap-sur-lautoedition\/\" target=\"_self\">Read more<span class=\"screen-reader-text\">: Cap sur l\u2019auto\u00e9dition<\/span><\/a>\n\n\n\n\n<div style=\"height:0px\" aria-hidden=\"true\" class=\"wp-block-spacer wp-container-content-32e3a40d\"><\/div>\n<\/div>\n\n<\/li><li class=\"wp-block-post post-4166 post type-post status-publish format-standard has-post-thumbnail hentry category-infos-pertinentes category-psycho-miroir\">\n\n<div class=\"wp-block-group is-vertical is-nowrap is-layout-flex wp-container-core-group-is-layout-9bc6ff26 wp-block-group-is-layout-flex\"><figure style=\"width:150px;height:150px;\" class=\"wp-block-post-featured-image\"><a href=\"https:\/\/laurentchani.fr\/en\/linevitable-destinee\/\" target=\"_self\"  style=\"height:150px\"><img loading=\"lazy\" decoding=\"async\" width=\"512\" height=\"768\" src=\"https:\/\/laurentchani.fr\/wp-content\/uploads\/@Big-Daddy-93-P.jpg\" class=\"attachment-post-thumbnail size-post-thumbnail wp-post-image\" alt=\"The inevitable destiny\" style=\"height:150px;object-fit:cover;\" srcset=\"https:\/\/laurentchani.fr\/wp-content\/uploads\/@Big-Daddy-93-P.jpg 512w, https:\/\/laurentchani.fr\/wp-content\/uploads\/@Big-Daddy-93-P-200x300.jpg 200w, https:\/\/laurentchani.fr\/wp-content\/uploads\/@Big-Daddy-93-P-8x12.jpg 8w\" sizes=\"auto, (max-width: 512px) 100vw, 512px\" \/><\/a><\/figure>\n\n<h2 style=\"margin-bottom:0;\" class=\"wp-block-post-title has-x-large-font-size\"><a href=\"https:\/\/laurentchani.fr\/en\/linevitable-destinee\/\" target=\"_self\" >The inevitable destiny<\/a><\/h2>\n\n<div class=\"wp-block-post-excerpt has-small-font-size\"><p class=\"wp-block-post-excerpt__excerpt\">Robert \u2014 Let&#039;s talk about inevitable destiny. Laurent \u2014 Why does the subject interest you? Robert \u2014 It&#039;s a central aspect of your writing project, which counterbalances free will. Laurent \u2014 Yes. I would express it like this: like two giants of equal strength fighting each other without ever settling. Robert \u2014 I hear. But, at the end of the day, there is... <\/p><\/div>\n\n<a class=\"wp-block-read-more\" href=\"https:\/\/laurentchani.fr\/en\/linevitable-destinee\/\" target=\"_self\">Read more<span class=\"screen-reader-text\">: L\u2019in\u00e9vitable destin\u00e9e<\/span><\/a>\n\n\n\n\n<div style=\"height:0px\" aria-hidden=\"true\" class=\"wp-block-spacer wp-container-content-32e3a40d\"><\/div>\n<\/div>\n\n<\/li><\/ul>\n\n<nav class=\"wp-block-query-pagination is-content-justification-space-between is-layout-flex wp-container-core-query-pagination-is-layout-b2891da8 wp-block-query-pagination-is-layout-flex\" aria-label=\"Pagination\">\n\n\n<div class=\"wp-block-query-pagination-numbers\"><span aria-current=\"page\" class=\"page-numbers current\">1<\/span>\n<a class=\"page-numbers\" href=\"?query-10-page=2\">2<\/a>\n<a class=\"page-numbers\" href=\"?query-10-page=3\">3<\/a>\n<a class=\"page-numbers\" href=\"?query-10-page=4\">4<\/a><\/div>\n\n<a href=\"\/en\/wp-json\/wp\/v2\/pages\/376?query-10-page=2\" class=\"wp-block-query-pagination-next\">Next Page<span class='wp-block-query-pagination-next-arrow is-arrow-arrow' aria-hidden='true'>\u2192<\/span><\/a>\n<\/nav>\n\n<\/div>\n<\/div>\n<\/main>","protected":false},"excerpt":{"rendered":"<p>D\u00e9couvrez un aper\u00e7u de diverses publications qui gravitent autour de l\u2019activit\u00e9 de l\u2019auteur et de son univers cr\u00e9atif. Ces textes, parfois brefs, parfois plus d\u00e9velopp\u00e9s, offrent des \u00e9clairages compl\u00e9mentaires sur son cheminement litt\u00e9raire. Ils r\u00e9v\u00e8lent des instants de r\u00e9flexion, des anecdotes ou des fragments d\u2019inspiration qui jalonnent son travail. Chaque publication ouvre une fen\u00eatre sur [&hellip;]<\/p>\n","protected":false},"author":1,"featured_media":750,"parent":0,"menu_order":0,"comment_status":"closed","ping_status":"closed","template":"","meta":{"_uag_custom_page_level_css":"","footnotes":""},"class_list":["post-376","page","type-page","status-publish","has-post-thumbnail","hentry"],"blocksy_meta":[],"uagb_featured_image_src":{"full":["https:\/\/laurentchani.fr\/wp-content\/uploads\/2025\/07\/big-daddy-06.jpg",512,768,false],"thumbnail":["https:\/\/laurentchani.fr\/wp-content\/uploads\/2025\/07\/big-daddy-06-150x150.jpg",150,150,true],"medium":["https:\/\/laurentchani.fr\/wp-content\/uploads\/2025\/07\/big-daddy-06-200x300.jpg",200,300,true],"medium_large":["https:\/\/laurentchani.fr\/wp-content\/uploads\/2025\/07\/big-daddy-06.jpg",512,768,false],"large":["https:\/\/laurentchani.fr\/wp-content\/uploads\/2025\/07\/big-daddy-06.jpg",512,768,false],"1536x1536":["https:\/\/laurentchani.fr\/wp-content\/uploads\/2025\/07\/big-daddy-06.jpg",512,768,false],"2048x2048":["https:\/\/laurentchani.fr\/wp-content\/uploads\/2025\/07\/big-daddy-06.jpg",512,768,false],"trp-custom-language-flag":["https:\/\/laurentchani.fr\/wp-content\/uploads\/2025\/07\/big-daddy-06-8x12.jpg",8,12,true],"mailpoet_newsletter_max":["https:\/\/laurentchani.fr\/wp-content\/uploads\/2025\/07\/big-daddy-06.jpg",512,768,false]},"uagb_author_info":{"display_name":"admin5261","author_link":"https:\/\/laurentchani.fr\/en\/author\/admin5261\/"},"uagb_comment_info":0,"uagb_excerpt":"D\u00e9couvrez un aper\u00e7u de diverses publications qui gravitent autour de l\u2019activit\u00e9 de l\u2019auteur et de son univers cr\u00e9atif. Ces textes, parfois brefs, parfois plus d\u00e9velopp\u00e9s, offrent des \u00e9clairages compl\u00e9mentaires sur son cheminement litt\u00e9raire. Ils r\u00e9v\u00e8lent des instants de r\u00e9flexion, des anecdotes ou des fragments d\u2019inspiration qui jalonnent son travail. Chaque publication ouvre une fen\u00eatre sur&hellip;","_links":{"self":[{"href":"https:\/\/laurentchani.fr\/en\/wp-json\/wp\/v2\/pages\/376","targetHints":{"allow":["GET"]}}],"collection":[{"href":"https:\/\/laurentchani.fr\/en\/wp-json\/wp\/v2\/pages"}],"about":[{"href":"https:\/\/laurentchani.fr\/en\/wp-json\/wp\/v2\/types\/page"}],"author":[{"embeddable":true,"href":"https:\/\/laurentchani.fr\/en\/wp-json\/wp\/v2\/users\/1"}],"replies":[{"embeddable":true,"href":"https:\/\/laurentchani.fr\/en\/wp-json\/wp\/v2\/comments?post=376"}],"version-history":[{"count":4,"href":"https:\/\/laurentchani.fr\/en\/wp-json\/wp\/v2\/pages\/376\/revisions"}],"predecessor-version":[{"id":4059,"href":"https:\/\/laurentchani.fr\/en\/wp-json\/wp\/v2\/pages\/376\/revisions\/4059"}],"wp:featuredmedia":[{"embeddable":true,"href":"https:\/\/laurentchani.fr\/en\/wp-json\/wp\/v2\/media\/750"}],"wp:attachment":[{"href":"https:\/\/laurentchani.fr\/en\/wp-json\/wp\/v2\/media?parent=376"}],"curies":[{"name":"wp","href":"https:\/\/api.w.org\/{rel}","templated":true}]}}