{"id":3365,"date":"2025-08-29T10:46:04","date_gmt":"2025-08-29T08:46:04","guid":{"rendered":"https:\/\/laurentchani.fr\/?page_id=3365"},"modified":"2025-09-14T17:38:56","modified_gmt":"2025-09-14T15:38:56","slug":"site-map","status":"publish","type":"page","link":"https:\/\/laurentchani.fr\/en\/plan-du-site\/","title":{"rendered":"Site Map"},"content":{"rendered":"<figure class=\"wp-block-image aligncenter size-medium\"><a href=\"https:\/\/laurentchani.fr\/wp-content\/uploads\/2025\/07\/big-daddy-12-1.jpg\"><img loading=\"lazy\" decoding=\"async\" width=\"200\" height=\"300\" src=\"https:\/\/laurentchani.fr\/wp-content\/uploads\/2025\/07\/big-daddy-12-1-200x300.jpg\" alt=\"A science fiction novelist carefully observes a large architectural blueprint on the wall, annotated with sticky notes\" class=\"wp-image-832\" srcset=\"https:\/\/laurentchani.fr\/wp-content\/uploads\/2025\/07\/big-daddy-12-1-200x300.jpg 200w, https:\/\/laurentchani.fr\/wp-content\/uploads\/2025\/07\/big-daddy-12-1-8x12.jpg 8w, https:\/\/laurentchani.fr\/wp-content\/uploads\/2025\/07\/big-daddy-12-1.jpg 512w\" sizes=\"auto, (max-width: 200px) 100vw, 200px\" \/><\/a><\/figure>\n\n\n\n<p class=\"has-medium-font-size\">There <strong>sitemap page<\/strong> allows you to <strong>navigate easily<\/strong> across the whole <strong>blog<\/strong> and quickly access the <strong>contents<\/strong> that interest you. It groups together in a way <strong>clear<\/strong> and <strong>structured<\/strong> all the <strong>headings<\/strong>, of the <strong>author information<\/strong> until <strong>items<\/strong> linked to his <strong>literary universe<\/strong>.<\/p>\n\n\n\n<p class=\"has-medium-font-size\">Each <strong>section<\/strong> is organized to offer a <strong>overview<\/strong> and <strong>facilitate exploration<\/strong> of the site. Whether you want to discover the <strong>behind the scenes of writing<\/strong>, consult the <strong>publications<\/strong> or dive into the <strong>novels in progress<\/strong>, everything is accessible in one <strong>click<\/strong>.<\/p>\n\n\n\n<p class=\"has-medium-font-size\">This <strong>plan<\/strong> acts as a <strong>interactive map<\/strong>, guaranteeing a <strong>smooth reading<\/strong> and one <strong>pleasant visit<\/strong>.<\/p>\n\n\n<div class=\"wsp-container\"><h2 class=\"wsp-pages-title\">Pages<\/h2>\n<ul class=\"wsp-pages-list\">\n<li class=\"page_item page-item-1308\"><a href=\"https:\/\/laurentchani.fr\/en\/about\/\">About the author<\/a><\/li>\n<li class=\"page_item page-item-3946\"><a href=\"https:\/\/laurentchani.fr\/en\/\">Home<\/a><\/li>\n<li class=\"page_item page-item-881\"><a href=\"https:\/\/laurentchani.fr\/en\/quoi-de-neuf\/\">News<\/a><\/li>\n<li class=\"page_item page-item-860\"><a href=\"https:\/\/laurentchani.fr\/en\/citations\/\">Quotes<\/a><\/li>\n<li class=\"page_item page-item-921\"><a href=\"https:\/\/laurentchani.fr\/en\/concept-art\/\">Concept Art<\/a><\/li>\n<li class=\"page_item page-item-940\"><a href=\"https:\/\/laurentchani.fr\/en\/contacts-newsletter\/\">Contacts \/ Newsletter<\/a><\/li>\n<li class=\"page_item page-item-815\"><a href=\"https:\/\/laurentchani.fr\/en\/coulisses-making-of\/\">Behind the Scenes (Making of)<\/a><\/li>\n<li class=\"page_item page-item-931\"><a href=\"https:\/\/laurentchani.fr\/en\/decors\/\">Decors<\/a><\/li>\n<li class=\"page_item page-item-1314\"><a href=\"https:\/\/laurentchani.fr\/en\/entretiens-avec-le-psycho-miroir-2\/\">Interviews<\/a><\/li>\n<li class=\"page_item page-item-682\"><a href=\"https:\/\/laurentchani.fr\/en\/extraits\/\">Excerpts from novels<\/a><\/li>\n<li class=\"page_item page-item-914\"><a href=\"https:\/\/laurentchani.fr\/en\/illustrations\/\">Illustrations by the author<\/a><\/li>\n<li class=\"page_item page-item-376\"><a href=\"https:\/\/laurentchani.fr\/en\/infos-pertinentes\/\">Author Information<\/a><\/li>\n<li class=\"page_item page-item-718\"><a href=\"https:\/\/laurentchani.fr\/en\/l-auteur\/\">The author<\/a><\/li>\n<li class=\"page_item page-item-4315\"><a href=\"https:\/\/laurentchani.fr\/en\/lautoedition\/\">Self-publishing<\/a><\/li>\n<li class=\"page_item page-item-1312\"><a href=\"https:\/\/laurentchani.fr\/en\/lecriture-2\/\">Writing<\/a><\/li>\n<li class=\"page_item page-item-865\"><a href=\"https:\/\/laurentchani.fr\/en\/lia-et-lecriture\/\">AI and writing<\/a><\/li>\n<li class=\"page_item page-item-927\"><a href=\"https:\/\/laurentchani.fr\/en\/personnages\/\">Characters in the novels<\/a><\/li>\n<li class=\"page_item page-item-3296\"><a href=\"https:\/\/laurentchani.fr\/en\/me-contacter\/\">Contact Me<\/a><\/li>\n<li class=\"page_item page-item-3314\"><a href=\"https:\/\/laurentchani.fr\/en\/mentions-legales\/\">Legal notices<\/a><\/li>\n<li class=\"page_item page-item-774\"><a href=\"https:\/\/laurentchani.fr\/en\/mon-univers\/\">My universe<\/a><\/li>\n<li class=\"page_item page-item-295\"><a href=\"https:\/\/laurentchani.fr\/en\/formulaire-dinscription-a-la-newsletter\/\">Newsletter<\/a><\/li>\n<li class=\"page_item page-item-3365\"><a href=\"https:\/\/laurentchani.fr\/en\/plan-du-site\/\">Site Map<\/a><\/li>\n<li class=\"page_item page-item-215\"><a href=\"https:\/\/laurentchani.fr\/en\/politique-de-confidentialite\/\">Privacy Policy<\/a><\/li>\n<li class=\"page_item page-item-307\"><a href=\"https:\/\/laurentchani.fr\/en\/politique-des-cookies\/\">Cookie Policy<\/a><\/li>\n<li class=\"page_item page-item-764\"><a href=\"https:\/\/laurentchani.fr\/en\/pourquoi-ecrire\/\">Why write?<\/a><\/li>\n<li class=\"page_item page-item-1313\"><a href=\"https:\/\/laurentchani.fr\/en\/processus\/\">Writing process<\/a><\/li>\n<li class=\"page_item page-item-255\"><a href=\"https:\/\/laurentchani.fr\/en\/projet-en-cours\/\">Project in progress<\/a><\/li>\n<li class=\"page_item page-item-685\"><a href=\"https:\/\/laurentchani.fr\/en\/romans\/\">Novels<\/a><\/li>\n<li class=\"page_item page-item-656\"><a href=\"https:\/\/laurentchani.fr\/en\/romans-en-cours-2\/\">Novels in progress<\/a><\/li>\n<\/ul>\n<h2 class=\"wsp-posts-title\">Posts by category<\/h2>\n<ul class=\"wsp-posts-list\">\n\t<li><strong class=\"wsp-category-title\">Category: <a href=\"https:\/\/laurentchani.fr\/en\/category\/anecdotes\/\">Anecdotes<\/a><\/strong>\n<ul class=\"wsp-posts-list\">\t\t<li class=\"wsp-post\"><a href=\"https:\/\/laurentchani.fr\/en\/lart-de-negocier-avec-lia\/\">The art of negotiating with AI<\/a><\/li>\n\t\t<li class=\"wsp-post\"><a href=\"https:\/\/laurentchani.fr\/en\/cap-sur-lautoedition\/\">Focus on self-publishing<\/a><\/li>\n\t\t<li class=\"wsp-post\"><a href=\"https:\/\/laurentchani.fr\/en\/construire-un-site-internet-auteur\/\">Build an author website<\/a><\/li>\n\t\t<li class=\"wsp-post\"><a href=\"https:\/\/laurentchani.fr\/en\/processus-decriture-premiere-etape\/\">Author&#039;s Writing Process: Step One<\/a><\/li>\n\t\t<li class=\"wsp-post\"><a href=\"https:\/\/laurentchani.fr\/en\/le-libre-arbitre-versus-linevitable-2\/\">Free Will versus Inevitability<\/a><\/li>\n\t\t<li class=\"wsp-post\"><a href=\"https:\/\/laurentchani.fr\/en\/lia-et-ses-incoherences-pour-de-mise-en-scene\/\">AI and its staging inconsistencies<\/a><\/li>\n\t\t<li class=\"wsp-post\"><a href=\"https:\/\/laurentchani.fr\/en\/lauteur-ne-jette-rien\/\">The author doesn&#039;t throw anything away.<\/a><\/li>\n\t\t<li class=\"wsp-post\"><a href=\"https:\/\/laurentchani.fr\/en\/les-droits-dauteurs\/\">Copyright<\/a><\/li>\n\t\t<li class=\"wsp-post\"><a href=\"https:\/\/laurentchani.fr\/en\/franglais-versus-francais\/\">Franglais versus French<\/a><\/li>\n\t\t<li class=\"wsp-post\"><a href=\"https:\/\/laurentchani.fr\/en\/planning-de-developpement-de-mon-projet-dauteur\/\">Development plan for my author project<\/a><\/li>\n\t\t<li class=\"wsp-post\"><a href=\"https:\/\/laurentchani.fr\/en\/les-technologies-dans-mon-univers\/\">Technologies in my world<\/a><\/li>\n<\/ul><\/li>\n\t<li><strong class=\"wsp-category-title\">Category: <a href=\"https:\/\/laurentchani.fr\/en\/category\/autoedition\/\">Self-publishing<\/a><\/strong>\n<ul class=\"wsp-posts-list\">\t\t<li class=\"wsp-post\"><a href=\"https:\/\/laurentchani.fr\/en\/lautopilotage-dune-ia\/\">AI Autopilot<\/a><\/li>\n\t\t<li class=\"wsp-post\"><a href=\"https:\/\/laurentchani.fr\/en\/quand-lia-miroite-des-details\/\">When AI reflects details<\/a><\/li>\n\t\t<li class=\"wsp-post\"><a href=\"https:\/\/laurentchani.fr\/en\/etat-de-lart-des-prompts-dauteurs\/\">State of the Art of Authorial AI Prompts<\/a><\/li>\n\t\t<li class=\"wsp-post\"><a href=\"https:\/\/laurentchani.fr\/en\/transformer-une-image-en-micro-video-bouclable-retour-dexperience\/\">Transforming an image into a looped micro-video using AI \u2013 Lessons learned<\/a><\/li>\n\t\t<li class=\"wsp-post\"><a href=\"https:\/\/laurentchani.fr\/en\/lagent-ai-la-boite-a-outil-de-lauto-editeur\/\">The AI Agent - The Self-Publisher&#039;s Toolkit<\/a><\/li>\n<\/ul><\/li>\n\t<li><strong class=\"wsp-category-title\">Category: <a href=\"https:\/\/laurentchani.fr\/en\/category\/citations\/\">Quotes<\/a><\/strong>\n<ul class=\"wsp-posts-list\">\t\t<li class=\"wsp-post\"><a href=\"https:\/\/laurentchani.fr\/en\/rendre-a-cesar-ce-qui-est-a-cesar\/\">Render unto Caesar what is Caesar&#039;s<\/a><\/li>\n\t\t<li class=\"wsp-post\"><a href=\"https:\/\/laurentchani.fr\/en\/ecrire-cest-10-dinspiration-et-90-dhuile-de-coude\/\">Writing is 10% inspiration and 90% elbow grease<\/a><\/li>\n<\/ul><\/li>\n\t<li><strong class=\"wsp-category-title\">Category: <a href=\"https:\/\/laurentchani.fr\/en\/category\/concept-art\/\">Concept Art<\/a><\/strong>\n<ul class=\"wsp-posts-list\">\t\t<li class=\"wsp-post\"><a href=\"https:\/\/laurentchani.fr\/en\/concept-art-nebuleuse-glamour\/\">Glamour Nebula<\/a><\/li>\n\t\t<li class=\"wsp-post\"><a href=\"https:\/\/laurentchani.fr\/en\/concept-art-01-2\/\">Pop Art Style Concept Art<\/a><\/li>\n\t\t<li class=\"wsp-post\"><a href=\"https:\/\/laurentchani.fr\/en\/concept-art-06-2\/\">Pop art concept art<\/a><\/li>\n\t\t<li class=\"wsp-post\"><a href=\"https:\/\/laurentchani.fr\/en\/concept-art-05\/\">Concept Art The Mask of the Strange<\/a><\/li>\n\t\t<li class=\"wsp-post\"><a href=\"https:\/\/laurentchani.fr\/en\/concept-art-04\/\">Concept Art Pop Art and Fashion<\/a><\/li>\n\t\t<li class=\"wsp-post\"><a href=\"https:\/\/laurentchani.fr\/en\/concept-art-03\/\">Star Wars Pop Art Concept Art<\/a><\/li>\n\t\t<li class=\"wsp-post\"><a href=\"https:\/\/laurentchani.fr\/en\/logo-laurent-chani-coloriage\/\">Dragon-Cat Logo Concept Art<\/a><\/li>\n<\/ul><\/li>\n\t<li><strong class=\"wsp-category-title\">Category: <a href=\"https:\/\/laurentchani.fr\/en\/category\/decors\/\">Decors<\/a><\/strong>\n<ul class=\"wsp-posts-list\">\t\t<li class=\"wsp-post\"><a href=\"https:\/\/laurentchani.fr\/en\/salle-de-conference-01\/\">AI Image Optimization<\/a><\/li>\n\t\t<li class=\"wsp-post\"><a href=\"https:\/\/laurentchani.fr\/en\/extrait-description-de-la-salle-de-conference\/\">Excerpt: The conference room<\/a><\/li>\n\t\t<li class=\"wsp-post\"><a href=\"https:\/\/laurentchani.fr\/en\/bunker-palace-02\/\">Bunker Palace isometric section<\/a><\/li>\n\t\t<li class=\"wsp-post\"><a href=\"https:\/\/laurentchani.fr\/en\/bunker-palace-01\/\">Bunker Palace perspective.<\/a><\/li>\n\t\t<li class=\"wsp-post\"><a href=\"https:\/\/laurentchani.fr\/en\/bunker-palace-00\/\">Bunker Palace 3D sectional drawing<\/a><\/li>\n<\/ul><\/li>\n\t<li><strong class=\"wsp-category-title\">Category: <a href=\"https:\/\/laurentchani.fr\/en\/category\/extraits\/\">Excerpts<\/a><\/strong>\n<ul class=\"wsp-posts-list\">\t\t<li class=\"wsp-post\"><a href=\"https:\/\/laurentchani.fr\/en\/une-terrasse-de-cafe-2\/\">Excerpt: A caf\u00e9 terrace<\/a><\/li>\n<\/ul><\/li>\n\t<li><strong class=\"wsp-category-title\">Category: <a href=\"https:\/\/laurentchani.fr\/en\/category\/ia\/\">AI<\/a><\/strong>\n<ul class=\"wsp-posts-list\">\t\t<li class=\"wsp-post\"><a href=\"https:\/\/laurentchani.fr\/en\/vibe-coding-mon-retour-dexperience-apres-plus-de-1-000-iterations\/\">Vibe Coding: My experience after more than 1,000 iterations<\/a><\/li>\n\t\t<li class=\"wsp-post\"><a href=\"https:\/\/laurentchani.fr\/en\/agent-ai-pour-les-entreprises-tpe-pem\/\">AI Agent for SMEs \u2013 SME<\/a><\/li>\n\t\t<li class=\"wsp-post\"><a href=\"https:\/\/laurentchani.fr\/en\/lia-entre-dans-lindustrie-via-des-usages-concrets\/\">AI is entering industry through concrete applications.<\/a><\/li>\n\t\t<li class=\"wsp-post\"><a href=\"https:\/\/laurentchani.fr\/en\/le-blues-du-developpeur\/\">Developer blues<\/a><\/li>\n\t\t<li class=\"wsp-post\"><a href=\"https:\/\/laurentchani.fr\/en\/lia-code-oui-mais-qui-fait-le-reste\/\">AI codes, yes\u2026 but who does the rest?<\/a><\/li>\n\t\t<li class=\"wsp-post\"><a href=\"https:\/\/laurentchani.fr\/en\/tester-plusieurs-ia\/\">Testing multiple AIs<\/a><\/li>\n\t\t<li class=\"wsp-post\"><a href=\"https:\/\/laurentchani.fr\/en\/moteur-de-recherche-vs-ia\/\">Search Engine vs. AI<\/a><\/li>\n\t\t<li class=\"wsp-post\"><a href=\"https:\/\/laurentchani.fr\/en\/partage-dexperience-de-la-creation-dimages-par-une-ia\/\">Sharing experiences in creating images using AI<\/a><\/li>\n\t\t<li class=\"wsp-post\"><a href=\"https:\/\/laurentchani.fr\/en\/les-hallucinations-dune-ia\/\">The hallucinations of an AI<\/a><\/li>\n\t\t<li class=\"wsp-post\"><a href=\"https:\/\/laurentchani.fr\/en\/quel-homme-lauteur-aurait-aime-etre\/\">What kind of man would the author have liked to be?<\/a><\/li>\n\t\t<li class=\"wsp-post\"><a href=\"https:\/\/laurentchani.fr\/en\/procedure-recommandee-par-lia-pour-la-generation-dimage-2\/\">AI Recommended Procedure for Image Generation<\/a><\/li>\n\t\t<li class=\"wsp-post\"><a href=\"https:\/\/laurentchani.fr\/en\/quel-est-lusage-de-lia-dans-mon-processus-decriture\/\">What is the use of AI in my writing process?<\/a><\/li>\n\t\t<li class=\"wsp-post\"><a href=\"https:\/\/laurentchani.fr\/en\/etes-vous-un-humain\/\">Are you human?<\/a><\/li>\n\t\t<li class=\"wsp-post\"><a href=\"https:\/\/laurentchani.fr\/en\/lia-faut-il-avoir-du-grand-mechant-loup\/\">AI: Should we be afraid of the big bad wolf?<\/a><\/li>\n<\/ul><\/li>\n\t<li><strong class=\"wsp-category-title\">Category: <a href=\"https:\/\/laurentchani.fr\/en\/category\/infos-pertinentes\/\">Relevant information<\/a><\/strong>\n<ul class=\"wsp-posts-list\">\t\t<li class=\"wsp-post\"><a href=\"https:\/\/laurentchani.fr\/en\/linevitable-destinee\/\">The inevitable destiny<\/a><\/li>\n\t\t<li class=\"wsp-post\"><a href=\"https:\/\/laurentchani.fr\/en\/premier-entretien-avec-robert-le-psycho-miroir\/\">Meet Robert, the Psycho-Mirror<\/a><\/li>\n\t\t<li class=\"wsp-post\"><a href=\"https:\/\/laurentchani.fr\/en\/et-si-jelargissaient-mon-spectre-dauteurs-culte-de-sf\/\">My books by cult sci-fi authors<\/a><\/li>\n\t\t<li class=\"wsp-post\"><a href=\"https:\/\/laurentchani.fr\/en\/mon-auteur-culte\/\">My cult author<\/a><\/li>\n\t\t<li class=\"wsp-post\"><a href=\"https:\/\/laurentchani.fr\/en\/quel-est-mon-mot-prefere\/\">What is my favorite word?<\/a><\/li>\n<\/ul><\/li>\n\t<li><strong class=\"wsp-category-title\">Category: <a href=\"https:\/\/laurentchani.fr\/en\/category\/personnages\/\">Characters<\/a><\/strong>\n<ul class=\"wsp-posts-list\">\t\t<li class=\"wsp-post\"><a href=\"https:\/\/laurentchani.fr\/en\/roshna-03\/\">RoshNa A mistress woman<\/a><\/li>\n\t\t<li class=\"wsp-post\"><a href=\"https:\/\/laurentchani.fr\/en\/roshna-02\/\">RoshNa \u2013 Pencil Drawing<\/a><\/li>\n\t\t<li class=\"wsp-post\"><a href=\"https:\/\/laurentchani.fr\/en\/roshna-01\/\">RoshNa \u2013 Sketch<\/a><\/li>\n\t\t<li class=\"wsp-post\"><a href=\"https:\/\/laurentchani.fr\/en\/big-daddy-03\/\">The author sitting in an armchair, looking hard.<\/a><\/li>\n\t\t<li class=\"wsp-post\"><a href=\"https:\/\/laurentchani.fr\/en\/big-daddy-02\/\">The author smoking his pipe<\/a><\/li>\n\t\t<li class=\"wsp-post\"><a href=\"https:\/\/laurentchani.fr\/en\/big-daddy-01\/\">The author in full concentration<\/a><\/li>\n<\/ul><\/li>\n\t<li><strong class=\"wsp-category-title\">Category: <a href=\"https:\/\/laurentchani.fr\/en\/category\/pourquoi-ecrire\/\">Why write?<\/a><\/strong>\n<ul class=\"wsp-posts-list\">\t\t<li class=\"wsp-post\"><a href=\"https:\/\/laurentchani.fr\/en\/a-quel-age-ai-je-commencer-a-ecrire\/\">At what age did I start writing?<\/a><\/li>\n\t\t<li class=\"wsp-post\"><a href=\"https:\/\/laurentchani.fr\/en\/pourquoi-ecrire\/\">Writing is a need.<\/a><\/li>\n<\/ul><\/li>\n\t<li><strong class=\"wsp-category-title\">Category: <a href=\"https:\/\/laurentchani.fr\/en\/category\/processus-decriture\/\">Writing process<\/a><\/strong>\n<\/li>\n\t<li><strong class=\"wsp-category-title\">Category: <a href=\"https:\/\/laurentchani.fr\/en\/category\/projet-en-cours\/\">Project in progress<\/a><\/strong>\n<\/li>\n\t<li><strong class=\"wsp-category-title\">Category: <a href=\"https:\/\/laurentchani.fr\/en\/category\/psycho-miroir\/\">Psycho-mirror<\/a><\/strong>\n<\/li>\n\t<li><strong class=\"wsp-category-title\">Category: <a href=\"https:\/\/laurentchani.fr\/en\/category\/quoi-de-neuf\/\">What&#039;s new<\/a><\/strong>\n<\/li>\n\t<li><strong class=\"wsp-category-title\">Category: <a href=\"https:\/\/laurentchani.fr\/en\/category\/romans-en-cours\/\">Novels in progress<\/a><\/strong>\n<\/li>\n\t<li><strong class=\"wsp-category-title\">Category: <a href=\"https:\/\/laurentchani.fr\/en\/category\/uncategorized\/\">Uncategorized<\/a><\/strong>\n<ul class=\"wsp-posts-list\">\t\t<li class=\"wsp-post\"><a href=\"https:\/\/laurentchani.fr\/en\/les-noms-et-prenoms-des-personnages\/\">The names and first names of the characters<\/a><\/li>\n\t\t<li class=\"wsp-post\"><a href=\"https:\/\/laurentchani.fr\/en\/lauteur\/\">The author<\/a><\/li>\n<\/ul><\/li>\n<\/ul>\n<h2 class=\"wsp-mailpoet_pages-title\">MailPoet Page<\/h2>\n<ul class=\"wsp-mailpoet_pages-list\">\n<li><a href=\"https:\/\/laurentchani.fr\/en\/?mailpoet_page=captcha\">MailPoet Page<\/a><\/li>\n<li><a href=\"https:\/\/laurentchani.fr\/en\/?mailpoet_page=subscriptions\">MailPoet Page<\/a><\/li>\n<\/ul>\n<\/div>","protected":false},"excerpt":{"rendered":"<p>La page du plan du site vous permet de naviguer facilement \u00e0 travers l\u2019ensemble du blog et d\u2019acc\u00e9der rapidement aux contenus qui vous int\u00e9ressent. Elle regroupe de mani\u00e8re claire et structur\u00e9e toutes les rubriques, des informations sur l\u2019auteur jusqu\u2019aux articles li\u00e9s \u00e0 son univers litt\u00e9raire. Chaque section est organis\u00e9e pour offrir une vision d\u2019ensemble et [&hellip;]<\/p>\n","protected":false},"author":1,"featured_media":3366,"parent":0,"menu_order":0,"comment_status":"closed","ping_status":"closed","template":"","meta":{"_uag_custom_page_level_css":"","footnotes":""},"class_list":["post-3365","page","type-page","status-publish","has-post-thumbnail","hentry"],"blocksy_meta":[],"uagb_featured_image_src":{"full":["https:\/\/laurentchani.fr\/wp-content\/uploads\/@Big-Daddy-12.jpg",512,768,false],"thumbnail":["https:\/\/laurentchani.fr\/wp-content\/uploads\/@Big-Daddy-12-150x150.jpg",150,150,true],"medium":["https:\/\/laurentchani.fr\/wp-content\/uploads\/@Big-Daddy-12-200x300.jpg",200,300,true],"medium_large":["https:\/\/laurentchani.fr\/wp-content\/uploads\/@Big-Daddy-12.jpg",512,768,false],"large":["https:\/\/laurentchani.fr\/wp-content\/uploads\/@Big-Daddy-12.jpg",512,768,false],"1536x1536":["https:\/\/laurentchani.fr\/wp-content\/uploads\/@Big-Daddy-12.jpg",512,768,false],"2048x2048":["https:\/\/laurentchani.fr\/wp-content\/uploads\/@Big-Daddy-12.jpg",512,768,false],"trp-custom-language-flag":["https:\/\/laurentchani.fr\/wp-content\/uploads\/@Big-Daddy-12.jpg",8,12,false],"mailpoet_newsletter_max":["https:\/\/laurentchani.fr\/wp-content\/uploads\/@Big-Daddy-12.jpg",512,768,false]},"uagb_author_info":{"display_name":"admin5261","author_link":"https:\/\/laurentchani.fr\/en\/author\/admin5261\/"},"uagb_comment_info":0,"uagb_excerpt":"La page du plan du site vous permet de naviguer facilement \u00e0 travers l\u2019ensemble du blog et d\u2019acc\u00e9der rapidement aux contenus qui vous int\u00e9ressent. Elle regroupe de mani\u00e8re claire et structur\u00e9e toutes les rubriques, des informations sur l\u2019auteur jusqu\u2019aux articles li\u00e9s \u00e0 son univers litt\u00e9raire. Chaque section est organis\u00e9e pour offrir une vision d\u2019ensemble et&hellip;","_links":{"self":[{"href":"https:\/\/laurentchani.fr\/en\/wp-json\/wp\/v2\/pages\/3365","targetHints":{"allow":["GET"]}}],"collection":[{"href":"https:\/\/laurentchani.fr\/en\/wp-json\/wp\/v2\/pages"}],"about":[{"href":"https:\/\/laurentchani.fr\/en\/wp-json\/wp\/v2\/types\/page"}],"author":[{"embeddable":true,"href":"https:\/\/laurentchani.fr\/en\/wp-json\/wp\/v2\/users\/1"}],"replies":[{"embeddable":true,"href":"https:\/\/laurentchani.fr\/en\/wp-json\/wp\/v2\/comments?post=3365"}],"version-history":[{"count":6,"href":"https:\/\/laurentchani.fr\/en\/wp-json\/wp\/v2\/pages\/3365\/revisions"}],"predecessor-version":[{"id":4109,"href":"https:\/\/laurentchani.fr\/en\/wp-json\/wp\/v2\/pages\/3365\/revisions\/4109"}],"wp:featuredmedia":[{"embeddable":true,"href":"https:\/\/laurentchani.fr\/en\/wp-json\/wp\/v2\/media\/3366"}],"wp:attachment":[{"href":"https:\/\/laurentchani.fr\/en\/wp-json\/wp\/v2\/media?parent=3365"}],"curies":[{"name":"wp","href":"https:\/\/api.w.org\/{rel}","templated":true}]}}