{"id":3314,"date":"2025-08-28T11:47:02","date_gmt":"2025-08-28T09:47:02","guid":{"rendered":"https:\/\/laurentchani.fr\/?page_id=3314"},"modified":"2025-09-14T15:56:29","modified_gmt":"2025-09-14T13:56:29","slug":"legal-notices","status":"publish","type":"page","link":"https:\/\/laurentchani.fr\/en\/mentions-legales\/","title":{"rendered":"Legal notices"},"content":{"rendered":"<figure class=\"wp-block-image aligncenter size-medium\"><a href=\"https:\/\/laurentchani.fr\/wp-content\/uploads\/@Big-Daddy-88-P.jpg\"><img loading=\"lazy\" decoding=\"async\" width=\"300\" height=\"300\" src=\"https:\/\/laurentchani.fr\/wp-content\/uploads\/@Big-Daddy-88-P-300x300.jpg\" alt=\"Serious portrait of the author with a pipe and attentive gaze\" class=\"wp-image-3569\" srcset=\"https:\/\/laurentchani.fr\/wp-content\/uploads\/@Big-Daddy-88-P-300x300.jpg 300w, https:\/\/laurentchani.fr\/wp-content\/uploads\/@Big-Daddy-88-P-150x150.jpg 150w, https:\/\/laurentchani.fr\/wp-content\/uploads\/@Big-Daddy-88-P.jpg 512w\" sizes=\"auto, (max-width: 300px) 100vw, 300px\" \/><\/a><\/figure>\n\n\n\n<p class=\"has-medium-font-size\">THE <strong>legal notices<\/strong> of a <strong>website<\/strong> of type <strong>blog<\/strong> are <strong>mandatory<\/strong> and aim to clearly identify the<strong>editor<\/strong> of the site. They must specify the <strong>name<\/strong>, there <strong>company name<\/strong> or the<strong>identify<\/strong> of the<strong>author<\/strong>, as well as the <strong>contact details<\/strong> allowing it to <strong>contact<\/strong>. THE <strong>name of the host<\/strong>, her <strong>address<\/strong> and his <strong>means of communication<\/strong> must also be indicated. This information guarantees the <strong>transparency<\/strong> vis-\u00e0-vis the <strong>visitors<\/strong> and <strong>protect<\/strong> the publisher in case of <strong>dispute<\/strong>. Finally, they recall the <strong>copyright<\/strong>, the <strong>terms of use<\/strong> and any possible <strong>responsibilities<\/strong> related to published content.<\/p>\n\n\n\n<p><strong>Legal notices \u2014 laurentchani.fr<\/strong><\/p>\n\n\n\n<p><strong>1. Site Editor<\/strong><\/p>\n\n\n\n<p>The site <strong>laurentchani.fr<\/strong> is published by:<br><strong>Laurent CHANI<\/strong> (author&#039;s name)<br><strong>Address<\/strong> : use of the host address (see below)<br><strong>Contact<\/strong> : contact@laurentchani.fr<\/p>\n\n\n\n<p><strong>2. Site host<\/strong><\/p>\n\n\n\n<p>The site is hosted by:<br><strong>OVH SAS<\/strong><br>Address: 2 rue Kellermann, 59100 Roubaix, France<br>Telephone: +33 9 72 10 10 07<br>Website: <a href=\"https:\/\/www.ovh.com\">https:\/\/www.ovh.com<\/a><\/p>\n\n\n\n<p><strong>3. Intellectual Property<\/strong><\/p>\n\n\n\n<p>All content on this site (<strong>texts<\/strong>, <strong>images<\/strong>, <strong>illustrations<\/strong>, <strong>graphic creations<\/strong>, <strong>logos<\/strong>, etc.) is protected by the <strong>Intellectual Property Code<\/strong>.<br>All <strong>reproduction<\/strong>, <strong>representation<\/strong>, <strong>modification<\/strong> Or <strong>broadcast<\/strong>, in whole or in part, without the written authorization of <strong>Laurent CHANI<\/strong>, is strictly prohibited.<\/p>\n\n\n\n<p><strong>4. Responsibility<\/strong><\/p>\n\n\n\n<p>The information made available on this site is at <strong>informational title<\/strong>.<br>The publisher cannot be held responsible:<\/p>\n\n\n\n<ul class=\"wp-block-list\">\n<li>of the <strong>errors<\/strong> Or <strong>omissions<\/strong> ;<\/li>\n\n\n\n<li>of the <strong>damages<\/strong> related to the use of the content;<\/li>\n\n\n\n<li>of the <strong>external links<\/strong> referring to other sites whose content it does not control.<\/li>\n<\/ul>\n\n\n\n<p><strong>5. Personal data<\/strong><\/p>\n\n\n\n<p>This site collects certain <strong>personal data<\/strong> to improve the<strong>user experience<\/strong> and manage the <strong>interactions<\/strong> (contact form, newsletter).<br>For more information, see the <strong>Privacy Policy<\/strong>.<\/p>\n\n\n\n<p><strong>6. Cookies<\/strong><\/p>\n\n\n\n<p>This site uses cookies. <strong>cookies<\/strong> in order to improve your <strong>browsing experience<\/strong>.<br>For more information, see the <strong>Cookie Policy<\/strong>.<\/p>\n\n\n\n<p><strong>7. Applicable law<\/strong><\/p>\n\n\n\n<p>This site is subject to the <strong>French legislation<\/strong>.<br>All <strong>dispute<\/strong> will be brought before the <strong>competent courts<\/strong>.<\/p>\n\n\n\n<p><\/p>","protected":false},"excerpt":{"rendered":"<p>Les mentions l\u00e9gales d\u2019un site web de type blog sont obligatoires et visent \u00e0 identifier clairement l\u2019\u00e9diteur du site. Elles doivent pr\u00e9ciser le nom, la raison sociale ou l\u2019identit\u00e9 de l\u2019auteur, ainsi que les coordonn\u00e9es permettant de le contacter. Le nom de l\u2019h\u00e9bergeur, son adresse et ses moyens de communication doivent \u00e9galement \u00eatre indiqu\u00e9s. Ces [&hellip;]<\/p>\n","protected":false},"author":1,"featured_media":3569,"parent":0,"menu_order":0,"comment_status":"closed","ping_status":"closed","template":"","meta":{"_uag_custom_page_level_css":"","footnotes":""},"class_list":["post-3314","page","type-page","status-publish","has-post-thumbnail","hentry"],"blocksy_meta":[],"uagb_featured_image_src":{"full":["https:\/\/laurentchani.fr\/wp-content\/uploads\/@Big-Daddy-88-P.jpg",512,512,false],"thumbnail":["https:\/\/laurentchani.fr\/wp-content\/uploads\/@Big-Daddy-88-P-150x150.jpg",150,150,true],"medium":["https:\/\/laurentchani.fr\/wp-content\/uploads\/@Big-Daddy-88-P-300x300.jpg",300,300,true],"medium_large":["https:\/\/laurentchani.fr\/wp-content\/uploads\/@Big-Daddy-88-P.jpg",512,512,false],"large":["https:\/\/laurentchani.fr\/wp-content\/uploads\/@Big-Daddy-88-P.jpg",512,512,false],"1536x1536":["https:\/\/laurentchani.fr\/wp-content\/uploads\/@Big-Daddy-88-P.jpg",512,512,false],"2048x2048":["https:\/\/laurentchani.fr\/wp-content\/uploads\/@Big-Daddy-88-P.jpg",512,512,false],"trp-custom-language-flag":["https:\/\/laurentchani.fr\/wp-content\/uploads\/@Big-Daddy-88-P.jpg",12,12,false],"mailpoet_newsletter_max":["https:\/\/laurentchani.fr\/wp-content\/uploads\/@Big-Daddy-88-P.jpg",512,512,false]},"uagb_author_info":{"display_name":"admin5261","author_link":"https:\/\/laurentchani.fr\/en\/author\/admin5261\/"},"uagb_comment_info":0,"uagb_excerpt":"Les mentions l\u00e9gales d\u2019un site web de type blog sont obligatoires et visent \u00e0 identifier clairement l\u2019\u00e9diteur du site. Elles doivent pr\u00e9ciser le nom, la raison sociale ou l\u2019identit\u00e9 de l\u2019auteur, ainsi que les coordonn\u00e9es permettant de le contacter. Le nom de l\u2019h\u00e9bergeur, son adresse et ses moyens de communication doivent \u00e9galement \u00eatre indiqu\u00e9s. Ces&hellip;","_links":{"self":[{"href":"https:\/\/laurentchani.fr\/en\/wp-json\/wp\/v2\/pages\/3314","targetHints":{"allow":["GET"]}}],"collection":[{"href":"https:\/\/laurentchani.fr\/en\/wp-json\/wp\/v2\/pages"}],"about":[{"href":"https:\/\/laurentchani.fr\/en\/wp-json\/wp\/v2\/types\/page"}],"author":[{"embeddable":true,"href":"https:\/\/laurentchani.fr\/en\/wp-json\/wp\/v2\/users\/1"}],"replies":[{"embeddable":true,"href":"https:\/\/laurentchani.fr\/en\/wp-json\/wp\/v2\/comments?post=3314"}],"version-history":[{"count":7,"href":"https:\/\/laurentchani.fr\/en\/wp-json\/wp\/v2\/pages\/3314\/revisions"}],"predecessor-version":[{"id":4069,"href":"https:\/\/laurentchani.fr\/en\/wp-json\/wp\/v2\/pages\/3314\/revisions\/4069"}],"wp:featuredmedia":[{"embeddable":true,"href":"https:\/\/laurentchani.fr\/en\/wp-json\/wp\/v2\/media\/3569"}],"wp:attachment":[{"href":"https:\/\/laurentchani.fr\/en\/wp-json\/wp\/v2\/media?parent=3314"}],"curies":[{"name":"wp","href":"https:\/\/api.w.org\/{rel}","templated":true}]}}