{"id":3296,"date":"2025-08-28T08:30:26","date_gmt":"2025-08-28T06:30:26","guid":{"rendered":"https:\/\/laurentchani.fr\/?page_id=3296"},"modified":"2025-09-14T15:46:00","modified_gmt":"2025-09-14T13:46:00","slug":"contact-me","status":"publish","type":"page","link":"https:\/\/laurentchani.fr\/en\/me-contacter\/","title":{"rendered":"Contact Me"},"content":{"rendered":"\n<figure class=\"wp-block-image aligncenter size-medium\"><a href=\"https:\/\/laurentchani.fr\/wp-content\/uploads\/2025\/08\/big-daddy-28-1.jpg\"><img loading=\"lazy\" decoding=\"async\" width=\"300\" height=\"300\" src=\"https:\/\/laurentchani.fr\/wp-content\/uploads\/2025\/08\/big-daddy-28-1-300x300.jpg\" alt=\"l'auteur est en grande discussion avec une femme et un extraterrestre dans un parc. La discussion est anim\u00e9e et bonne enfant. Page contact dans laquelle le visiteur peut laisser un message.\" class=\"wp-image-1040\" srcset=\"https:\/\/laurentchani.fr\/wp-content\/uploads\/2025\/08\/big-daddy-28-1-300x300.jpg 300w, https:\/\/laurentchani.fr\/wp-content\/uploads\/2025\/08\/big-daddy-28-1-150x150.jpg 150w, https:\/\/laurentchani.fr\/wp-content\/uploads\/2025\/08\/big-daddy-28-1-12x12.jpg 12w, https:\/\/laurentchani.fr\/wp-content\/uploads\/2025\/08\/big-daddy-28-1.jpg 512w\" sizes=\"auto, (max-width: 300px) 100vw, 300px\" \/><\/a><\/figure>\n\n\n\n<p class=\"has-medium-font-size\">Vous souhaitez me <strong>contacter<\/strong> pour poser une question, partager une remarque ou donner votre avis sur mes \u00e9crits. Cet espace a \u00e9t\u00e9 con\u00e7u pour favoriser un \u00e9change direct et chaleureux avec mes lecteurs. Vos retours sont pr\u00e9cieux : ils nourrissent ma r\u00e9flexion et enrichissent mon travail. Je vous invite donc \u00e0 prendre un moment pour remplir le <strong>formulaire<\/strong> mis \u00e0 votre disposition. Ensemble, faisons de ce dialogue le prolongement naturel de votre <strong>exp\u00e9rience de lecture<\/strong>.<\/p>\n\n\n<div class=\"wpforms-container wpforms-render-modern\" id=\"wpforms-3299\"><form id=\"wpforms-form-3299\" class=\"wpforms-validate wpforms-form wpforms-ajax-form\" data-formid=\"3299\" method=\"post\" enctype=\"multipart\/form-data\" action=\"\/en\/wp-json\/wp\/v2\/pages\/3296\" data-token=\"3dbb7ca7eece9c694e98590f52441fe3\" data-token-time=\"1775581004\"><noscript class=\"wpforms-error-noscript\">Please enable JavaScript in your browser to complete this form.<\/noscript><div id=\"wpforms-error-noscript\" style=\"display: none;\">Please enable JavaScript in your browser to complete this form.<\/div><div class=\"wpforms-field-container\"><div id=\"wpforms-3299-field_1-container\" class=\"wpforms-field wpforms-field-name\" data-field-id=\"1\"><fieldset><legend class=\"wpforms-field-label\">Nom <span class=\"wpforms-required-label\" aria-hidden=\"true\">*<\/span><\/legend><div class=\"wpforms-field-row wpforms-field-medium\"><div class=\"wpforms-field-row-block wpforms-first wpforms-one-half\"><input type=\"text\" id=\"wpforms-3299-field_1\" class=\"wpforms-field-name-first wpforms-field-required\" name=\"wpforms[fields][1][first]\" aria-errormessage=\"wpforms-3299-field_1-error\" required><label for=\"wpforms-3299-field_1\" class=\"wpforms-field-sublabel after\">First<\/label><\/div><div class=\"wpforms-field-row-block wpforms-one-half\"><input type=\"text\" id=\"wpforms-3299-field_1-last\" class=\"wpforms-field-name-last wpforms-field-required\" name=\"wpforms[fields][1][last]\" aria-errormessage=\"wpforms-3299-field_1-last-error\" required><label for=\"wpforms-3299-field_1-last\" class=\"wpforms-field-sublabel after\">Last<\/label><\/div><\/div><\/fieldset><\/div><div id=\"wpforms-3299-field_2-container\" class=\"wpforms-field wpforms-field-email\" data-field-id=\"2\"><label class=\"wpforms-field-label\" for=\"wpforms-3299-field_2\">E-mail <span class=\"wpforms-required-label\" aria-hidden=\"true\">*<\/span><\/label><input type=\"email\" id=\"wpforms-3299-field_2\" class=\"wpforms-field-medium wpforms-field-required\" name=\"wpforms[fields][2]\" spellcheck=\"false\" aria-errormessage=\"wpforms-3299-field_2-error\" required><\/div>\t\t<div id=\"wpforms-3299-field_4-container\"\n\t\t\tclass=\"wpforms-field wpforms-field-text\"\n\t\t\tdata-field-type=\"text\"\n\t\t\tdata-field-id=\"4\"\n\t\t\t>\n\t\t\t<label class=\"wpforms-field-label\" for=\"wpforms-3299-field_4\" >ou message Commentaire<\/label>\n\t\t\t<input type=\"text\" id=\"wpforms-3299-field_4\" class=\"wpforms-field-medium\" name=\"wpforms[fields][4]\" >\n\t\t<\/div>\n\t\t<div id=\"wpforms-3299-field_3-container\" class=\"wpforms-field wpforms-field-textarea\" data-field-id=\"3\"><label class=\"wpforms-field-label\" for=\"wpforms-3299-field_3\">Commentaire ou message<\/label><textarea id=\"wpforms-3299-field_3\" class=\"wpforms-field-medium\" name=\"wpforms[fields][3]\" aria-errormessage=\"wpforms-3299-field_3-error\" ><\/textarea><\/div><script>\n\t\t\t\t( function() {\n\t\t\t\t\tconst style = document.createElement( 'style' );\n\t\t\t\t\tstyle.appendChild( document.createTextNode( '#wpforms-3299-field_4-container { position: absolute !important; overflow: hidden !important; display: inline !important; height: 1px !important; width: 1px !important; z-index: -1000 !important; padding: 0 !important; } #wpforms-3299-field_4-container input { visibility: hidden; } #wpforms-conversational-form-page #wpforms-3299-field_4-container label { counter-increment: none; }' ) );\n\t\t\t\t\tdocument.head.appendChild( style );\n\t\t\t\t\tdocument.currentScript?.remove();\n\t\t\t\t} )();\n\t\t\t<\/script><\/div><!-- .wpforms-field-container --><div class=\"wpforms-submit-container\" ><input type=\"hidden\" name=\"wpforms[id]\" value=\"3299\"><input type=\"hidden\" name=\"page_title\" value=\"\"><input type=\"hidden\" name=\"page_url\" value=\"https:\/\/laurentchani.fr\/en\/wp-json\/wp\/v2\/pages\/3296\"><input type=\"hidden\" name=\"url_referer\" value=\"\"><button type=\"submit\" name=\"wpforms[submit]\" id=\"wpforms-submit-3299\" class=\"wpforms-submit\" data-alt-text=\"Envoi...\" data-submit-text=\"Envoyer\" aria-live=\"assertive\" value=\"wpforms-submit\">Envoyer<\/button><img loading=\"lazy\" decoding=\"async\" src=\"https:\/\/laurentchani.fr\/wp-content\/plugins\/wpforms-lite\/assets\/images\/submit-spin.svg\" class=\"wpforms-submit-spinner\" style=\"display: none;\" width=\"26\" height=\"26\" alt=\"Loading\"><\/div><\/form><\/div>  <!-- .wpforms-container -->\n\n\n\n<p><\/p>\n","protected":false},"excerpt":{"rendered":"<p>Vous souhaitez me contacter pour poser une question, partager une remarque ou donner votre avis sur mes \u00e9crits. Cet espace a \u00e9t\u00e9 con\u00e7u pour favoriser un \u00e9change direct et chaleureux avec mes lecteurs. Vos retours sont pr\u00e9cieux : ils nourrissent ma r\u00e9flexion et enrichissent mon travail. Je vous invite donc \u00e0 prendre un moment pour [&hellip;]<\/p>\n","protected":false},"author":1,"featured_media":1040,"parent":0,"menu_order":0,"comment_status":"closed","ping_status":"closed","template":"","meta":{"_uag_custom_page_level_css":"","footnotes":""},"class_list":["post-3296","page","type-page","status-publish","has-post-thumbnail","hentry"],"blocksy_meta":[],"uagb_featured_image_src":{"full":["https:\/\/laurentchani.fr\/wp-content\/uploads\/2025\/08\/big-daddy-28-1.jpg",512,512,false],"thumbnail":["https:\/\/laurentchani.fr\/wp-content\/uploads\/2025\/08\/big-daddy-28-1-150x150.jpg",150,150,true],"medium":["https:\/\/laurentchani.fr\/wp-content\/uploads\/2025\/08\/big-daddy-28-1-300x300.jpg",300,300,true],"medium_large":["https:\/\/laurentchani.fr\/wp-content\/uploads\/2025\/08\/big-daddy-28-1.jpg",512,512,false],"large":["https:\/\/laurentchani.fr\/wp-content\/uploads\/2025\/08\/big-daddy-28-1.jpg",512,512,false],"1536x1536":["https:\/\/laurentchani.fr\/wp-content\/uploads\/2025\/08\/big-daddy-28-1.jpg",512,512,false],"2048x2048":["https:\/\/laurentchani.fr\/wp-content\/uploads\/2025\/08\/big-daddy-28-1.jpg",512,512,false],"trp-custom-language-flag":["https:\/\/laurentchani.fr\/wp-content\/uploads\/2025\/08\/big-daddy-28-1-12x12.jpg",12,12,true],"mailpoet_newsletter_max":["https:\/\/laurentchani.fr\/wp-content\/uploads\/2025\/08\/big-daddy-28-1.jpg",512,512,false]},"uagb_author_info":{"display_name":"admin5261","author_link":"https:\/\/laurentchani.fr\/en\/author\/admin5261\/"},"uagb_comment_info":0,"uagb_excerpt":"Vous souhaitez me contacter pour poser une question, partager une remarque ou donner votre avis sur mes \u00e9crits. Cet espace a \u00e9t\u00e9 con\u00e7u pour favoriser un \u00e9change direct et chaleureux avec mes lecteurs. Vos retours sont pr\u00e9cieux : ils nourrissent ma r\u00e9flexion et enrichissent mon travail. Je vous invite donc \u00e0 prendre un moment pour&hellip;","_links":{"self":[{"href":"https:\/\/laurentchani.fr\/en\/wp-json\/wp\/v2\/pages\/3296","targetHints":{"allow":["GET"]}}],"collection":[{"href":"https:\/\/laurentchani.fr\/en\/wp-json\/wp\/v2\/pages"}],"about":[{"href":"https:\/\/laurentchani.fr\/en\/wp-json\/wp\/v2\/types\/page"}],"author":[{"embeddable":true,"href":"https:\/\/laurentchani.fr\/en\/wp-json\/wp\/v2\/users\/1"}],"replies":[{"embeddable":true,"href":"https:\/\/laurentchani.fr\/en\/wp-json\/wp\/v2\/comments?post=3296"}],"version-history":[{"count":8,"href":"https:\/\/laurentchani.fr\/en\/wp-json\/wp\/v2\/pages\/3296\/revisions"}],"predecessor-version":[{"id":4065,"href":"https:\/\/laurentchani.fr\/en\/wp-json\/wp\/v2\/pages\/3296\/revisions\/4065"}],"wp:featuredmedia":[{"embeddable":true,"href":"https:\/\/laurentchani.fr\/en\/wp-json\/wp\/v2\/media\/1040"}],"wp:attachment":[{"href":"https:\/\/laurentchani.fr\/en\/wp-json\/wp\/v2\/media?parent=3296"}],"curies":[{"name":"wp","href":"https:\/\/api.w.org\/{rel}","templated":true}]}}