{"id":307,"date":"2025-07-24T14:50:16","date_gmt":"2025-07-24T12:50:16","guid":{"rendered":"https:\/\/laurentchani.com\/?page_id=307"},"modified":"2025-09-14T17:44:24","modified_gmt":"2025-09-14T15:44:24","slug":"cookie-policy","status":"publish","type":"page","link":"https:\/\/laurentchani.fr\/en\/politique-des-cookies\/","title":{"rendered":"Cookie Policy"},"content":{"rendered":"<figure class=\"wp-block-image aligncenter size-medium\"><a href=\"https:\/\/laurentchani.fr\/wp-content\/uploads\/2025\/08\/@Big-Daddy-72-P.jpg\"><img loading=\"lazy\" decoding=\"async\" width=\"300\" height=\"300\" src=\"https:\/\/laurentchani.fr\/wp-content\/uploads\/2025\/08\/@Big-Daddy-72-P-300x300.jpg\" alt=\"Writer Laurent Chani smiles while offering cookies, seated at his desk covered with manuscripts | Author Laurent Chani smiles while offering cookies, seated at his desk covered with manuscripts\" class=\"wp-image-1408\" srcset=\"https:\/\/laurentchani.fr\/wp-content\/uploads\/2025\/08\/@Big-Daddy-72-P-300x300.jpg 300w, https:\/\/laurentchani.fr\/wp-content\/uploads\/2025\/08\/@Big-Daddy-72-P-150x150.jpg 150w, https:\/\/laurentchani.fr\/wp-content\/uploads\/2025\/08\/@Big-Daddy-72-P-12x12.jpg 12w, https:\/\/laurentchani.fr\/wp-content\/uploads\/2025\/08\/@Big-Daddy-72-P.jpg 512w\" sizes=\"auto, (max-width: 300px) 100vw, 300px\" \/><\/a><\/figure>\n\n\n\n<p class=\"has-medium-font-size\">This site uses different types of <strong>cookies<\/strong> in order to ensure a <strong>optimal navigation<\/strong> and adapted to your needs. The <strong>functional cookies<\/strong> guarantee the smooth running of the connection and <strong>essential features<\/strong>. THE <strong>statistical cookies<\/strong> allow to analyze the <strong>attendance<\/strong> and improve the<strong>reading experience<\/strong>. Some <strong>third-party cookies<\/strong> can also be used, in particular for sending the <strong>newsletter<\/strong>. You can at any time <strong>manage<\/strong> Or <strong>disable<\/strong> these cookies via the <strong>your browser settings<\/strong> or using the link provided for this purpose on the <strong>site<\/strong>.<\/p>","protected":false},"excerpt":{"rendered":"<p>Ce site utilise diff\u00e9rents types de cookies afin d\u2019assurer une navigation optimale et adapt\u00e9e \u00e0 vos besoins. Les cookies fonctionnels garantissent le bon d\u00e9roulement de la connexion et des fonctionnalit\u00e9s essentielles. Les cookies statistiques permettent d\u2019analyser la fr\u00e9quentation et d\u2019am\u00e9liorer l\u2019exp\u00e9rience de lecture. Certains cookies tiers peuvent \u00e9galement \u00eatre employ\u00e9s, notamment pour l\u2019envoi de la [&hellip;]<\/p>\n","protected":false},"author":1,"featured_media":1410,"parent":0,"menu_order":0,"comment_status":"closed","ping_status":"closed","template":"","meta":{"_uag_custom_page_level_css":"","footnotes":""},"class_list":["post-307","page","type-page","status-publish","has-post-thumbnail","hentry"],"blocksy_meta":[],"uagb_featured_image_src":{"full":["https:\/\/laurentchani.fr\/wp-content\/uploads\/2025\/08\/@Big-Daddy-71-P.jpg",512,768,false],"thumbnail":["https:\/\/laurentchani.fr\/wp-content\/uploads\/2025\/08\/@Big-Daddy-71-P-150x150.jpg",150,150,true],"medium":["https:\/\/laurentchani.fr\/wp-content\/uploads\/2025\/08\/@Big-Daddy-71-P-200x300.jpg",200,300,true],"medium_large":["https:\/\/laurentchani.fr\/wp-content\/uploads\/2025\/08\/@Big-Daddy-71-P.jpg",512,768,false],"large":["https:\/\/laurentchani.fr\/wp-content\/uploads\/2025\/08\/@Big-Daddy-71-P.jpg",512,768,false],"1536x1536":["https:\/\/laurentchani.fr\/wp-content\/uploads\/2025\/08\/@Big-Daddy-71-P.jpg",512,768,false],"2048x2048":["https:\/\/laurentchani.fr\/wp-content\/uploads\/2025\/08\/@Big-Daddy-71-P.jpg",512,768,false],"trp-custom-language-flag":["https:\/\/laurentchani.fr\/wp-content\/uploads\/2025\/08\/@Big-Daddy-71-P-8x12.jpg",8,12,true],"mailpoet_newsletter_max":["https:\/\/laurentchani.fr\/wp-content\/uploads\/2025\/08\/@Big-Daddy-71-P.jpg",512,768,false]},"uagb_author_info":{"display_name":"admin5261","author_link":"https:\/\/laurentchani.fr\/en\/author\/admin5261\/"},"uagb_comment_info":0,"uagb_excerpt":"Ce site utilise diff\u00e9rents types de cookies afin d\u2019assurer une navigation optimale et adapt\u00e9e \u00e0 vos besoins. Les cookies fonctionnels garantissent le bon d\u00e9roulement de la connexion et des fonctionnalit\u00e9s essentielles. Les cookies statistiques permettent d\u2019analyser la fr\u00e9quentation et d\u2019am\u00e9liorer l\u2019exp\u00e9rience de lecture. Certains cookies tiers peuvent \u00e9galement \u00eatre employ\u00e9s, notamment pour l\u2019envoi de la&hellip;","_links":{"self":[{"href":"https:\/\/laurentchani.fr\/en\/wp-json\/wp\/v2\/pages\/307","targetHints":{"allow":["GET"]}}],"collection":[{"href":"https:\/\/laurentchani.fr\/en\/wp-json\/wp\/v2\/pages"}],"about":[{"href":"https:\/\/laurentchani.fr\/en\/wp-json\/wp\/v2\/types\/page"}],"author":[{"embeddable":true,"href":"https:\/\/laurentchani.fr\/en\/wp-json\/wp\/v2\/users\/1"}],"replies":[{"embeddable":true,"href":"https:\/\/laurentchani.fr\/en\/wp-json\/wp\/v2\/comments?post=307"}],"version-history":[{"count":3,"href":"https:\/\/laurentchani.fr\/en\/wp-json\/wp\/v2\/pages\/307\/revisions"}],"predecessor-version":[{"id":4110,"href":"https:\/\/laurentchani.fr\/en\/wp-json\/wp\/v2\/pages\/307\/revisions\/4110"}],"wp:featuredmedia":[{"embeddable":true,"href":"https:\/\/laurentchani.fr\/en\/wp-json\/wp\/v2\/media\/1410"}],"wp:attachment":[{"href":"https:\/\/laurentchani.fr\/en\/wp-json\/wp\/v2\/media?parent=307"}],"curies":[{"name":"wp","href":"https:\/\/api.w.org\/{rel}","templated":true}]}}