{"id":255,"date":"2025-07-24T12:20:30","date_gmt":"2025-07-24T10:20:30","guid":{"rendered":"https:\/\/laurentchani.com\/?page_id=255"},"modified":"2025-09-14T17:50:49","modified_gmt":"2025-09-14T15:50:49","slug":"current-project","status":"publish","type":"page","link":"https:\/\/laurentchani.fr\/en\/projet-en-cours\/","title":{"rendered":"Project in progress"},"content":{"rendered":"<figure class=\"wp-block-image aligncenter size-medium\"><a href=\"https:\/\/laurentchani.fr\/wp-content\/uploads\/2025\/07\/big-daddy-30-1-1.jpg\"><img loading=\"lazy\" decoding=\"async\" width=\"200\" height=\"300\" src=\"https:\/\/laurentchani.fr\/wp-content\/uploads\/2025\/07\/big-daddy-30-1-1-200x300.jpg\" alt=\"The author is in the middle of a physical exercise. He&#039;s running and thinking about writing his novel. He&#039;s happy to be working out by getting his T-shirt wet.\" class=\"wp-image-879\" srcset=\"https:\/\/laurentchani.fr\/wp-content\/uploads\/2025\/07\/big-daddy-30-1-1-200x300.jpg 200w, https:\/\/laurentchani.fr\/wp-content\/uploads\/2025\/07\/big-daddy-30-1-1-8x12.jpg 8w, https:\/\/laurentchani.fr\/wp-content\/uploads\/2025\/07\/big-daddy-30-1-1.jpg 512w\" sizes=\"auto, (max-width: 200px) 100vw, 200px\" \/><\/a><\/figure>\n\n\n\n<p class=\"has-text-align-center has-medium-font-size\"><strong><em>(July 2025)<\/em><\/strong><\/p>\n\n\n\n<p class=\"has-text-align-left has-medium-font-size\"><em>My project is to create a <strong>universe<\/strong> whose <strong>narrative<\/strong> extends from our time \u2014 from the <strong>2024 Olympic Games in Paris<\/strong> \u2014 up to one <strong>distant future<\/strong>This ambitious work, started at the end of 2024, will be completed around July 2025. <strong>a thousand pages<\/strong>It is based around <strong>three narrative arcs<\/strong> which intertwine and intersect between present and future.<\/em><\/p>\n\n\n\n<p class=\"has-medium-font-size\"><em>I cannot reveal more at this time without betraying the<strong>plot<\/strong>. L&#039;<strong>writing<\/strong> follows a singular process, as if I were both the<strong>author<\/strong> and the <strong>drive<\/strong> scenes that I put on paper. It&#039;s a work <strong>exhilarating<\/strong>, rich in discoveries and twists.<\/em><\/p>\n\n\n\n<p class=\"has-medium-font-size\"><em>Little by little, however, the <strong>narrative<\/strong> takes a <strong>darker turn<\/strong>. This is why I evoke in my slogan a form of<strong>dystopian anticipation<\/strong>. This was not my initial intention, but it is necessary.<\/em><\/p>\n\n\n\n<p class=\"has-medium-font-size\"><em>One of the <strong>narrative arcs<\/strong> is already <strong>completed<\/strong> and was the subject of a first <strong>proofreading<\/strong>. I still need to rework it before considering its <strong>publication<\/strong>It has the advantage of being self-contained and can be read without prior explanations, apart from a brief introductory paragraph.<\/em><\/p>\n\n\n\n<p class=\"has-medium-font-size\"><em>This part will be my first <strong>publication<\/strong>, which I hope to be able to offer between <strong>end of 2025 and beginning of 2026<\/strong>.<\/em><\/p>\n\n\n\n<p class=\"has-medium-font-size\"><em>I will soon publish some <strong>excerpts<\/strong> and you will be informed via the <strong>newsletter<\/strong> and the <strong>social networks<\/strong> where I will share the<strong>advanced<\/strong> of my work.<\/em><\/p>\n\n\n\n<p class=\"has-medium-font-size\"><em>See you soon.<\/em><\/p>","protected":false},"excerpt":{"rendered":"<p>(Juillet 2025) Mon projet consiste \u00e0 cr\u00e9er un univers dont le r\u00e9cit s\u2019\u00e9tend de notre \u00e9poque \u2014 depuis les Jeux olympiques de 2024 \u00e0 Paris \u2014 jusqu\u2019\u00e0 un futur lointain. Ce travail ambitieux, entam\u00e9 fin 2024, atteint en juillet 2025 environ mille pages. Il s\u2019articule autour de trois arcs narratifs qui s\u2019entrem\u00ealent et se croisent [&hellip;]<\/p>\n","protected":false},"author":1,"featured_media":879,"parent":0,"menu_order":0,"comment_status":"closed","ping_status":"closed","template":"","meta":{"_uag_custom_page_level_css":"","footnotes":""},"class_list":["post-255","page","type-page","status-publish","has-post-thumbnail","hentry"],"blocksy_meta":[],"uagb_featured_image_src":{"full":["https:\/\/laurentchani.fr\/wp-content\/uploads\/2025\/07\/big-daddy-30-1-1.jpg",512,768,false],"thumbnail":["https:\/\/laurentchani.fr\/wp-content\/uploads\/2025\/07\/big-daddy-30-1-1-150x150.jpg",150,150,true],"medium":["https:\/\/laurentchani.fr\/wp-content\/uploads\/2025\/07\/big-daddy-30-1-1-200x300.jpg",200,300,true],"medium_large":["https:\/\/laurentchani.fr\/wp-content\/uploads\/2025\/07\/big-daddy-30-1-1.jpg",512,768,false],"large":["https:\/\/laurentchani.fr\/wp-content\/uploads\/2025\/07\/big-daddy-30-1-1.jpg",512,768,false],"1536x1536":["https:\/\/laurentchani.fr\/wp-content\/uploads\/2025\/07\/big-daddy-30-1-1.jpg",512,768,false],"2048x2048":["https:\/\/laurentchani.fr\/wp-content\/uploads\/2025\/07\/big-daddy-30-1-1.jpg",512,768,false],"trp-custom-language-flag":["https:\/\/laurentchani.fr\/wp-content\/uploads\/2025\/07\/big-daddy-30-1-1-8x12.jpg",8,12,true],"mailpoet_newsletter_max":["https:\/\/laurentchani.fr\/wp-content\/uploads\/2025\/07\/big-daddy-30-1-1.jpg",512,768,false]},"uagb_author_info":{"display_name":"admin5261","author_link":"https:\/\/laurentchani.fr\/en\/author\/admin5261\/"},"uagb_comment_info":0,"uagb_excerpt":"(Juillet 2025) Mon projet consiste \u00e0 cr\u00e9er un univers dont le r\u00e9cit s\u2019\u00e9tend de notre \u00e9poque \u2014 depuis les Jeux olympiques de 2024 \u00e0 Paris \u2014 jusqu\u2019\u00e0 un futur lointain. Ce travail ambitieux, entam\u00e9 fin 2024, atteint en juillet 2025 environ mille pages. Il s\u2019articule autour de trois arcs narratifs qui s\u2019entrem\u00ealent et se croisent&hellip;","_links":{"self":[{"href":"https:\/\/laurentchani.fr\/en\/wp-json\/wp\/v2\/pages\/255","targetHints":{"allow":["GET"]}}],"collection":[{"href":"https:\/\/laurentchani.fr\/en\/wp-json\/wp\/v2\/pages"}],"about":[{"href":"https:\/\/laurentchani.fr\/en\/wp-json\/wp\/v2\/types\/page"}],"author":[{"embeddable":true,"href":"https:\/\/laurentchani.fr\/en\/wp-json\/wp\/v2\/users\/1"}],"replies":[{"embeddable":true,"href":"https:\/\/laurentchani.fr\/en\/wp-json\/wp\/v2\/comments?post=255"}],"version-history":[{"count":2,"href":"https:\/\/laurentchani.fr\/en\/wp-json\/wp\/v2\/pages\/255\/revisions"}],"predecessor-version":[{"id":4114,"href":"https:\/\/laurentchani.fr\/en\/wp-json\/wp\/v2\/pages\/255\/revisions\/4114"}],"wp:featuredmedia":[{"embeddable":true,"href":"https:\/\/laurentchani.fr\/en\/wp-json\/wp\/v2\/media\/879"}],"wp:attachment":[{"href":"https:\/\/laurentchani.fr\/en\/wp-json\/wp\/v2\/media?parent=255"}],"curies":[{"name":"wp","href":"https:\/\/api.w.org\/{rel}","templated":true}]}}