{"id":1313,"date":"2025-07-31T08:45:51","date_gmt":"2025-07-31T06:45:51","guid":{"rendered":"https:\/\/laurentchani.com\/?page_id=851"},"modified":"2025-09-14T17:48:09","modified_gmt":"2025-09-14T15:48:09","slug":"process","status":"publish","type":"page","link":"https:\/\/laurentchani.fr\/en\/processus\/","title":{"rendered":"Writing process"},"content":{"rendered":"<figure class=\"wp-block-image aligncenter size-medium\"><a href=\"https:\/\/laurentchani.fr\/wp-content\/uploads\/@Big-Daddy-11.jpg\"><img loading=\"lazy\" decoding=\"async\" width=\"200\" height=\"300\" src=\"https:\/\/laurentchani.fr\/wp-content\/uploads\/@Big-Daddy-11-200x300.jpg\" alt=\"The author inspects an antique clock, holding a letter, with a focused expression\" class=\"wp-image-3551\" srcset=\"https:\/\/laurentchani.fr\/wp-content\/uploads\/@Big-Daddy-11-200x300.jpg 200w, https:\/\/laurentchani.fr\/wp-content\/uploads\/@Big-Daddy-11.jpg 512w\" sizes=\"auto, (max-width: 200px) 100vw, 200px\" \/><\/a><\/figure>\n\n\n\n<p class=\"has-text-align-justify has-medium-font-size\">The author considers himself a <strong>aspiring writer<\/strong>, more attracted by the<strong>writing<\/strong> than by any other means of<strong>creative expression<\/strong> explored during his life \u2014 whether it is <strong>paint<\/strong>, of<strong>digital art<\/strong> or even of <strong>computer programming<\/strong>, where the <strong>creativity<\/strong> also has its place. Telling stories <strong>stories<\/strong> appears to him both as a <strong>loophole<\/strong> to reality and as a means of<strong>to externalize<\/strong> of the <strong>deep feelings<\/strong> who ask to express themselves. It is for him a form of <strong>therapy<\/strong>, but also a great opportunity to <strong>channel<\/strong> and of <strong>share<\/strong> a <strong>creation<\/strong>.<\/p>\n\n\n\n<hr class=\"wp-block-separator has-alpha-channel-opacity\"\/>\n\n\n\n<div class=\"wp-block-query is-layout-constrained wp-block-query-is-layout-constrained\">\n<div class=\"wp-block-group is-layout-flow wp-block-group-is-layout-flow\" style=\"margin-top:0;margin-bottom:0;padding-top:var(--wp--preset--spacing--50);padding-right:0;padding-bottom:var(--wp--preset--spacing--50);padding-left:0\"><ul class=\"alignfull wp-block-post-template is-layout-flow wp-container-core-post-template-is-layout-09c064ec wp-block-post-template-is-layout-flow\"><li class=\"wp-block-post post-4360 post type-post status-publish format-standard has-post-thumbnail hentry category-autoedition category-ia category-infos-pertinentes category-processus-decriture\">\n\n<div class=\"wp-block-group is-vertical is-nowrap is-layout-flex wp-container-core-group-is-layout-9bc6ff26 wp-block-group-is-layout-flex\"><figure style=\"aspect-ratio:3\/2;width:150px;height:150px; margin-bottom:var(--wp--preset--spacing--20);\" class=\"wp-block-post-featured-image\"><a href=\"https:\/\/laurentchani.fr\/en\/etat-de-lart-des-prompts-dauteurs\/\" target=\"_self\"  style=\"height:150px\"><img loading=\"lazy\" decoding=\"async\" width=\"784\" height=\"512\" src=\"https:\/\/laurentchani.fr\/wp-content\/uploads\/@Big-Daddy-99-P.jpg\" class=\"attachment-post-thumbnail size-post-thumbnail wp-post-image\" alt=\"State of the Art of Author-Driven AI Prompts\" style=\"width:100%;height:100%;object-fit:cover;\" srcset=\"https:\/\/laurentchani.fr\/wp-content\/uploads\/@Big-Daddy-99-P.jpg 784w, https:\/\/laurentchani.fr\/wp-content\/uploads\/@Big-Daddy-99-P-300x196.jpg 300w, https:\/\/laurentchani.fr\/wp-content\/uploads\/@Big-Daddy-99-P-768x502.jpg 768w, https:\/\/laurentchani.fr\/wp-content\/uploads\/@Big-Daddy-99-P-18x12.jpg 18w\" sizes=\"auto, (max-width: 784px) 100vw, 784px\" \/><\/a><\/figure>\n\n<h2 style=\"margin-bottom:0;\" class=\"wp-block-post-title has-x-large-font-size\"><a href=\"https:\/\/laurentchani.fr\/en\/etat-de-lart-des-prompts-dauteurs\/\" target=\"_self\" >State of the Art of Authorial AI Prompts<\/a><\/h2>\n\n<div class=\"wp-block-post-excerpt has-small-font-size\"><p class=\"wp-block-post-excerpt__excerpt\">Generative AI has changed the way we edit and improve text. But for a novel, the real challenge isn&#039;t &quot;having the best prompt&quot;: it&#039;s building a reliable, traceable workflow that aligns with the author&#039;s voice. This article summarizes best practices observed online (tools, methods, safeguards) and offers\u2026 <\/p><\/div>\n\n<a class=\"wp-block-read-more\" href=\"https:\/\/laurentchani.fr\/en\/etat-de-lart-des-prompts-dauteurs\/\" target=\"_self\">Read more<span class=\"screen-reader-text\">: Etat de l&rsquo;Art des prompts IA d\u2019auteurs<\/span><\/a>\n\n\n\n\n<div style=\"height:0px\" aria-hidden=\"true\" class=\"wp-block-spacer wp-container-content-32e3a40d\"><\/div>\n<\/div>\n\n<\/li><li class=\"wp-block-post post-4353 post type-post status-publish format-standard has-post-thumbnail hentry category-autoedition category-concept-art category-ia category-processus-decriture\">\n\n<div class=\"wp-block-group is-vertical is-nowrap is-layout-flex wp-container-core-group-is-layout-9bc6ff26 wp-block-group-is-layout-flex\"><figure style=\"aspect-ratio:3\/2;width:150px;height:150px; margin-bottom:var(--wp--preset--spacing--20);\" class=\"wp-block-post-featured-image\"><a href=\"https:\/\/laurentchani.fr\/en\/transformer-une-image-en-micro-video-bouclable-retour-dexperience\/\" target=\"_self\"  style=\"height:150px\"><img loading=\"lazy\" decoding=\"async\" width=\"1567\" height=\"1024\" src=\"https:\/\/laurentchani.fr\/wp-content\/uploads\/@Big-Daddy-98-P2.jpg\" class=\"attachment-post-thumbnail size-post-thumbnail wp-post-image\" alt=\"Transforming an image into a looped micro-video using AI \u2013 Lessons learned\" style=\"width:100%;height:100%;object-fit:cover;\" srcset=\"https:\/\/laurentchani.fr\/wp-content\/uploads\/@Big-Daddy-98-P2.jpg 1567w, https:\/\/laurentchani.fr\/wp-content\/uploads\/@Big-Daddy-98-P2-300x196.jpg 300w, https:\/\/laurentchani.fr\/wp-content\/uploads\/@Big-Daddy-98-P2-1024x669.jpg 1024w, https:\/\/laurentchani.fr\/wp-content\/uploads\/@Big-Daddy-98-P2-768x502.jpg 768w, https:\/\/laurentchani.fr\/wp-content\/uploads\/@Big-Daddy-98-P2-1536x1004.jpg 1536w, https:\/\/laurentchani.fr\/wp-content\/uploads\/@Big-Daddy-98-P2-18x12.jpg 18w, https:\/\/laurentchani.fr\/wp-content\/uploads\/@Big-Daddy-98-P2-1320x863.jpg 1320w\" sizes=\"auto, (max-width: 1567px) 100vw, 1567px\" \/><\/a><\/figure>\n\n<h2 style=\"margin-bottom:0;\" class=\"wp-block-post-title has-x-large-font-size\"><a href=\"https:\/\/laurentchani.fr\/en\/transformer-une-image-en-micro-video-bouclable-retour-dexperience\/\" target=\"_self\" >Transforming an image into a looped micro-video using AI \u2013 Lessons learned<\/a><\/h2>\n\n<div class=\"wp-block-post-excerpt has-small-font-size\"><p class=\"wp-block-post-excerpt__excerpt\">I&#039;m currently testing a method to transform a still image into a short, loopable video with subtle animation (micro-movements) and a coherent soundtrack. The goal isn&#039;t to create a &quot;cinematic&quot; effect or a spectacular visual style; I&#039;m aiming for a sense of presence, stability, credibility, and above all, a clean loop (indistinguishable beginning and end). The\u2026 <\/p><\/div>\n\n<a class=\"wp-block-read-more\" href=\"https:\/\/laurentchani.fr\/en\/transformer-une-image-en-micro-video-bouclable-retour-dexperience\/\" target=\"_self\">Read more<span class=\"screen-reader-text\">: Transformer une image en micro vid\u00e9o boucl\u00e9e via l&rsquo;IA &#8211; Retour d&rsquo;exp\u00e9rience<\/span><\/a>\n\n\n\n\n<div style=\"height:0px\" aria-hidden=\"true\" class=\"wp-block-spacer wp-container-content-32e3a40d\"><\/div>\n<\/div>\n\n<\/li><li class=\"wp-block-post post-4333 post type-post status-publish format-standard has-post-thumbnail hentry category-anecdotes category-autoedition category-ia category-infos-pertinentes category-processus-decriture category-projet-en-cours category-quoi-de-neuf category-romans-en-cours\">\n\n<div class=\"wp-block-group is-vertical is-nowrap is-layout-flex wp-container-core-group-is-layout-9bc6ff26 wp-block-group-is-layout-flex\"><figure style=\"aspect-ratio:3\/2;width:150px;height:150px; margin-bottom:var(--wp--preset--spacing--20);\" class=\"wp-block-post-featured-image\"><a href=\"https:\/\/laurentchani.fr\/en\/lart-de-negocier-avec-lia\/\" target=\"_self\"  style=\"height:150px\"><img loading=\"lazy\" decoding=\"async\" width=\"512\" height=\"768\" src=\"https:\/\/laurentchani.fr\/wp-content\/uploads\/@Big-Daddy-96-P.jpg\" class=\"attachment-post-thumbnail size-post-thumbnail wp-post-image\" alt=\"The art of negotiating with AI\" style=\"width:100%;height:100%;object-fit:cover;\" srcset=\"https:\/\/laurentchani.fr\/wp-content\/uploads\/@Big-Daddy-96-P.jpg 512w, https:\/\/laurentchani.fr\/wp-content\/uploads\/@Big-Daddy-96-P-200x300.jpg 200w, https:\/\/laurentchani.fr\/wp-content\/uploads\/@Big-Daddy-96-P-8x12.jpg 8w\" sizes=\"auto, (max-width: 512px) 100vw, 512px\" \/><\/a><\/figure>\n\n<h2 style=\"margin-bottom:0;\" class=\"wp-block-post-title has-x-large-font-size\"><a href=\"https:\/\/laurentchani.fr\/en\/lart-de-negocier-avec-lia\/\" target=\"_self\" >The art of negotiating with AI<\/a><\/h2>\n\n<div class=\"wp-block-post-excerpt has-small-font-size\"><p class=\"wp-block-post-excerpt__excerpt\">Is this a serious topic for an article about an author&#039;s relationship with their AI assistant, or just a catchy, slightly provocative hook for an advertisement? The aspiring author in me realizes I&#039;m constantly battling my AI assistant to get it to perform various tasks. But, in reality, the\u2026 <\/p><\/div>\n\n<a class=\"wp-block-read-more\" href=\"https:\/\/laurentchani.fr\/en\/lart-de-negocier-avec-lia\/\" target=\"_self\">Read more<span class=\"screen-reader-text\">: L\u2019art de n\u00e9gocier avec l\u2019IA<\/span><\/a>\n\n\n\n\n<div style=\"height:0px\" aria-hidden=\"true\" class=\"wp-block-spacer wp-container-content-32e3a40d\"><\/div>\n<\/div>\n\n<\/li><li class=\"wp-block-post post-4296 post type-post status-publish format-standard has-post-thumbnail hentry category-anecdotes category-autoedition category-ia category-infos-pertinentes category-processus-decriture category-projet-en-cours\">\n\n<div class=\"wp-block-group is-vertical is-nowrap is-layout-flex wp-container-core-group-is-layout-9bc6ff26 wp-block-group-is-layout-flex\"><figure style=\"aspect-ratio:3\/2;width:150px;height:150px; margin-bottom:var(--wp--preset--spacing--20);\" class=\"wp-block-post-featured-image\"><a href=\"https:\/\/laurentchani.fr\/en\/cap-sur-lautoedition\/\" target=\"_self\"  style=\"height:150px\"><img loading=\"lazy\" decoding=\"async\" width=\"512\" height=\"512\" src=\"https:\/\/laurentchani.fr\/wp-content\/uploads\/@Big-Daddy-94-P.jpg\" class=\"attachment-post-thumbnail size-post-thumbnail wp-post-image\" alt=\"Focus on self-publishing\" style=\"width:100%;height:100%;object-fit:cover;\" srcset=\"https:\/\/laurentchani.fr\/wp-content\/uploads\/@Big-Daddy-94-P.jpg 512w, https:\/\/laurentchani.fr\/wp-content\/uploads\/@Big-Daddy-94-P-300x300.jpg 300w, https:\/\/laurentchani.fr\/wp-content\/uploads\/@Big-Daddy-94-P-150x150.jpg 150w, https:\/\/laurentchani.fr\/wp-content\/uploads\/@Big-Daddy-94-P-12x12.jpg 12w\" sizes=\"auto, (max-width: 512px) 100vw, 512px\" \/><\/a><\/figure>\n\n<h2 style=\"margin-bottom:0;\" class=\"wp-block-post-title has-x-large-font-size\"><a href=\"https:\/\/laurentchani.fr\/en\/cap-sur-lautoedition\/\" target=\"_self\" >Focus on self-publishing<\/a><\/h2>\n\n<div class=\"wp-block-post-excerpt has-small-font-size\"><p class=\"wp-block-post-excerpt__excerpt\">It is said that in almost every home, a manuscript lies dormant at the bottom of a drawer. The desire to leave a written record of one&#039;s time on Earth is deeply rooted in us, even if, in our time, we are less and less inclined to recount an experience, a dream, or to keep a personal diary\u2026 <\/p><\/div>\n\n<a class=\"wp-block-read-more\" href=\"https:\/\/laurentchani.fr\/en\/cap-sur-lautoedition\/\" target=\"_self\">Read more<span class=\"screen-reader-text\">: Cap sur l\u2019auto\u00e9dition<\/span><\/a>\n\n\n\n\n<div style=\"height:0px\" aria-hidden=\"true\" class=\"wp-block-spacer wp-container-content-32e3a40d\"><\/div>\n<\/div>\n\n<\/li><\/ul>\n\n<nav class=\"wp-block-query-pagination is-content-justification-space-between is-layout-flex wp-container-core-query-pagination-is-layout-b2891da8 wp-block-query-pagination-is-layout-flex\" aria-label=\"Pagination\">\n\n\n<div class=\"wp-block-query-pagination-numbers\"><span aria-current=\"page\" class=\"page-numbers current\">1<\/span>\n<a class=\"page-numbers\" href=\"?query-9-page=2\">2<\/a>\n<a class=\"page-numbers\" href=\"?query-9-page=3\">3<\/a>\n<a class=\"page-numbers\" href=\"?query-9-page=4\">4<\/a><\/div>\n\n<a href=\"\/en\/wp-json\/wp\/v2\/pages\/1313?query-9-page=2\" class=\"wp-block-query-pagination-next\">Next Page<span class='wp-block-query-pagination-next-arrow is-arrow-arrow' aria-hidden='true'>\u2192<\/span><\/a>\n<\/nav><\/div>\n\n\n<\/div>","protected":false},"excerpt":{"rendered":"<p>L\u2019auteur se consid\u00e8re comme un \u00e9crivain en herbe, davantage attir\u00e9 par l\u2019\u00e9criture que par tout autre moyen d\u2019expression cr\u00e9ative explor\u00e9 au cours de sa vie \u2014 qu\u2019il s\u2019agisse de peinture, d\u2019art num\u00e9rique ou m\u00eame de programmation informatique, o\u00f9 la cr\u00e9ativit\u00e9 a \u00e9galement sa place. Conter des histoires lui appara\u00eet \u00e0 la fois comme une \u00e9chappatoire [&hellip;]<\/p>\n","protected":false},"author":1,"featured_media":851,"parent":0,"menu_order":0,"comment_status":"closed","ping_status":"closed","template":"","meta":{"_uag_custom_page_level_css":"","footnotes":""},"class_list":["post-1313","page","type-page","status-publish","has-post-thumbnail","hentry"],"blocksy_meta":[],"uagb_featured_image_src":{"full":["https:\/\/laurentchani.fr\/wp-content\/uploads\/2025\/07\/big-daddy-11-1.jpg",512,768,false],"thumbnail":["https:\/\/laurentchani.fr\/wp-content\/uploads\/2025\/07\/big-daddy-11-1-150x150.jpg",150,150,true],"medium":["https:\/\/laurentchani.fr\/wp-content\/uploads\/2025\/07\/big-daddy-11-1-200x300.jpg",200,300,true],"medium_large":["https:\/\/laurentchani.fr\/wp-content\/uploads\/2025\/07\/big-daddy-11-1.jpg",512,768,false],"large":["https:\/\/laurentchani.fr\/wp-content\/uploads\/2025\/07\/big-daddy-11-1.jpg",512,768,false],"1536x1536":["https:\/\/laurentchani.fr\/wp-content\/uploads\/2025\/07\/big-daddy-11-1.jpg",512,768,false],"2048x2048":["https:\/\/laurentchani.fr\/wp-content\/uploads\/2025\/07\/big-daddy-11-1.jpg",512,768,false],"trp-custom-language-flag":["https:\/\/laurentchani.fr\/wp-content\/uploads\/2025\/07\/big-daddy-11-1-8x12.jpg",8,12,true],"mailpoet_newsletter_max":["https:\/\/laurentchani.fr\/wp-content\/uploads\/2025\/07\/big-daddy-11-1.jpg",512,768,false]},"uagb_author_info":{"display_name":"admin5261","author_link":"https:\/\/laurentchani.fr\/en\/author\/admin5261\/"},"uagb_comment_info":0,"uagb_excerpt":"L\u2019auteur se consid\u00e8re comme un \u00e9crivain en herbe, davantage attir\u00e9 par l\u2019\u00e9criture que par tout autre moyen d\u2019expression cr\u00e9ative explor\u00e9 au cours de sa vie \u2014 qu\u2019il s\u2019agisse de peinture, d\u2019art num\u00e9rique ou m\u00eame de programmation informatique, o\u00f9 la cr\u00e9ativit\u00e9 a \u00e9galement sa place. Conter des histoires lui appara\u00eet \u00e0 la fois comme une \u00e9chappatoire&hellip;","_links":{"self":[{"href":"https:\/\/laurentchani.fr\/en\/wp-json\/wp\/v2\/pages\/1313","targetHints":{"allow":["GET"]}}],"collection":[{"href":"https:\/\/laurentchani.fr\/en\/wp-json\/wp\/v2\/pages"}],"about":[{"href":"https:\/\/laurentchani.fr\/en\/wp-json\/wp\/v2\/types\/page"}],"author":[{"embeddable":true,"href":"https:\/\/laurentchani.fr\/en\/wp-json\/wp\/v2\/users\/1"}],"replies":[{"embeddable":true,"href":"https:\/\/laurentchani.fr\/en\/wp-json\/wp\/v2\/comments?post=1313"}],"version-history":[{"count":3,"href":"https:\/\/laurentchani.fr\/en\/wp-json\/wp\/v2\/pages\/1313\/revisions"}],"predecessor-version":[{"id":4112,"href":"https:\/\/laurentchani.fr\/en\/wp-json\/wp\/v2\/pages\/1313\/revisions\/4112"}],"wp:featuredmedia":[{"embeddable":true,"href":"https:\/\/laurentchani.fr\/en\/wp-json\/wp\/v2\/media\/851"}],"wp:attachment":[{"href":"https:\/\/laurentchani.fr\/en\/wp-json\/wp\/v2\/media?parent=1313"}],"curies":[{"name":"wp","href":"https:\/\/api.w.org\/{rel}","templated":true}]}}