{"id":1312,"date":"2025-07-30T18:22:03","date_gmt":"2025-07-30T16:22:03","guid":{"rendered":"https:\/\/laurentchani.com\/?page_id=822"},"modified":"2025-09-14T14:11:48","modified_gmt":"2025-09-14T12:11:48","slug":"writing-2","status":"publish","type":"page","link":"https:\/\/laurentchani.fr\/en\/lecriture-2\/","title":{"rendered":"Writing"},"content":{"rendered":"<figure class=\"wp-block-image aligncenter size-medium\"><a href=\"https:\/\/laurentchani.fr\/wp-content\/uploads\/2025\/07\/big-daddy-15-1.jpg\"><img loading=\"lazy\" decoding=\"async\" width=\"300\" height=\"300\" src=\"https:\/\/laurentchani.fr\/wp-content\/uploads\/2025\/07\/big-daddy-15-1-300x300.jpg\" alt=\"A science fiction novelist, like a conductor, leads a hall filled with giant quills on chairs, surrounded by scattered pages\" class=\"wp-image-830\" srcset=\"https:\/\/laurentchani.fr\/wp-content\/uploads\/2025\/07\/big-daddy-15-1-300x300.jpg 300w, https:\/\/laurentchani.fr\/wp-content\/uploads\/2025\/07\/big-daddy-15-1-150x150.jpg 150w, https:\/\/laurentchani.fr\/wp-content\/uploads\/2025\/07\/big-daddy-15-1-12x12.jpg 12w, https:\/\/laurentchani.fr\/wp-content\/uploads\/2025\/07\/big-daddy-15-1.jpg 512w\" sizes=\"auto, (max-width: 300px) 100vw, 300px\" \/><\/a><\/figure>\n\n\n\n<p class=\"has-text-align-justify has-medium-font-size\">In this <strong>page<\/strong>, I share the <strong>path<\/strong> of my stories, of the first spark of<strong>inspiration<\/strong> to the final version. You will discover how my <strong>ideas<\/strong> turn into <strong>intrigues<\/strong>, how I select the <strong>quotes<\/strong> which mark my texts to give them a particular resonance, and how I use the<strong>artificial intelligence<\/strong> as a support tool: not to write for me, but to test avenues, explore formulations and refine my <strong>style<\/strong>. It is an immersion in the<strong>intimacy of writing<\/strong>, where every word counts and where the<strong>imaginary<\/strong> takes shape.<\/p>\n\n\n\n<div class=\"wp-block-group has-contrast-3-color has-text-color has-link-color wp-elements-31741188785b3260fdca1dddb6829795 is-layout-constrained wp-block-group-is-layout-constrained\" style=\"border-width:1px;border-radius:14px\">\n<div class=\"wp-block-columns is-layout-flex wp-container-core-columns-is-layout-28f84493 wp-block-columns-is-layout-flex\">\n<div class=\"wp-block-column is-layout-flow wp-block-column-is-layout-flow\" style=\"flex-basis:100%\"><\/div>\n<\/div>\n\n\n\n<div class=\"wp-block-group is-layout-constrained wp-block-group-is-layout-constrained\">\n<h2 class=\"wp-block-heading has-text-align-center is-style-default\"><a href=\"http:\/\/laurentchani.fr\/en\/process\/\">Process<\/a><\/h2>\n\n\n\n<div class=\"wp-block-group is-layout-constrained wp-block-group-is-layout-constrained\">\n<figure class=\"wp-block-image aligncenter size-full is-resized\"><a href=\"https:\/\/laurentchani.fr\/wp-content\/uploads\/@Big-Daddy-11.jpg\"><img loading=\"lazy\" decoding=\"async\" width=\"512\" height=\"768\" src=\"https:\/\/laurentchani.fr\/wp-content\/uploads\/@Big-Daddy-11.jpg\" alt=\"The author looks at the inside of a wall clock with its mechanism and pendulum.\" class=\"wp-image-3551\" style=\"object-fit:contain;width:150px;height:150px\" srcset=\"https:\/\/laurentchani.fr\/wp-content\/uploads\/@Big-Daddy-11.jpg 512w, https:\/\/laurentchani.fr\/wp-content\/uploads\/@Big-Daddy-11-200x300.jpg 200w\" sizes=\"auto, (max-width: 512px) 100vw, 512px\" \/><\/a><\/figure>\n\n\n\n<div class=\"wp-block-buttons alignwide is-content-justification-center is-layout-flex wp-container-core-buttons-is-layout-a89b3969 wp-block-buttons-is-layout-flex\">\n<div class=\"wp-block-button\"><a class=\"wp-block-button__link has-accent-5-color has-base-2-background-color has-text-color has-background has-link-color has-text-align-center wp-element-button\" href=\"https:\/\/laurentchani.fr\/en\/process\/\" style=\"border-radius:14px\">Author&#039;s writing process<\/a><\/div>\n<\/div>\n<\/div>\n<\/div>\n\n\n\n<div class=\"wp-block-group is-layout-constrained wp-block-group-is-layout-constrained\">\n<h2 class=\"wp-block-heading has-text-align-center has-contrast-3-color has-text-color has-link-color wp-elements-b093fb559e5d5072bbaaca12905d9fbb\"><a href=\"https:\/\/laurentchani.fr\/en\/quotes\/\">Quotes<\/a><\/h2>\n\n\n\n<div class=\"wp-block-group is-layout-constrained wp-block-group-is-layout-constrained\">\n<figure class=\"wp-block-image aligncenter size-full is-resized\"><a href=\"https:\/\/laurentchani.wordpress.com\/wp-content\/uploads\/2025\/07\/big-daddy-13.jpg\"><img decoding=\"async\" src=\"https:\/\/laurentchani.wordpress.com\/wp-content\/uploads\/2025\/07\/big-daddy-13.jpg\" alt=\"The author is dressed in a Roman toga and holds a book in his hand. He emphatically expresses a quote from the book.\" class=\"wp-image-848\" style=\"object-fit:contain;width:150px;height:150px\"\/><\/a><\/figure>\n\n\n\n<div class=\"wp-block-buttons alignwide is-content-justification-center is-layout-flex wp-container-core-buttons-is-layout-a89b3969 wp-block-buttons-is-layout-flex\">\n<div class=\"wp-block-button\"><a class=\"wp-block-button__link has-accent-5-color has-base-2-background-color has-text-color has-background has-link-color has-text-align-center wp-element-button\" href=\"https:\/\/laurentchani.fr\/en\/quotes\/\" style=\"border-radius:14px\">Quotes that the author likes in works<\/a><\/div>\n<\/div>\n<\/div>\n<\/div>\n\n\n\n<div class=\"wp-block-group is-layout-constrained wp-block-group-is-layout-constrained\">\n<h2 class=\"wp-block-heading has-text-align-center\"><a href=\"https:\/\/laurentchani.fr\/en\/lia-and-writing\/\">AI and writing<\/a><\/h2>\n\n\n\n<div class=\"wp-block-group is-layout-constrained wp-block-group-is-layout-constrained\">\n<figure class=\"wp-block-image aligncenter size-full is-resized\"><a href=\"https:\/\/laurentchani.fr\/wp-content\/uploads\/2025\/07\/big-daddy-16-1-1.jpg\"><img decoding=\"async\" src=\"https:\/\/laurentchani.wordpress.com\/wp-content\/uploads\/2025\/07\/big-daddy-16-1.jpg\" alt=\"Artificial intelligence (AI) is an integral part of the writing process. AI is the author&#039;s best friend as both reader and proofreader. The scene depicts a robot painter making adjustments to a painting. The author stands behind him, puzzled, arms crossed.\" class=\"wp-image-866\" style=\"object-fit:contain;width:150px;height:150px\"\/><\/a><\/figure>\n\n\n\n<div class=\"wp-block-buttons alignwide is-content-justification-center is-layout-flex wp-container-core-buttons-is-layout-a89b3969 wp-block-buttons-is-layout-flex\">\n<div class=\"wp-block-button\"><a class=\"wp-block-button__link has-accent-5-color has-base-2-background-color has-text-color has-background has-link-color has-text-align-center wp-element-button\" href=\"https:\/\/laurentchani.fr\/en\/lia-and-writing\/\" style=\"border-radius:14px\">How AI is a tool for the author<\/a><\/div>\n<\/div>\n<\/div>\n\n\n\n<p><\/p>\n<\/div>\n<\/div>","protected":false},"excerpt":{"rendered":"<p>Dans cette page, je partage le cheminement de mes r\u00e9cits, de la premi\u00e8re \u00e9tincelle d\u2019inspiration jusqu\u2019\u00e0 la version finale. Vous y d\u00e9couvrirez comment mes id\u00e9es se transforment en intrigues, comment je s\u00e9lectionne les citations qui jalonnent mes textes pour leur donner une r\u00e9sonance particuli\u00e8re, et comment j\u2019utilise l\u2019intelligence artificielle comme un outil d\u2019accompagnement : non [&hellip;]<\/p>\n","protected":false},"author":2,"featured_media":830,"parent":0,"menu_order":0,"comment_status":"closed","ping_status":"closed","template":"","meta":{"_uag_custom_page_level_css":"","footnotes":""},"class_list":["post-1312","page","type-page","status-publish","has-post-thumbnail","hentry"],"blocksy_meta":[],"uagb_featured_image_src":{"full":["https:\/\/laurentchani.fr\/wp-content\/uploads\/2025\/07\/big-daddy-15-1.jpg",512,512,false],"thumbnail":["https:\/\/laurentchani.fr\/wp-content\/uploads\/2025\/07\/big-daddy-15-1-150x150.jpg",150,150,true],"medium":["https:\/\/laurentchani.fr\/wp-content\/uploads\/2025\/07\/big-daddy-15-1-300x300.jpg",300,300,true],"medium_large":["https:\/\/laurentchani.fr\/wp-content\/uploads\/2025\/07\/big-daddy-15-1.jpg",512,512,false],"large":["https:\/\/laurentchani.fr\/wp-content\/uploads\/2025\/07\/big-daddy-15-1.jpg",512,512,false],"1536x1536":["https:\/\/laurentchani.fr\/wp-content\/uploads\/2025\/07\/big-daddy-15-1.jpg",512,512,false],"2048x2048":["https:\/\/laurentchani.fr\/wp-content\/uploads\/2025\/07\/big-daddy-15-1.jpg",512,512,false],"trp-custom-language-flag":["https:\/\/laurentchani.fr\/wp-content\/uploads\/2025\/07\/big-daddy-15-1-12x12.jpg",12,12,true],"mailpoet_newsletter_max":["https:\/\/laurentchani.fr\/wp-content\/uploads\/2025\/07\/big-daddy-15-1.jpg",512,512,false]},"uagb_author_info":{"display_name":"Laurent CHANI","author_link":"https:\/\/laurentchani.fr\/en\/author\/laurentchojnowski970fe415b2\/"},"uagb_comment_info":0,"uagb_excerpt":"Dans cette page, je partage le cheminement de mes r\u00e9cits, de la premi\u00e8re \u00e9tincelle d\u2019inspiration jusqu\u2019\u00e0 la version finale. Vous y d\u00e9couvrirez comment mes id\u00e9es se transforment en intrigues, comment je s\u00e9lectionne les citations qui jalonnent mes textes pour leur donner une r\u00e9sonance particuli\u00e8re, et comment j\u2019utilise l\u2019intelligence artificielle comme un outil d\u2019accompagnement : non&hellip;","_links":{"self":[{"href":"https:\/\/laurentchani.fr\/en\/wp-json\/wp\/v2\/pages\/1312","targetHints":{"allow":["GET"]}}],"collection":[{"href":"https:\/\/laurentchani.fr\/en\/wp-json\/wp\/v2\/pages"}],"about":[{"href":"https:\/\/laurentchani.fr\/en\/wp-json\/wp\/v2\/types\/page"}],"author":[{"embeddable":true,"href":"https:\/\/laurentchani.fr\/en\/wp-json\/wp\/v2\/users\/2"}],"replies":[{"embeddable":true,"href":"https:\/\/laurentchani.fr\/en\/wp-json\/wp\/v2\/comments?post=1312"}],"version-history":[{"count":9,"href":"https:\/\/laurentchani.fr\/en\/wp-json\/wp\/v2\/pages\/1312\/revisions"}],"predecessor-version":[{"id":4062,"href":"https:\/\/laurentchani.fr\/en\/wp-json\/wp\/v2\/pages\/1312\/revisions\/4062"}],"wp:featuredmedia":[{"embeddable":true,"href":"https:\/\/laurentchani.fr\/en\/wp-json\/wp\/v2\/media\/830"}],"wp:attachment":[{"href":"https:\/\/laurentchani.fr\/en\/wp-json\/wp\/v2\/media?parent=1312"}],"curies":[{"name":"wp","href":"https:\/\/api.w.org\/{rel}","templated":true}]}}